{"id":4897,"date":"2025-11-12T15:47:16","date_gmt":"2025-11-12T15:47:16","guid":{"rendered":"https:\/\/saphirsmaragd.com\/?post_type=product&#038;p=4897"},"modified":"2025-12-29T18:49:35","modified_gmt":"2025-12-29T18:49:35","slug":"tuerkis-1-26-karat-cabochon-blau","status":"publish","type":"product","link":"https:\/\/saphirsmaragd.com\/tr\/urun\/tuerkis-1-26-karat-cabochon-blau\/","title":{"rendered":"Turkuaz 1,26 karat kaba\u015fon mavi - cennet gibi bir renk tonuna sahip do\u011fal de\u011ferli ta\u015f"},"content":{"rendered":"<div id=\"ez-toc-container\" class=\"ez-toc-v2_0_82_2 counter-hierarchy ez-toc-counter ez-toc-grey ez-toc-container-direction\">\n<div class=\"ez-toc-title-container\">\n<p class=\"ez-toc-title\" style=\"cursor:inherit\">\u0130\u00e7indekiler<\/p>\n<span class=\"ez-toc-title-toggle\"><a href=\"#\" class=\"ez-toc-pull-right ez-toc-btn ez-toc-btn-xs ez-toc-btn-default ez-toc-toggle\" aria-label=\"\u0130\u00e7indekiler Tablosunu A\u00e7\/Kapat\"><span class=\"ez-toc-js-icon-con\"><span class=\"\"><span class=\"eztoc-hide\" style=\"display:none;\">Ge\u00e7i\u015f<\/span><span class=\"ez-toc-icon-toggle-span\"><svg style=\"fill: #999;color:#999\" xmlns=\"http:\/\/www.w3.org\/2000\/svg\" class=\"list-377408\" width=\"20px\" height=\"20px\" viewbox=\"0 0 24 24\" fill=\"none\"><path d=\"M6 6H4v2h2V6zm14 0H8v2h12V6zM4 11h2v2H4v-2zm16 0H8v2h12v-2zM4 16h2v2H4v-2zm16 0H8v2h12v-2z\" fill=\"currentColor\"><\/path><\/svg><svg style=\"fill: #999;color:#999\" class=\"arrow-unsorted-368013\" xmlns=\"http:\/\/www.w3.org\/2000\/svg\" width=\"10px\" height=\"10px\" viewbox=\"0 0 24 24\" version=\"1.2\" baseprofile=\"tiny\"><path d=\"M18.2 9.3l-6.2-6.3-6.2 6.3c-.2.2-.3.4-.3.7s.1.5.3.7c.2.2.4.3.7.3h11c.3 0 .5-.1.7-.3.2-.2.3-.5.3-.7s-.1-.5-.3-.7zM5.8 14.7l6.2 6.3 6.2-6.3c.2-.2.3-.5.3-.7s-.1-.5-.3-.7c-.2-.2-.4-.3-.7-.3h-11c-.3 0-.5.1-.7.3-.2.2-.3.5-.3.7s.1.5.3.7z\"\/><\/svg><\/span><\/span><\/span><\/a><\/span><\/div>\n<nav><ul class='ez-toc-list ez-toc-list-level-1' ><li class='ez-toc-page-1 ez-toc-heading-level-4'><a class=\"ez-toc-link ez-toc-heading-1\" href=\"https:\/\/saphirsmaragd.com\/tr\/urun\/tuerkis-1-26-karat-cabochon-blau\/#Turkis_126_Karat_Cabochon_Blau_%E2%80%93_seltener_Naturstein_aus_dem_Iran\" >T\u00fcrkis 1.26 Karat Cabochon Blau \u2013 seltener Naturstein aus dem Iran<\/a><\/li><li class='ez-toc-page-1 ez-toc-heading-level-4'><a class=\"ez-toc-link ez-toc-heading-2\" href=\"https:\/\/saphirsmaragd.com\/tr\/urun\/tuerkis-1-26-karat-cabochon-blau\/#Merkmale_Herkunft\" >\u00d6zellikler ve K\u00f6ken<\/a><\/li><li class='ez-toc-page-1 ez-toc-heading-level-4'><a class=\"ez-toc-link ez-toc-heading-3\" href=\"https:\/\/saphirsmaragd.com\/tr\/urun\/tuerkis-1-26-karat-cabochon-blau\/#Besonderheiten\" >\u00d6zel \u00f6zellikler<\/a><\/li><li class='ez-toc-page-1 ez-toc-heading-level-4'><a class=\"ez-toc-link ez-toc-heading-4\" href=\"https:\/\/saphirsmaragd.com\/tr\/urun\/tuerkis-1-26-karat-cabochon-blau\/#Mehr_uber_unsere_Edelsteine\" >De\u011ferli ta\u015flar\u0131m\u0131z hakk\u0131nda daha fazla bilgi<\/a><\/li><li class='ez-toc-page-1 ez-toc-heading-level-4'><a class=\"ez-toc-link ez-toc-heading-5\" href=\"https:\/\/saphirsmaragd.com\/tr\/urun\/tuerkis-1-26-karat-cabochon-blau\/#Weitere_Infos\" >Daha fazla bilgi<\/a><\/li><\/ul><\/nav><\/div>\n<h4 data-start=\"776\" data-end=\"849\"><span class=\"ez-toc-section\" id=\"Turkis_126_Karat_Cabochon_Blau_%E2%80%93_seltener_Naturstein_aus_dem_Iran\"><\/span>T\u00fcrkis 1.26 Karat Cabochon Blau \u2013 seltener Naturstein aus dem Iran<span class=\"ez-toc-section-end\"><\/span><\/h4>\n<p data-start=\"850\" data-end=\"1095\">Bu <strong data-start=\"854\" data-end=\"889\">T\u00fcrkis 1.26 Karat Cabochon Blau<\/strong> fasziniert durch sein sanftes, himmlisches Blau und seine charakteristische Maserung. Dieser nat\u00fcrliche Edelstein stammt aus dem Iran, einem der traditionsreichsten F\u00f6rdergebiete f\u00fcr hochwertigen T\u00fcrkis.<\/p>\n<p data-start=\"1097\" data-end=\"1336\">Als unbehandelter Naturstein wurde dieser T\u00fcrkis <strong data-start=\"1146\" data-end=\"1181\">nicht stabilisiert oder gef\u00e4rbt<\/strong>, wodurch seine authentische Struktur mit feinen Matrixlinien erhalten bleibt. Er zeigt eine glatte Cabochon-Oberfl\u00e4che, die das Licht weich reflektiert.<\/p>\n<p data-start=\"1338\" data-end=\"1496\">Jeder Stein wird von <strong data-start=\"1359\" data-end=\"1396\">Val\u00e9rie DURAFFOURG (Gem-A Londra)<\/strong> gepr\u00fcft und mit einem offiziellen Zertifikat ausgeliefert \u2013 ein Garant f\u00fcr Echtheit und Qualit\u00e4t.<\/p>\n<hr data-start=\"1498\" data-end=\"1501\" \/>\n<h4 data-start=\"1503\" data-end=\"1529\"><span class=\"ez-toc-section\" id=\"Merkmale_Herkunft\"><\/span>\u00d6zellikler ve K\u00f6ken<span class=\"ez-toc-section-end\"><\/span><\/h4>\n<p data-start=\"1530\" data-end=\"1906\">Steinart: T\u00fcrkis<br data-start=\"1546\" data-end=\"1549\" \/>Farbe: Himmelblau<br data-start=\"1566\" data-end=\"1569\" \/>Form: Oval Cabochon<br data-start=\"1588\" data-end=\"1591\" \/>Gewicht: 1.26 Karat<br data-start=\"1610\" data-end=\"1613\" \/>Gr\u00f6\u00dfe: 9 \u00d7 6.4 mm<br data-start=\"1630\" data-end=\"1633\" \/>Dicke: 3.65 mm<br data-start=\"1647\" data-end=\"1650\" \/>H\u00e4rte: 6 auf der Mohs-Skala<br data-start=\"1677\" data-end=\"1680\" \/>Reinheit: Mit blo\u00dfem Auge sichtbarer feiner Oberfl\u00e4chenriss<br data-start=\"1739\" data-end=\"1742\" \/>Transparenz: Undurchsichtig<br data-start=\"1769\" data-end=\"1772\" \/>Behandlung: Keine (unbehandelt, nicht stabilisiert)<br data-start=\"1823\" data-end=\"1826\" \/>Herkunft: Iran<br data-start=\"1840\" data-end=\"1843\" \/>Sertifika: Val\u00e9rie DURAFFOURG (Gem-A, Londra)<br data-start=\"1889\" data-end=\"1892\" \/>Durum: Yeni<\/p>\n<hr data-start=\"1908\" data-end=\"1911\" \/>\n<h4 data-start=\"1913\" data-end=\"1934\"><span class=\"ez-toc-section\" id=\"Besonderheiten\"><\/span>\u00d6zel \u00f6zellikler<span class=\"ez-toc-section-end\"><\/span><\/h4>\n<p data-start=\"1935\" data-end=\"2223\">Bu <strong data-start=\"1939\" data-end=\"1974\">T\u00fcrkis 1.26 Karat Cabochon Blau<\/strong> ist ein besonders harmonischer Edelstein mit einer intensiven, nat\u00fcrlichen Farbe. Ein kleiner, kaum sichtbarer Riss auf der Oberfl\u00e4che mindert die Sch\u00f6nheit des Steins nicht, sondern unterstreicht seine Authentizit\u00e4t als unbehandeltes Naturst\u00fcck.<\/p>\n<p data-start=\"2225\" data-end=\"2453\">T\u00fcrkis gilt als Symbol f\u00fcr Schutz, St\u00e4rke und positive Energie. Dank seines charakteristischen Blaus und seiner nat\u00fcrlichen Oberfl\u00e4che eignet er sich sowohl f\u00fcr Sammler als auch f\u00fcr die Anfertigung individueller Schmuckst\u00fccke.<\/p>\n<hr data-start=\"2070\" data-end=\"2073\" \/>\n<h4 data-start=\"1931\" data-end=\"1971\"><span class=\"ez-toc-section\" id=\"Mehr_uber_unsere_Edelsteine\"><\/span>De\u011ferli ta\u015flar\u0131m\u0131z hakk\u0131nda daha fazla bilgi<span class=\"ez-toc-section-end\"><\/span><\/h4>\n<p data-start=\"1972\" data-end=\"2069\"><a href=\"https:\/\/saphirsmaragd.com\/tr\/product-category\/edelsteine-kaufen\/\">de\u011ferli ta\u015flar<\/a><\/p>\n<hr data-start=\"2744\" data-end=\"2747\" \/>\n<h4 data-start=\"2665\" data-end=\"2688\"><span class=\"ez-toc-section\" id=\"Weitere_Infos\"><\/span>Daha fazla bilgi<span class=\"ez-toc-section-end\"><\/span><\/h4>\n<p data-start=\"2627\" data-end=\"2691\"><a class=\"decorated-link cursor-pointer\" href=\"https:\/\/de.wikipedia.org\/wiki\/T%C3%BCrkis\" target=\"_new\" rel=\"noopener\" data-start=\"2627\" data-end=\"2689\">Wikipedia: T\u00fcrkis<\/a><\/p>","protected":false},"excerpt":{"rendered":"<p data-start=\"454\" data-end=\"638\"><em>Der T\u00fcrkis 1.26 Karat Cabochon Blau aus dem Iran beeindruckt durch sein himmlisches Blau und nat\u00fcrliche Struktur. Echtheitszertifikat von Val\u00e9rie DURAFFOURG (Gem-A London) inklusive.<\/em><\/p>\n<h2 data-start=\"523\" data-end=\"548\"><\/h2>","protected":false},"featured_media":4901,"comment_status":"open","ping_status":"closed","template":"","meta":{"_glsr_average":0,"_glsr_ranking":0,"_glsr_reviews":0},"product_brand":[],"product_cat":[305],"product_tag":[],"class_list":{"0":"post-4897","1":"product","2":"type-product","3":"status-publish","4":"has-post-thumbnail","6":"product_cat-seltene-edelsteine","7":"pa_edelsteinart-seltene-edelsteine","8":"pa_farbe-blau","9":"pa_form-oval","10":"pa_gewicht-karat-1-0-3-0-karat","11":"pa_herkunft-iran","12":"pa_reinheit-undurchsichtig","13":"pa_veredelung-behandlung-unbehandelt","14":"pa_zertifikat-ja","15":"pa_zustand-neu","17":"first","18":"instock","19":"featured","20":"sold-individually","21":"shipping-taxable","22":"purchasable","23":"product-type-simple","24":"add-to-wishlist-before_image"},"jetpack_sharing_enabled":true,"_links":{"self":[{"href":"https:\/\/saphirsmaragd.com\/tr\/wp-json\/wp\/v2\/product\/4897","targetHints":{"allow":["GET"]}}],"collection":[{"href":"https:\/\/saphirsmaragd.com\/tr\/wp-json\/wp\/v2\/product"}],"about":[{"href":"https:\/\/saphirsmaragd.com\/tr\/wp-json\/wp\/v2\/types\/product"}],"replies":[{"embeddable":true,"href":"https:\/\/saphirsmaragd.com\/tr\/wp-json\/wp\/v2\/comments?post=4897"}],"version-history":[{"count":1,"href":"https:\/\/saphirsmaragd.com\/tr\/wp-json\/wp\/v2\/product\/4897\/revisions"}],"predecessor-version":[{"id":4902,"href":"https:\/\/saphirsmaragd.com\/tr\/wp-json\/wp\/v2\/product\/4897\/revisions\/4902"}],"wp:featuredmedia":[{"embeddable":true,"href":"https:\/\/saphirsmaragd.com\/tr\/wp-json\/wp\/v2\/media\/4901"}],"wp:attachment":[{"href":"https:\/\/saphirsmaragd.com\/tr\/wp-json\/wp\/v2\/media?parent=4897"}],"wp:term":[{"taxonomy":"product_brand","embeddable":true,"href":"https:\/\/saphirsmaragd.com\/tr\/wp-json\/wp\/v2\/product_brand?post=4897"},{"taxonomy":"product_cat","embeddable":true,"href":"https:\/\/saphirsmaragd.com\/tr\/wp-json\/wp\/v2\/product_cat?post=4897"},{"taxonomy":"product_tag","embeddable":true,"href":"https:\/\/saphirsmaragd.com\/tr\/wp-json\/wp\/v2\/product_tag?post=4897"}],"curies":[{"name":"wp","href":"https:\/\/api.w.org\/{rel}","templated":true}]}}