{"id":5318,"date":"2025-11-17T03:51:45","date_gmt":"2025-11-17T03:51:45","guid":{"rendered":"https:\/\/saphirsmaragd.com\/?post_type=product&#038;p=5318"},"modified":"2025-12-05T10:21:09","modified_gmt":"2025-12-05T10:21:09","slug":"pentium-quartz-selbstheilungskristall","status":"publish","type":"product","link":"https:\/\/saphirsmaragd.com\/tr\/urun\/pentium-quartz-selbstheilungskristall\/","title":{"rendered":"Pentium Quartz Selbstheilungskristall \u2013 3346 g \u2013 Heilstein f\u00fcr Selbstheilung, Schutz und spirituelles Wachstum"},"content":{"rendered":"<div id=\"ez-toc-container\" class=\"ez-toc-v2_0_82_2 counter-hierarchy ez-toc-counter ez-toc-grey ez-toc-container-direction\">\n<div class=\"ez-toc-title-container\">\n<p class=\"ez-toc-title\" style=\"cursor:inherit\">\u0130\u00e7indekiler<\/p>\n<span class=\"ez-toc-title-toggle\"><a href=\"#\" class=\"ez-toc-pull-right ez-toc-btn ez-toc-btn-xs ez-toc-btn-default ez-toc-toggle\" aria-label=\"\u0130\u00e7indekiler Tablosunu A\u00e7\/Kapat\"><span class=\"ez-toc-js-icon-con\"><span class=\"\"><span class=\"eztoc-hide\" style=\"display:none;\">Ge\u00e7i\u015f<\/span><span class=\"ez-toc-icon-toggle-span\"><svg style=\"fill: #999;color:#999\" xmlns=\"http:\/\/www.w3.org\/2000\/svg\" class=\"list-377408\" width=\"20px\" height=\"20px\" viewbox=\"0 0 24 24\" fill=\"none\"><path d=\"M6 6H4v2h2V6zm14 0H8v2h12V6zM4 11h2v2H4v-2zm16 0H8v2h12v-2zM4 16h2v2H4v-2zm16 0H8v2h12v-2z\" fill=\"currentColor\"><\/path><\/svg><svg style=\"fill: #999;color:#999\" class=\"arrow-unsorted-368013\" xmlns=\"http:\/\/www.w3.org\/2000\/svg\" width=\"10px\" height=\"10px\" viewbox=\"0 0 24 24\" version=\"1.2\" baseprofile=\"tiny\"><path d=\"M18.2 9.3l-6.2-6.3-6.2 6.3c-.2.2-.3.4-.3.7s.1.5.3.7c.2.2.4.3.7.3h11c.3 0 .5-.1.7-.3.2-.2.3-.5.3-.7s-.1-.5-.3-.7zM5.8 14.7l6.2 6.3 6.2-6.3c.2-.2.3-.5.3-.7s-.1-.5-.3-.7c-.2-.2-.4-.3-.7-.3h-11c-.3 0-.5.1-.7.3-.2.2-.3.5-.3.7s.1.5.3.7z\"\/><\/svg><\/span><\/span><\/span><\/a><\/span><\/div>\n<nav><ul class='ez-toc-list ez-toc-list-level-1' ><li class='ez-toc-page-1 ez-toc-heading-level-4'><a class=\"ez-toc-link ez-toc-heading-1\" href=\"https:\/\/saphirsmaragd.com\/tr\/urun\/pentium-quartz-selbstheilungskristall\/#Pentium_Quartz_Selbstheilungskristall_%E2%80%93_3346_g_%E2%80%93_Heilstein_aus_Madagaskar\" >Pentium Quartz Selbstheilungskristall \u2013 3346 g \u2013 Heilstein aus Madagaskar<\/a><\/li><li class='ez-toc-page-1 ez-toc-heading-level-4'><a class=\"ez-toc-link ez-toc-heading-2\" href=\"https:\/\/saphirsmaragd.com\/tr\/urun\/pentium-quartz-selbstheilungskristall\/#_Merkmale_Herkunft\" >\u00a0\u00d6zellikler ve K\u00f6ken<\/a><\/li><li class='ez-toc-page-1 ez-toc-heading-level-4'><a class=\"ez-toc-link ez-toc-heading-3\" href=\"https:\/\/saphirsmaragd.com\/tr\/urun\/pentium-quartz-selbstheilungskristall\/#_Besonderheiten\" >\u00a0\u00d6zel \u00f6zellikler<\/a><\/li><li class='ez-toc-page-1 ez-toc-heading-level-4'><a class=\"ez-toc-link ez-toc-heading-4\" href=\"https:\/\/saphirsmaragd.com\/tr\/urun\/pentium-quartz-selbstheilungskristall\/#_Mehr_uber_Pentium_Quartz_Bergkristall_Heilsteine\" >\u00a0Mehr \u00fcber Pentium Quartz, Bergkristall &amp; Heilsteine<\/a><\/li><li class='ez-toc-page-1 ez-toc-heading-level-4'><a class=\"ez-toc-link ez-toc-heading-5\" href=\"https:\/\/saphirsmaragd.com\/tr\/urun\/pentium-quartz-selbstheilungskristall\/#_Weitere_Infos\" >\u00a0Daha fazla bilgi<\/a><\/li><\/ul><\/nav><\/div>\n<h4 data-start=\"224\" data-end=\"305\"><span class=\"ez-toc-section\" id=\"Pentium_Quartz_Selbstheilungskristall_%E2%80%93_3346_g_%E2%80%93_Heilstein_aus_Madagaskar\"><\/span><strong data-start=\"226\" data-end=\"303\">Pentium Quartz Selbstheilungskristall \u2013 3346 g \u2013 Heilstein aus Madagaskar<\/strong><span class=\"ez-toc-section-end\"><\/span><\/h4>\n<p data-start=\"306\" data-end=\"500\">Der Pentium Quartz Selbstheilungskristall aus Madagaskar ist ein kraftvoller Heilstein, der k\u00f6rperliche und emotionale Selbstheilung, Reinigung, Schutz und spirituelles Wachstum unterst\u00fctzt.<\/p>\n<hr data-start=\"502\" data-end=\"505\" \/>\n<h4 data-start=\"507\" data-end=\"532\"><span class=\"ez-toc-section\" id=\"_Merkmale_Herkunft\"><\/span>\u00a0\u00d6zellikler ve K\u00f6ken<span class=\"ez-toc-section-end\"><\/span><\/h4>\n<p data-start=\"533\" data-end=\"886\">Farbe: Transparent mit spekularithaltigen Einschl\u00fcssen<br data-start=\"587\" data-end=\"590\" \/>Form: Punkt \/ teilweise poliert \/ Selbstheilung-R\u00fcckseite<br data-start=\"647\" data-end=\"650\" \/>Men\u015fei: Madagaskar<br data-start=\"670\" data-end=\"673\" \/>Gewicht: 3346 g<br data-start=\"688\" data-end=\"691\" \/>Ma\u00dfe: 29 \u00d7 20 \u00d7 6 cm<br data-start=\"711\" data-end=\"714\" \/>Reinheit: Nat\u00fcrlich mit Einschl\u00fcsse und Unvollkommenheiten<br data-start=\"772\" data-end=\"775\" \/>Tedavi: Tedavi edilmemi\u015f<br data-start=\"832\" data-end=\"835\" \/>Steinart: Pentium Quartz \/ Bergkristall \/ H\u00e4matit<\/p>\n<hr data-start=\"888\" data-end=\"891\" \/>\n<h4 data-start=\"893\" data-end=\"915\"><span class=\"ez-toc-section\" id=\"_Besonderheiten\"><\/span>\u00a0\u00d6zel \u00f6zellikler<span class=\"ez-toc-section-end\"><\/span><\/h4>\n<p data-start=\"916\" data-end=\"1039\">Der Pentium Quartz Selbstheilungskristall vereint die Wirkungen von Selbstheilungskristall, Bergkristall und H\u00e4matit.<\/p>\n<p data-start=\"1318\" data-end=\"1728\">Bergkristall reinigt und harmonisiert K\u00f6rper, Aura und Chakras, sch\u00fctzt vor negativen Einfl\u00fcssen wie Strahlung, Umweltbelastungen oder negativer Energie, f\u00f6rdert Klarheit, Konzentration und geistige Neutralit\u00e4t. Er kann programmierbar f\u00fcr Affirmationen oder bestimmte Ziele genutzt werden, verst\u00e4rkt die Wirkung anderer Steine und eignet sich hervorragend zum Reinigen von R\u00e4umen und Aufladen von Kristallen.<\/p>\n<p data-start=\"1730\" data-end=\"2169\">H\u00e4matit wirkt stark erdend, reinigend und sch\u00fctzend. Er absorbiert negative Energie und Strahlung, stabilisiert Aura und Chakras, f\u00f6rdert Mut, Willenskraft, Selbstvertrauen und reduziert Stress. Mental unterst\u00fctzt er Konzentration, Ged\u00e4chtnis und Informationsverarbeitung. Physisch kann H\u00e4matit Schmerzen lindern, die Blutzirkulation verbessern, bei An\u00e4mie, Menstruationsbeschwerden oder Entgiftung helfen und emotionale Blockaden l\u00f6sen.<\/p>\n<hr data-start=\"2171\" data-end=\"2174\" \/>\n<h4 data-start=\"2176\" data-end=\"2235\"><span class=\"ez-toc-section\" id=\"_Mehr_uber_Pentium_Quartz_Bergkristall_Heilsteine\"><\/span>\u00a0Mehr \u00fcber Pentium Quartz, Bergkristall &amp; Heilsteine<span class=\"ez-toc-section-end\"><\/span><\/h4>\n<p data-start=\"2236\" data-end=\"2279\"><a href=\"https:\/\/saphirsmaragd.com\/tr\/product-category\/heilsteine-kristalle-kaufen\/\">\u015eifal\u0131 ta\u015flar ve kristaller<\/a> | Safir &amp; Z\u00fcmr\u00fct<\/p>\n<hr data-start=\"2281\" data-end=\"2284\" \/>\n<h4 data-start=\"2286\" data-end=\"2307\"><span class=\"ez-toc-section\" id=\"_Weitere_Infos\"><\/span>\u00a0Daha fazla bilgi<span class=\"ez-toc-section-end\"><\/span><\/h4>\n<p data-start=\"2308\" data-end=\"2380\"><a class=\"decorated-link cursor-pointer\" href=\"https:\/\/de.wikipedia.org\/wiki\/Bergkristall\" target=\"_new\" rel=\"noopener\" data-start=\"2308\" data-end=\"2378\">Bergkristall \u2013 Wikipedia<\/a><\/p>","protected":false},"excerpt":{"rendered":"<p>D<em>er Pentium Quartz Selbstheilungskristall aus Madagaskar unterst\u00fctzt k\u00f6rperliche und emotionale Heilung, Reinigung, Schutz und spirituelles Wachstum. Ideal f\u00fcr Meditation, Energiearbeit und Affirmationen.<\/em><\/p>","protected":false},"featured_media":5319,"comment_status":"open","ping_status":"closed","template":"","meta":{"_glsr_average":0,"_glsr_ranking":0,"_glsr_reviews":0},"product_brand":[],"product_cat":[84],"product_tag":[],"class_list":{"0":"post-5318","1":"product","2":"type-product","3":"status-publish","4":"has-post-thumbnail","6":"product_cat-rohsteine-kaufen","8":"first","9":"instock","10":"taxable","11":"shipping-taxable","12":"purchasable","13":"product-type-simple","14":"add-to-wishlist-before_image"},"jetpack_sharing_enabled":true,"_links":{"self":[{"href":"https:\/\/saphirsmaragd.com\/tr\/wp-json\/wp\/v2\/product\/5318","targetHints":{"allow":["GET"]}}],"collection":[{"href":"https:\/\/saphirsmaragd.com\/tr\/wp-json\/wp\/v2\/product"}],"about":[{"href":"https:\/\/saphirsmaragd.com\/tr\/wp-json\/wp\/v2\/types\/product"}],"replies":[{"embeddable":true,"href":"https:\/\/saphirsmaragd.com\/tr\/wp-json\/wp\/v2\/comments?post=5318"}],"version-history":[{"count":1,"href":"https:\/\/saphirsmaragd.com\/tr\/wp-json\/wp\/v2\/product\/5318\/revisions"}],"predecessor-version":[{"id":5326,"href":"https:\/\/saphirsmaragd.com\/tr\/wp-json\/wp\/v2\/product\/5318\/revisions\/5326"}],"wp:featuredmedia":[{"embeddable":true,"href":"https:\/\/saphirsmaragd.com\/tr\/wp-json\/wp\/v2\/media\/5319"}],"wp:attachment":[{"href":"https:\/\/saphirsmaragd.com\/tr\/wp-json\/wp\/v2\/media?parent=5318"}],"wp:term":[{"taxonomy":"product_brand","embeddable":true,"href":"https:\/\/saphirsmaragd.com\/tr\/wp-json\/wp\/v2\/product_brand?post=5318"},{"taxonomy":"product_cat","embeddable":true,"href":"https:\/\/saphirsmaragd.com\/tr\/wp-json\/wp\/v2\/product_cat?post=5318"},{"taxonomy":"product_tag","embeddable":true,"href":"https:\/\/saphirsmaragd.com\/tr\/wp-json\/wp\/v2\/product_tag?post=5318"}],"curies":[{"name":"wp","href":"https:\/\/api.w.org\/{rel}","templated":true}]}}