{"id":5368,"date":"2025-11-18T18:32:52","date_gmt":"2025-11-18T18:32:52","guid":{"rendered":"https:\/\/saphirsmaragd.com\/?post_type=product&#038;p=5368"},"modified":"2025-11-18T18:32:54","modified_gmt":"2025-11-18T18:32:54","slug":"rosenquarz-spitze-gross","status":"publish","type":"product","link":"https:\/\/saphirsmaragd.com\/tr\/urun\/rosenquarz-spitze-gross\/","title":{"rendered":"Rosenquarz Spitze Gro\u00df \u2013 Geschliffener Heilstein 9.29 kg"},"content":{"rendered":"<div id=\"ez-toc-container\" class=\"ez-toc-v2_0_82_2 counter-hierarchy ez-toc-counter ez-toc-grey ez-toc-container-direction\">\n<div class=\"ez-toc-title-container\">\n<p class=\"ez-toc-title\" style=\"cursor:inherit\">\u0130\u00e7indekiler<\/p>\n<span class=\"ez-toc-title-toggle\"><a href=\"#\" class=\"ez-toc-pull-right ez-toc-btn ez-toc-btn-xs ez-toc-btn-default ez-toc-toggle\" aria-label=\"\u0130\u00e7indekiler Tablosunu A\u00e7\/Kapat\"><span class=\"ez-toc-js-icon-con\"><span class=\"\"><span class=\"eztoc-hide\" style=\"display:none;\">Ge\u00e7i\u015f<\/span><span class=\"ez-toc-icon-toggle-span\"><svg style=\"fill: #999;color:#999\" xmlns=\"http:\/\/www.w3.org\/2000\/svg\" class=\"list-377408\" width=\"20px\" height=\"20px\" viewbox=\"0 0 24 24\" fill=\"none\"><path d=\"M6 6H4v2h2V6zm14 0H8v2h12V6zM4 11h2v2H4v-2zm16 0H8v2h12v-2zM4 16h2v2H4v-2zm16 0H8v2h12v-2z\" fill=\"currentColor\"><\/path><\/svg><svg style=\"fill: #999;color:#999\" class=\"arrow-unsorted-368013\" xmlns=\"http:\/\/www.w3.org\/2000\/svg\" width=\"10px\" height=\"10px\" viewbox=\"0 0 24 24\" version=\"1.2\" baseprofile=\"tiny\"><path d=\"M18.2 9.3l-6.2-6.3-6.2 6.3c-.2.2-.3.4-.3.7s.1.5.3.7c.2.2.4.3.7.3h11c.3 0 .5-.1.7-.3.2-.2.3-.5.3-.7s-.1-.5-.3-.7zM5.8 14.7l6.2 6.3 6.2-6.3c.2-.2.3-.5.3-.7s-.1-.5-.3-.7c-.2-.2-.4-.3-.7-.3h-11c-.3 0-.5.1-.7.3-.2.2-.3.5-.3.7s.1.5.3.7z\"\/><\/svg><\/span><\/span><\/span><\/a><\/span><\/div>\n<nav><ul class='ez-toc-list ez-toc-list-level-1' ><li class='ez-toc-page-1 ez-toc-heading-level-4'><a class=\"ez-toc-link ez-toc-heading-1\" href=\"https:\/\/saphirsmaragd.com\/tr\/urun\/rosenquarz-spitze-gross\/#Rosenquarz_Spitze_Gros_%E2%80%93_Geschliffener_Heilstein_929_kg\" >Rosenquarz Spitze Gro\u00df \u2013 Geschliffener Heilstein 9.29 kg<\/a><\/li><li class='ez-toc-page-1 ez-toc-heading-level-4'><a class=\"ez-toc-link ez-toc-heading-2\" href=\"https:\/\/saphirsmaragd.com\/tr\/urun\/rosenquarz-spitze-gross\/#_Merkmale_Herkunft\" >\u00a0\u00d6zellikler ve K\u00f6ken<\/a><\/li><li class='ez-toc-page-1 ez-toc-heading-level-4'><a class=\"ez-toc-link ez-toc-heading-3\" href=\"https:\/\/saphirsmaragd.com\/tr\/urun\/rosenquarz-spitze-gross\/#_Besonderheiten\" >\u00a0\u00d6zel \u00f6zellikler<\/a><\/li><li class='ez-toc-page-1 ez-toc-heading-level-4'><a class=\"ez-toc-link ez-toc-heading-4\" href=\"https:\/\/saphirsmaragd.com\/tr\/urun\/rosenquarz-spitze-gross\/#_Mehr_uber_Rosenquarze_Heilsteine\" >\u00a0Mehr \u00fcber Rosenquarze &amp; Heilsteine<\/a><\/li><li class='ez-toc-page-1 ez-toc-heading-level-4'><a class=\"ez-toc-link ez-toc-heading-5\" href=\"https:\/\/saphirsmaragd.com\/tr\/urun\/rosenquarz-spitze-gross\/#_Weitere_Infos\" >\u00a0Daha fazla bilgi<\/a><\/li><\/ul><\/nav><\/div>\n<h4 data-start=\"140\" data-end=\"202\"><span class=\"ez-toc-section\" id=\"Rosenquarz_Spitze_Gros_%E2%80%93_Geschliffener_Heilstein_929_kg\"><\/span><strong data-start=\"142\" data-end=\"202\">Rosenquarz Spitze Gro\u00df \u2013 Geschliffener Heilstein 9.29 kg<\/strong><span class=\"ez-toc-section-end\"><\/span><\/h4>\n<p data-start=\"204\" data-end=\"344\">Die Rosenquarz Spitze Gro\u00df ist ein einzigartiges, geschliffenes Einzelst\u00fcck aus Madagaskar \u2013 Sie erhalten genau das abgebildete Produkt.<\/p>\n<hr data-start=\"346\" data-end=\"349\" \/>\n<h4 data-start=\"351\" data-end=\"376\"><span class=\"ez-toc-section\" id=\"_Merkmale_Herkunft\"><\/span>\u00a0\u00d6zellikler ve K\u00f6ken<span class=\"ez-toc-section-end\"><\/span><\/h4>\n<p data-start=\"377\" data-end=\"631\">Renk: Pembe<br data-start=\"388\" data-end=\"391\" \/>Form: Spitze, geschliffen<br data-start=\"416\" data-end=\"419\" \/>Men\u015fei: Madagaskar<br data-start=\"439\" data-end=\"442\" \/>Gewicht: 9.29 kg<br data-start=\"458\" data-end=\"461\" \/>Ma\u00dfe: 57 x 10.5 x 8.5 cm<br data-start=\"485\" data-end=\"488\" \/>Reinheit: Nat\u00fcrlich, mit typischen Einschl\u00fcssen<br data-start=\"535\" data-end=\"538\" \/>Tedavi: Tedavi edilmemi\u015f<br data-start=\"606\" data-end=\"609\" \/>Steinart: Rosenquarz<\/p>\n<hr data-start=\"633\" data-end=\"636\" \/>\n<h4 data-start=\"638\" data-end=\"658\"><span class=\"ez-toc-section\" id=\"_Besonderheiten\"><\/span>\u00a0\u00d6zel \u00f6zellikler<span class=\"ez-toc-section-end\"><\/span><\/h4>\n<p data-start=\"659\" data-end=\"1013\">Die <strong data-start=\"663\" data-end=\"689\">Rosenquarz Spitze Gro\u00df<\/strong> ist ein wahrer Blickfang \u2013 durch ihre stattliche Gr\u00f6\u00dfe und die zarte, rosa Farbgebung bringt sie eine besonders weiche und harmonische Energie in jeden Raum. Die geschliffene Spitze verst\u00e4rkt die energetische Ausrichtung des Steins und eignet sich hervorragend f\u00fcr energetische Arbeiten, Meditation oder Raumharmonisierung.<\/p>\n<p data-start=\"1015\" data-end=\"1363\">Rosenquarz gilt traditionell als Stein der Liebe. Er \u00f6ffnet das Herzchakra, f\u00f6rdert Selbstliebe, Mitgef\u00fchl und emotionale Heilung und unterst\u00fctzt dabei, emotionale Blockaden oder alte Verletzungen loszulassen. Durch seine beruhigende Wirkung schafft diese gro\u00dfe Rosenquarz Spitze eine Atmosph\u00e4re von Friedlichkeit, Geborgenheit und innerer Balance.<\/p>\n<hr data-start=\"1365\" data-end=\"1368\" \/>\n<h4 data-start=\"1370\" data-end=\"1410\"><span class=\"ez-toc-section\" id=\"_Mehr_uber_Rosenquarze_Heilsteine\"><\/span>\u00a0Mehr \u00fcber Rosenquarze &amp; Heilsteine<span class=\"ez-toc-section-end\"><\/span><\/h4>\n<p data-start=\"1411\" data-end=\"1556\"><br data-start=\"1471\" data-end=\"1474\" \/>Heilsteine &amp; Kristalle | Rosenquarz &amp; Bergkristall<\/p>\n<hr data-start=\"1558\" data-end=\"1561\" \/>\n<h4 data-start=\"1563\" data-end=\"1584\"><span class=\"ez-toc-section\" id=\"_Weitere_Infos\"><\/span>\u00a0Daha fazla bilgi<span class=\"ez-toc-section-end\"><\/span><\/h4>\n<p data-start=\"1585\" data-end=\"1681\"><a href=\"https:\/\/de.wikipedia.org\/wiki\/Rosenquarz\" target=\"_blank\" rel=\"noopener\">Wikipedia \u2013 Rosenquarz<\/a><br data-start=\"1649\" data-end=\"1652\" \/><\/p>","protected":false},"excerpt":{"rendered":"<p><em>Die Rosenquarz Spitze Gro\u00df ist ein 9.29 kg schweres, einzigartiges Einzelst\u00fcck aus Madagaskar. Ein geschliffener Heilstein in beeindruckender Gr\u00f6\u00dfe \u2013 ideal f\u00fcr Herzchakra-Arbeit, Raumharmonisierung und liebevolle Energie.<\/em><\/p>","protected":false},"featured_media":5369,"comment_status":"open","ping_status":"closed","template":"","meta":{"_glsr_average":0,"_glsr_ranking":0,"_glsr_reviews":0},"product_brand":[],"product_cat":[84],"product_tag":[],"class_list":{"0":"post-5368","1":"product","2":"type-product","3":"status-publish","4":"has-post-thumbnail","6":"product_cat-rohsteine-kaufen","8":"first","9":"instock","10":"taxable","11":"shipping-taxable","12":"purchasable","13":"product-type-simple","14":"add-to-wishlist-before_image"},"jetpack_sharing_enabled":true,"_links":{"self":[{"href":"https:\/\/saphirsmaragd.com\/tr\/wp-json\/wp\/v2\/product\/5368","targetHints":{"allow":["GET"]}}],"collection":[{"href":"https:\/\/saphirsmaragd.com\/tr\/wp-json\/wp\/v2\/product"}],"about":[{"href":"https:\/\/saphirsmaragd.com\/tr\/wp-json\/wp\/v2\/types\/product"}],"replies":[{"embeddable":true,"href":"https:\/\/saphirsmaragd.com\/tr\/wp-json\/wp\/v2\/comments?post=5368"}],"version-history":[{"count":1,"href":"https:\/\/saphirsmaragd.com\/tr\/wp-json\/wp\/v2\/product\/5368\/revisions"}],"predecessor-version":[{"id":5374,"href":"https:\/\/saphirsmaragd.com\/tr\/wp-json\/wp\/v2\/product\/5368\/revisions\/5374"}],"wp:featuredmedia":[{"embeddable":true,"href":"https:\/\/saphirsmaragd.com\/tr\/wp-json\/wp\/v2\/media\/5369"}],"wp:attachment":[{"href":"https:\/\/saphirsmaragd.com\/tr\/wp-json\/wp\/v2\/media?parent=5368"}],"wp:term":[{"taxonomy":"product_brand","embeddable":true,"href":"https:\/\/saphirsmaragd.com\/tr\/wp-json\/wp\/v2\/product_brand?post=5368"},{"taxonomy":"product_cat","embeddable":true,"href":"https:\/\/saphirsmaragd.com\/tr\/wp-json\/wp\/v2\/product_cat?post=5368"},{"taxonomy":"product_tag","embeddable":true,"href":"https:\/\/saphirsmaragd.com\/tr\/wp-json\/wp\/v2\/product_tag?post=5368"}],"curies":[{"name":"wp","href":"https:\/\/api.w.org\/{rel}","templated":true}]}}