{"id":5554,"date":"2025-11-23T13:07:43","date_gmt":"2025-11-23T13:07:43","guid":{"rendered":"https:\/\/saphirsmaragd.com\/?post_type=product&#038;p=5554"},"modified":"2025-11-23T13:07:45","modified_gmt":"2025-11-23T13:07:45","slug":"spitze-aragonit-blau-poliert","status":"publish","type":"product","link":"https:\/\/saphirsmaragd.com\/tr\/urun\/spitze-aragonit-blau-poliert\/","title":{"rendered":"Spitze Aragonit Blau Poliert \u2013 620 g \u2013 Naturstein aus Argentinien"},"content":{"rendered":"<div id=\"ez-toc-container\" class=\"ez-toc-v2_0_82_2 counter-hierarchy ez-toc-counter ez-toc-grey ez-toc-container-direction\">\n<div class=\"ez-toc-title-container\">\n<p class=\"ez-toc-title\" style=\"cursor:inherit\">\u0130\u00e7indekiler<\/p>\n<span class=\"ez-toc-title-toggle\"><a href=\"#\" class=\"ez-toc-pull-right ez-toc-btn ez-toc-btn-xs ez-toc-btn-default ez-toc-toggle\" aria-label=\"\u0130\u00e7indekiler Tablosunu A\u00e7\/Kapat\"><span class=\"ez-toc-js-icon-con\"><span class=\"\"><span class=\"eztoc-hide\" style=\"display:none;\">Ge\u00e7i\u015f<\/span><span class=\"ez-toc-icon-toggle-span\"><svg style=\"fill: #999;color:#999\" xmlns=\"http:\/\/www.w3.org\/2000\/svg\" class=\"list-377408\" width=\"20px\" height=\"20px\" viewbox=\"0 0 24 24\" fill=\"none\"><path d=\"M6 6H4v2h2V6zm14 0H8v2h12V6zM4 11h2v2H4v-2zm16 0H8v2h12v-2zM4 16h2v2H4v-2zm16 0H8v2h12v-2z\" fill=\"currentColor\"><\/path><\/svg><svg style=\"fill: #999;color:#999\" class=\"arrow-unsorted-368013\" xmlns=\"http:\/\/www.w3.org\/2000\/svg\" width=\"10px\" height=\"10px\" viewbox=\"0 0 24 24\" version=\"1.2\" baseprofile=\"tiny\"><path d=\"M18.2 9.3l-6.2-6.3-6.2 6.3c-.2.2-.3.4-.3.7s.1.5.3.7c.2.2.4.3.7.3h11c.3 0 .5-.1.7-.3.2-.2.3-.5.3-.7s-.1-.5-.3-.7zM5.8 14.7l6.2 6.3 6.2-6.3c.2-.2.3-.5.3-.7s-.1-.5-.3-.7c-.2-.2-.4-.3-.7-.3h-11c-.3 0-.5.1-.7.3-.2.2-.3.5-.3.7s.1.5.3.7z\"\/><\/svg><\/span><\/span><\/span><\/a><\/span><\/div>\n<nav><ul class='ez-toc-list ez-toc-list-level-1' ><li class='ez-toc-page-1 ez-toc-heading-level-4'><a class=\"ez-toc-link ez-toc-heading-1\" href=\"https:\/\/saphirsmaragd.com\/tr\/urun\/spitze-aragonit-blau-poliert\/#Spitze_Aragonit_Blau_Poliert_%E2%80%93_620_g_%E2%80%93_Naturstein_aus_Argentinien\" >Spitze Aragonit Blau Poliert \u2013 620 g \u2013 Naturstein aus Argentinien<\/a><\/li><li class='ez-toc-page-1 ez-toc-heading-level-4'><a class=\"ez-toc-link ez-toc-heading-2\" href=\"https:\/\/saphirsmaragd.com\/tr\/urun\/spitze-aragonit-blau-poliert\/#_Merkmale_Herkunft\" >\u00a0\u00d6zellikler ve K\u00f6ken<\/a><\/li><li class='ez-toc-page-1 ez-toc-heading-level-4'><a class=\"ez-toc-link ez-toc-heading-3\" href=\"https:\/\/saphirsmaragd.com\/tr\/urun\/spitze-aragonit-blau-poliert\/#_Besonderheiten\" >\u00a0\u00d6zel \u00f6zellikler<\/a><\/li><li class='ez-toc-page-1 ez-toc-heading-level-4'><a class=\"ez-toc-link ez-toc-heading-4\" href=\"https:\/\/saphirsmaragd.com\/tr\/urun\/spitze-aragonit-blau-poliert\/#_Mehr_uber_Aragonite_Heilsteine\" >\u00a0Mehr \u00fcber Aragonite &amp; Heilsteine<\/a><\/li><li class='ez-toc-page-1 ez-toc-heading-level-4'><a class=\"ez-toc-link ez-toc-heading-5\" href=\"https:\/\/saphirsmaragd.com\/tr\/urun\/spitze-aragonit-blau-poliert\/#_Weitere_Infos\" >\u00a0Daha fazla bilgi<\/a><\/li><\/ul><\/nav><\/div>\n<h4 data-start=\"960\" data-end=\"1032\"><span class=\"ez-toc-section\" id=\"Spitze_Aragonit_Blau_Poliert_%E2%80%93_620_g_%E2%80%93_Naturstein_aus_Argentinien\"><\/span><strong data-start=\"963\" data-end=\"1032\">Spitze Aragonit Blau Poliert \u2013 620 g \u2013 Naturstein aus Argentinien<\/strong><span class=\"ez-toc-section-end\"><\/span><\/h4>\n<p data-start=\"1033\" data-end=\"1197\">Die Spitze Aragonit Blau Poliert ist ein hochwertiger Heilstein aus Argentinien, der f\u00fcr emotionale Ruhe, Klarheit und harmonische Kommunikation gesch\u00e4tzt wird.<\/p>\n<hr data-start=\"1199\" data-end=\"1202\" \/>\n<h4 data-start=\"1204\" data-end=\"1229\"><span class=\"ez-toc-section\" id=\"_Merkmale_Herkunft\"><\/span>\u00a0\u00d6zellikler ve K\u00f6ken<span class=\"ez-toc-section-end\"><\/span><\/h4>\n<p data-start=\"1230\" data-end=\"1437\">Renk: Mavi<br data-start=\"1241\" data-end=\"1244\" \/>Form: Spitze (poliert)<br data-start=\"1266\" data-end=\"1269\" \/>Herkunft: Argentinien<br data-start=\"1290\" data-end=\"1293\" \/>Gewicht: 620 g<br data-start=\"1307\" data-end=\"1310\" \/>Ma\u00dfe: 21 \u00d7 4.5 \u00d7 4 cm<br data-start=\"1331\" data-end=\"1334\" \/>Safl\u0131k: Do\u011fal<br data-start=\"1353\" data-end=\"1356\" \/>\u0130\u015flem: Cilal\u0131<br data-start=\"1409\" data-end=\"1412\" \/>Steinart: Aragonit (blau)<\/p>\n<hr data-start=\"1439\" data-end=\"1442\" \/>\n<h4 data-start=\"1444\" data-end=\"1464\"><span class=\"ez-toc-section\" id=\"_Besonderheiten\"><\/span>\u00a0\u00d6zel \u00f6zellikler<span class=\"ez-toc-section-end\"><\/span><\/h4>\n<p data-start=\"1465\" data-end=\"1744\">Die Spitze Aragonit Blau Poliert wirkt entspannend, beruhigend und l\u00f6send. Sie hilft dabei, innere Anspannung, Sorgen und negative Emotionen Schritt f\u00fcr Schritt loszulassen \u2013 selbst solche, die tiefer sitzen. Dadurch entsteht Raum f\u00fcr Leichtigkeit, Heilung und neue Perspektiven.<\/p>\n<p data-start=\"1746\" data-end=\"2182\">Besonders gesch\u00e4tzt wird dieser Heilstein auch f\u00fcr seine unterst\u00fctzende Wirkung auf die Kommunikation. Er hilft Ihnen, sich klar und ruhig auszudr\u00fccken, selbst bei sensiblen oder belastenden Themen, und st\u00e4rkt zugleich Ihr spirituelles Ausdrucksverm\u00f6gen. Affirmationen, Meditationen oder Gebete k\u00f6nnen durch blauen Aragonit intensiviert werden.<br data-start=\"2090\" data-end=\"2093\" \/>Bitte beachten Sie: Dieser Stein sollte nicht \u00fcber l\u00e4ngere Zeit Wasser ausgesetzt werden.<\/p>\n<hr data-start=\"2184\" data-end=\"2187\" \/>\n<h4 data-start=\"2189\" data-end=\"2229\"><span class=\"ez-toc-section\" id=\"_Mehr_uber_Aragonite_Heilsteine\"><\/span>\u00a0Mehr \u00fcber Aragonite &amp; Heilsteine<span class=\"ez-toc-section-end\"><\/span><\/h4>\n<p data-start=\"2230\" data-end=\"2277\"><a href=\"https:\/\/saphirsmaragd.com\/tr\/product-category\/heilsteine-kristalle-kaufen\/\">\u015eifal\u0131 ta\u015flar ve kristaller<\/a> | Aragonite &amp; Mineralien<\/p>\n<hr data-start=\"2279\" data-end=\"2282\" \/>\n<h4 data-start=\"2284\" data-end=\"2305\"><span class=\"ez-toc-section\" id=\"_Weitere_Infos\"><\/span>\u00a0Daha fazla bilgi<span class=\"ez-toc-section-end\"><\/span><\/h4>\n<p data-start=\"2306\" data-end=\"2373\">Wikipedia: <strong data-start=\"2317\" data-end=\"2329\">Aragonit<\/strong><br data-start=\"2329\" data-end=\"2332\" \/><a class=\"decorated-link\" href=\"https:\/\/de.wikipedia.org\/wiki\/Aragonit\" target=\"_new\" rel=\"noopener\" data-start=\"2335\" data-end=\"2373\">wikipedia:Aragonit<\/a><\/p>","protected":false},"excerpt":{"rendered":"<p><em>Die Spitze Aragonit Blau Poliert ist ein beruhigender Naturstein aus Argentinien, der f\u00fcr emotionale Entspannung und harmonische Kommunikation steht. Entdecken Sie seine ausgleichende Wirkung und hochwertige, polierte Qualit\u00e4t.<\/em><\/p>","protected":false},"featured_media":5555,"comment_status":"open","ping_status":"closed","template":"","meta":{"_glsr_average":0,"_glsr_ranking":0,"_glsr_reviews":0},"product_brand":[],"product_cat":[84],"product_tag":[],"class_list":{"0":"post-5554","1":"product","2":"type-product","3":"status-publish","4":"has-post-thumbnail","6":"product_cat-rohsteine-kaufen","8":"first","9":"instock","10":"taxable","11":"shipping-taxable","12":"purchasable","13":"product-type-simple","14":"add-to-wishlist-before_image"},"jetpack_sharing_enabled":true,"_links":{"self":[{"href":"https:\/\/saphirsmaragd.com\/tr\/wp-json\/wp\/v2\/product\/5554","targetHints":{"allow":["GET"]}}],"collection":[{"href":"https:\/\/saphirsmaragd.com\/tr\/wp-json\/wp\/v2\/product"}],"about":[{"href":"https:\/\/saphirsmaragd.com\/tr\/wp-json\/wp\/v2\/types\/product"}],"replies":[{"embeddable":true,"href":"https:\/\/saphirsmaragd.com\/tr\/wp-json\/wp\/v2\/comments?post=5554"}],"version-history":[{"count":1,"href":"https:\/\/saphirsmaragd.com\/tr\/wp-json\/wp\/v2\/product\/5554\/revisions"}],"predecessor-version":[{"id":5558,"href":"https:\/\/saphirsmaragd.com\/tr\/wp-json\/wp\/v2\/product\/5554\/revisions\/5558"}],"wp:featuredmedia":[{"embeddable":true,"href":"https:\/\/saphirsmaragd.com\/tr\/wp-json\/wp\/v2\/media\/5555"}],"wp:attachment":[{"href":"https:\/\/saphirsmaragd.com\/tr\/wp-json\/wp\/v2\/media?parent=5554"}],"wp:term":[{"taxonomy":"product_brand","embeddable":true,"href":"https:\/\/saphirsmaragd.com\/tr\/wp-json\/wp\/v2\/product_brand?post=5554"},{"taxonomy":"product_cat","embeddable":true,"href":"https:\/\/saphirsmaragd.com\/tr\/wp-json\/wp\/v2\/product_cat?post=5554"},{"taxonomy":"product_tag","embeddable":true,"href":"https:\/\/saphirsmaragd.com\/tr\/wp-json\/wp\/v2\/product_tag?post=5554"}],"curies":[{"name":"wp","href":"https:\/\/api.w.org\/{rel}","templated":true}]}}