{"id":5570,"date":"2025-11-23T13:58:22","date_gmt":"2025-11-23T13:58:22","guid":{"rendered":"https:\/\/saphirsmaragd.com\/?post_type=product&#038;p=5570"},"modified":"2025-11-23T13:58:23","modified_gmt":"2025-11-23T13:58:23","slug":"spitze-amethyst-cluster-geschnitten","status":"publish","type":"product","link":"https:\/\/saphirsmaragd.com\/tr\/urun\/spitze-amethyst-cluster-geschnitten\/","title":{"rendered":"Spitze Amethyst Cluster Geschnitten \u2013 1065 g \u2013 Naturstein &#038; Unikat"},"content":{"rendered":"<div id=\"ez-toc-container\" class=\"ez-toc-v2_0_82_2 counter-hierarchy ez-toc-counter ez-toc-grey ez-toc-container-direction\">\n<div class=\"ez-toc-title-container\">\n<p class=\"ez-toc-title\" style=\"cursor:inherit\">\u0130\u00e7indekiler<\/p>\n<span class=\"ez-toc-title-toggle\"><a href=\"#\" class=\"ez-toc-pull-right ez-toc-btn ez-toc-btn-xs ez-toc-btn-default ez-toc-toggle\" aria-label=\"\u0130\u00e7indekiler Tablosunu A\u00e7\/Kapat\"><span class=\"ez-toc-js-icon-con\"><span class=\"\"><span class=\"eztoc-hide\" style=\"display:none;\">Ge\u00e7i\u015f<\/span><span class=\"ez-toc-icon-toggle-span\"><svg style=\"fill: #999;color:#999\" xmlns=\"http:\/\/www.w3.org\/2000\/svg\" class=\"list-377408\" width=\"20px\" height=\"20px\" viewbox=\"0 0 24 24\" fill=\"none\"><path d=\"M6 6H4v2h2V6zm14 0H8v2h12V6zM4 11h2v2H4v-2zm16 0H8v2h12v-2zM4 16h2v2H4v-2zm16 0H8v2h12v-2z\" fill=\"currentColor\"><\/path><\/svg><svg style=\"fill: #999;color:#999\" class=\"arrow-unsorted-368013\" xmlns=\"http:\/\/www.w3.org\/2000\/svg\" width=\"10px\" height=\"10px\" viewbox=\"0 0 24 24\" version=\"1.2\" baseprofile=\"tiny\"><path d=\"M18.2 9.3l-6.2-6.3-6.2 6.3c-.2.2-.3.4-.3.7s.1.5.3.7c.2.2.4.3.7.3h11c.3 0 .5-.1.7-.3.2-.2.3-.5.3-.7s-.1-.5-.3-.7zM5.8 14.7l6.2 6.3 6.2-6.3c.2-.2.3-.5.3-.7s-.1-.5-.3-.7c-.2-.2-.4-.3-.7-.3h-11c-.3 0-.5.1-.7.3-.2.2-.3.5-.3.7s.1.5.3.7z\"\/><\/svg><\/span><\/span><\/span><\/a><\/span><\/div>\n<nav><ul class='ez-toc-list ez-toc-list-level-1' ><li class='ez-toc-page-1 ez-toc-heading-level-4'><a class=\"ez-toc-link ez-toc-heading-1\" href=\"https:\/\/saphirsmaragd.com\/tr\/urun\/spitze-amethyst-cluster-geschnitten\/#Spitze_Amethyst_Cluster_Geschnitten_%E2%80%93_1065_g_%E2%80%93_Naturstein_Unikat\" >Spitze Amethyst Cluster Geschnitten \u2013 1065 g \u2013 Naturstein &amp; Unikat<\/a><\/li><li class='ez-toc-page-1 ez-toc-heading-level-4'><a class=\"ez-toc-link ez-toc-heading-2\" href=\"https:\/\/saphirsmaragd.com\/tr\/urun\/spitze-amethyst-cluster-geschnitten\/#_Merkmale_Herkunft\" >\u00a0\u00d6zellikler ve K\u00f6ken<\/a><\/li><li class='ez-toc-page-1 ez-toc-heading-level-4'><a class=\"ez-toc-link ez-toc-heading-3\" href=\"https:\/\/saphirsmaragd.com\/tr\/urun\/spitze-amethyst-cluster-geschnitten\/#_Besonderheiten\" >\u00a0\u00d6zel \u00f6zellikler<\/a><\/li><li class='ez-toc-page-1 ez-toc-heading-level-4'><a class=\"ez-toc-link ez-toc-heading-4\" href=\"https:\/\/saphirsmaragd.com\/tr\/urun\/spitze-amethyst-cluster-geschnitten\/#_Mehr_uber_Amethyste_Heilsteine\" >\u00a0Ametistler ve \u015eifal\u0131 Ta\u015flar hakk\u0131nda daha fazla bilgi<\/a><\/li><li class='ez-toc-page-1 ez-toc-heading-level-4'><a class=\"ez-toc-link ez-toc-heading-5\" href=\"https:\/\/saphirsmaragd.com\/tr\/urun\/spitze-amethyst-cluster-geschnitten\/#_Weitere_Infos\" >\u00a0Daha fazla bilgi<\/a><\/li><\/ul><\/nav><\/div>\n<h4 data-start=\"935\" data-end=\"1008\"><span class=\"ez-toc-section\" id=\"Spitze_Amethyst_Cluster_Geschnitten_%E2%80%93_1065_g_%E2%80%93_Naturstein_Unikat\"><\/span><strong data-start=\"938\" data-end=\"1008\">Spitze Amethyst Cluster Geschnitten \u2013 1065 g \u2013 Naturstein &amp; Unikat<\/strong><span class=\"ez-toc-section-end\"><\/span><\/h4>\n<p data-start=\"1009\" data-end=\"1197\">Die Spitze Amethyst Cluster Geschnitten ist ein au\u00dfergew\u00f6hnlich kraftvolles Unikat, das die beruhigende, sch\u00fctzende und reinigende Energie des Amethysts in konzentrierter Form b\u00fcndelt.<\/p>\n<hr data-start=\"1199\" data-end=\"1202\" \/>\n<h4 data-start=\"1204\" data-end=\"1229\"><span class=\"ez-toc-section\" id=\"_Merkmale_Herkunft\"><\/span>\u00a0\u00d6zellikler ve K\u00f6ken<span class=\"ez-toc-section-end\"><\/span><\/h4>\n<p data-start=\"1230\" data-end=\"1474\">Renk: Mor<br data-start=\"1244\" data-end=\"1247\" \/>Form: Spitze (Cluster, geschnitten)<br data-start=\"1282\" data-end=\"1285\" \/>Herkunft: Nicht spezifiziert<br data-start=\"1313\" data-end=\"1316\" \/>Gewicht: 1065 g<br data-start=\"1331\" data-end=\"1334\" \/>Ma\u00dfe: 14.5 \u00d7 7.5 \u00d7 6.5 cm<br data-start=\"1359\" data-end=\"1362\" \/>Safl\u0131k: Do\u011fal<br data-start=\"1381\" data-end=\"1384\" \/>Behandlung: Geschnitten &amp; poliert<br data-start=\"1451\" data-end=\"1454\" \/>Ta\u015f t\u00fcr\u00fc: Ametist<\/p>\n<p data-start=\"1476\" data-end=\"1574\"><em data-start=\"1476\" data-end=\"1574\">Hinweis: Diese Amethystspitze weist nat\u00fcrliche Unregelm\u00e4\u00dfigkeiten und kleine Imperfektionen auf.<\/em><\/p>\n<hr data-start=\"1576\" data-end=\"1579\" \/>\n<h4 data-start=\"1581\" data-end=\"1601\"><span class=\"ez-toc-section\" id=\"_Besonderheiten\"><\/span>\u00a0\u00d6zel \u00f6zellikler<span class=\"ez-toc-section-end\"><\/span><\/h4>\n<p data-start=\"1602\" data-end=\"2092\">Der Amethyst ist einer der bekanntesten Heilsteine f\u00fcr Schutz, Harmonie und geistige Klarheit. Er hat eine reinigende und beruhigende Wirkung, die innere Ruhe f\u00f6rdert und das Gedankenkarussell reduziert. Dadurch erhalten Sie mehr Einsicht in Ihr eigenes Verhalten, Ihre Entscheidungen und emotionale Muster. Dieser Stein unterst\u00fctzt beim Loslassen alter Gewohnheiten, Abh\u00e4ngigkeiten und sch\u00e4dlicher Denkweisen sowie beim Verarbeiten emotionaler Erfahrungen wie Trauer, Verlust oder Schmerz.<\/p>\n<p data-start=\"2094\" data-end=\"2417\">Durch seine kraftvolle Lichtenergie reinigt dieser Amethyst die Aura und \u2013 bei seiner Gr\u00f6\u00dfe \u2013 auch ganze R\u00e4ume. Er \u00f6ffnet das Kronen- und Stirnchakra, was ihn ideal f\u00fcr Meditation, spirituelle Entwicklung und die intuitive Wahrnehmung macht. Zudem unterst\u00fctzt er die Verbindung mit h\u00f6heren Energien und geistigen F\u00fchrern.<\/p>\n<p data-start=\"2419\" data-end=\"2634\">Physisch wird Amethyst traditionell mit Unterst\u00fctzung des Nervensystems, der Gehirnfunktion, der Regeneration bei Prellungen sowie der Linderung von Kopfschmerzen, Migr\u00e4ne und Schlafproblemen in Verbindung gebracht.<\/p>\n<hr data-start=\"2636\" data-end=\"2639\" \/>\n<h4 data-start=\"2641\" data-end=\"2681\"><span class=\"ez-toc-section\" id=\"_Mehr_uber_Amethyste_Heilsteine\"><\/span>\u00a0Ametistler ve \u015eifal\u0131 Ta\u015flar hakk\u0131nda daha fazla bilgi<span class=\"ez-toc-section-end\"><\/span><\/h4>\n<p data-start=\"2682\" data-end=\"2725\"><a href=\"https:\/\/saphirsmaragd.com\/tr\/product-category\/heilsteine-kristalle-kaufen\/\">\u015eifal\u0131 ta\u015flar ve kristaller<\/a> | Amethyste &amp; Quarze<\/p>\n<hr data-start=\"2727\" data-end=\"2730\" \/>\n<h4 data-start=\"2732\" data-end=\"2753\"><span class=\"ez-toc-section\" id=\"_Weitere_Infos\"><\/span>\u00a0Daha fazla bilgi<span class=\"ez-toc-section-end\"><\/span><\/h4>\n<p data-start=\"2754\" data-end=\"2818\">Wikipedia:<br data-start=\"2764\" data-end=\"2767\" \/>Amethyst \u2192 <a class=\"decorated-link\" href=\"https:\/\/de.wikipedia.org\/wiki\/Amethyst\" target=\"_new\" rel=\"noopener\" data-start=\"2778\" data-end=\"2816\">wikipedia:Ametist<\/a><\/p>","protected":false},"excerpt":{"rendered":"<p><em>Die Spitze Amethyst Cluster Geschnitten mit 1065 g ist ein kraftvoller Naturstein, der Schutz, Harmonie und spirituelle Entwicklung unterst\u00fctzt. Ein einzigartiges St\u00fcck mit nat\u00fcrlichen Unregelm\u00e4\u00dfigkeiten, ideal f\u00fcr Meditation und energetische Raumreinigung.<\/em><\/p>","protected":false},"featured_media":5571,"comment_status":"open","ping_status":"closed","template":"","meta":{"_glsr_average":0,"_glsr_ranking":0,"_glsr_reviews":0},"product_brand":[],"product_cat":[84],"product_tag":[],"class_list":{"0":"post-5570","1":"product","2":"type-product","3":"status-publish","4":"has-post-thumbnail","6":"product_cat-rohsteine-kaufen","8":"first","9":"instock","10":"taxable","11":"shipping-taxable","12":"purchasable","13":"product-type-simple","14":"add-to-wishlist-before_image"},"jetpack_sharing_enabled":true,"_links":{"self":[{"href":"https:\/\/saphirsmaragd.com\/tr\/wp-json\/wp\/v2\/product\/5570","targetHints":{"allow":["GET"]}}],"collection":[{"href":"https:\/\/saphirsmaragd.com\/tr\/wp-json\/wp\/v2\/product"}],"about":[{"href":"https:\/\/saphirsmaragd.com\/tr\/wp-json\/wp\/v2\/types\/product"}],"replies":[{"embeddable":true,"href":"https:\/\/saphirsmaragd.com\/tr\/wp-json\/wp\/v2\/comments?post=5570"}],"version-history":[{"count":1,"href":"https:\/\/saphirsmaragd.com\/tr\/wp-json\/wp\/v2\/product\/5570\/revisions"}],"predecessor-version":[{"id":5574,"href":"https:\/\/saphirsmaragd.com\/tr\/wp-json\/wp\/v2\/product\/5570\/revisions\/5574"}],"wp:featuredmedia":[{"embeddable":true,"href":"https:\/\/saphirsmaragd.com\/tr\/wp-json\/wp\/v2\/media\/5571"}],"wp:attachment":[{"href":"https:\/\/saphirsmaragd.com\/tr\/wp-json\/wp\/v2\/media?parent=5570"}],"wp:term":[{"taxonomy":"product_brand","embeddable":true,"href":"https:\/\/saphirsmaragd.com\/tr\/wp-json\/wp\/v2\/product_brand?post=5570"},{"taxonomy":"product_cat","embeddable":true,"href":"https:\/\/saphirsmaragd.com\/tr\/wp-json\/wp\/v2\/product_cat?post=5570"},{"taxonomy":"product_tag","embeddable":true,"href":"https:\/\/saphirsmaragd.com\/tr\/wp-json\/wp\/v2\/product_tag?post=5570"}],"curies":[{"name":"wp","href":"https:\/\/api.w.org\/{rel}","templated":true}]}}