{"id":5599,"date":"2025-11-23T19:04:13","date_gmt":"2025-11-23T19:04:13","guid":{"rendered":"https:\/\/saphirsmaragd.com\/?post_type=product&#038;p=5599"},"modified":"2025-11-23T19:04:14","modified_gmt":"2025-11-23T19:04:14","slug":"amethyst-pink-mit-moosachat-2","status":"publish","type":"product","link":"https:\/\/saphirsmaragd.com\/tr\/urun\/amethyst-pink-mit-moosachat-2\/","title":{"rendered":"Yosun akik noktal\u0131 ametist pembesi cilal\u0131 - 1032 g - Do\u011fal ta\u015f ve e\u015fsiz numune"},"content":{"rendered":"<div id=\"ez-toc-container\" class=\"ez-toc-v2_0_82_2 counter-hierarchy ez-toc-counter ez-toc-grey ez-toc-container-direction\">\n<div class=\"ez-toc-title-container\">\n<p class=\"ez-toc-title\" style=\"cursor:inherit\">\u0130\u00e7indekiler<\/p>\n<span class=\"ez-toc-title-toggle\"><a href=\"#\" class=\"ez-toc-pull-right ez-toc-btn ez-toc-btn-xs ez-toc-btn-default ez-toc-toggle\" aria-label=\"\u0130\u00e7indekiler Tablosunu A\u00e7\/Kapat\"><span class=\"ez-toc-js-icon-con\"><span class=\"\"><span class=\"eztoc-hide\" style=\"display:none;\">Ge\u00e7i\u015f<\/span><span class=\"ez-toc-icon-toggle-span\"><svg style=\"fill: #999;color:#999\" xmlns=\"http:\/\/www.w3.org\/2000\/svg\" class=\"list-377408\" width=\"20px\" height=\"20px\" viewbox=\"0 0 24 24\" fill=\"none\"><path d=\"M6 6H4v2h2V6zm14 0H8v2h12V6zM4 11h2v2H4v-2zm16 0H8v2h12v-2zM4 16h2v2H4v-2zm16 0H8v2h12v-2z\" fill=\"currentColor\"><\/path><\/svg><svg style=\"fill: #999;color:#999\" class=\"arrow-unsorted-368013\" xmlns=\"http:\/\/www.w3.org\/2000\/svg\" width=\"10px\" height=\"10px\" viewbox=\"0 0 24 24\" version=\"1.2\" baseprofile=\"tiny\"><path d=\"M18.2 9.3l-6.2-6.3-6.2 6.3c-.2.2-.3.4-.3.7s.1.5.3.7c.2.2.4.3.7.3h11c.3 0 .5-.1.7-.3.2-.2.3-.5.3-.7s-.1-.5-.3-.7zM5.8 14.7l6.2 6.3 6.2-6.3c.2-.2.3-.5.3-.7s-.1-.5-.3-.7c-.2-.2-.4-.3-.7-.3h-11c-.3 0-.5.1-.7.3-.2.2-.3.5-.3.7s.1.5.3.7z\"\/><\/svg><\/span><\/span><\/span><\/a><\/span><\/div>\n<nav><ul class='ez-toc-list ez-toc-list-level-1' ><li class='ez-toc-page-1 ez-toc-heading-level-4'><a class=\"ez-toc-link ez-toc-heading-1\" href=\"https:\/\/saphirsmaragd.com\/tr\/urun\/amethyst-pink-mit-moosachat-2\/#Amethyst_Pink_mit_Moosachat_Punkt_Poliert_%E2%80%93_1032_g_%E2%80%93_Naturstein_Unikat\" >Yosun akik noktal\u0131 ametist pembesi cilal\u0131 - 1032 g - Do\u011fal ta\u015f ve e\u015fsiz numune<\/a><\/li><li class='ez-toc-page-1 ez-toc-heading-level-4'><a class=\"ez-toc-link ez-toc-heading-2\" href=\"https:\/\/saphirsmaragd.com\/tr\/urun\/amethyst-pink-mit-moosachat-2\/#Merkmale_Herkunft\" >\u00d6zellikler ve K\u00f6ken<\/a><\/li><li class='ez-toc-page-1 ez-toc-heading-level-4'><a class=\"ez-toc-link ez-toc-heading-3\" href=\"https:\/\/saphirsmaragd.com\/tr\/urun\/amethyst-pink-mit-moosachat-2\/#Besonderheiten\" >\u00d6zel \u00f6zellikler<\/a><\/li><li class='ez-toc-page-1 ez-toc-heading-level-4'><a class=\"ez-toc-link ez-toc-heading-4\" href=\"https:\/\/saphirsmaragd.com\/tr\/urun\/amethyst-pink-mit-moosachat-2\/#Mehr_uber_Amethyste_Heilsteine\" >Ametistler ve \u015eifal\u0131 Ta\u015flar hakk\u0131nda daha fazla bilgi<\/a><\/li><\/ul><\/nav><\/div>\n<h4 data-start=\"840\" data-end=\"916\"><span class=\"ez-toc-section\" id=\"Amethyst_Pink_mit_Moosachat_Punkt_Poliert_%E2%80%93_1032_g_%E2%80%93_Naturstein_Unikat\"><\/span><strong data-start=\"840\" data-end=\"916\">Yosun akik noktal\u0131 ametist pembesi cilal\u0131 - 1032 g - Do\u011fal ta\u015f ve e\u015fsiz numune<\/strong><span class=\"ez-toc-section-end\"><\/span><\/h4>\n<p data-start=\"918\" data-end=\"1295\">Bu s\u0131ra d\u0131\u015f\u0131 cilal\u0131 u\u00e7, \u00fc\u00e7 uyumlu ta\u015f t\u00fcr\u00fcn\u00fc bir araya getiriyor: pembe ametist, pembe\/k\u0131rm\u0131z\u0131 yosun akik ve k\u0131rm\u0131z\u0131 yosun akik. <strong data-start=\"1052\" data-end=\"1065\">Kalsedon<\/strong>. Enerjik kombinasyon sevgiyi, topraklamay\u0131, duygusal temizlenmeyi ve derin i\u00e7sel dengeyi uyumlu hale getirir.<br data-start=\"1174\" data-end=\"1177\" \/>Par\u00e7a, \u00f6zg\u00fcnl\u00fc\u011f\u00fcn\u00fc ve saf do\u011fal kalitesini vurgulayan do\u011fal girintiler ve kusurlar g\u00f6sterir.<\/p>\n<hr data-start=\"1297\" data-end=\"1300\" \/>\n<h4 data-start=\"1302\" data-end=\"1331\"><span class=\"ez-toc-section\" id=\"Merkmale_Herkunft\"><\/span><strong data-start=\"1308\" data-end=\"1331\">\u00d6zellikler ve K\u00f6ken<\/strong><span class=\"ez-toc-section-end\"><\/span><\/h4>\n<p data-start=\"1333\" data-end=\"1641\">Renk: g\u00fcl, pembe, mor, k\u0131rm\u0131z\u0131<br data-start=\"1365\" data-end=\"1368\" \/>\u015eekil: Cilal\u0131 nokta<br data-start=\"1428\" data-end=\"1431\" \/>A\u011f\u0131rl\u0131k: 1032 g<br data-start=\"1450\" data-end=\"1453\" \/>Boyutlar: 28 \u00d7 5,5 \u00d7 3,5 cm<br data-start=\"1480\" data-end=\"1483\" \/>Safl\u0131k: Do\u011fal<br data-start=\"1506\" data-end=\"1509\" \/>\u0130\u015flem: Cilal\u0131<br data-start=\"1574\" data-end=\"1577\" \/>Ta\u015f t\u00fcrleri: Pembe ametist, yosun akik (pembe\/k\u0131rm\u0131z\u0131), kalsedon<\/p>\n<hr data-start=\"1297\" data-end=\"1300\" \/>\n<h4 data-start=\"1648\" data-end=\"1682\"><span class=\"ez-toc-section\" id=\"Besonderheiten\"><\/span><strong data-start=\"1654\" data-end=\"1682\">\u00d6zel \u00f6zellikler<br \/>\n<\/strong><span class=\"ez-toc-section-end\"><\/span><\/h4>\n<p data-start=\"182\" data-end=\"241\">\u00a0Pembe ametist - kalp a\u00e7ma ve duygusal \u015fifa:<\/p>\n<p data-start=\"242\" data-end=\"548\">Pembe ametistin nazik, kalp a\u00e7\u0131c\u0131 ve uyum sa\u011flay\u0131c\u0131 bir etkisi vard\u0131r. Duygusal t\u0131kan\u0131kl\u0131klar\u0131n giderilmesini destekler, eski yaralanmalar\u0131n i\u015flenmesini te\u015fvik eder ve ac\u0131, keder ve korkulara s\u00fck\u00fbnet getirir. Sevgi dolu enerjisi \u00f6z-sevgiyi g\u00fc\u00e7lendirir ve odada huzurlu, sakinle\u015ftirici bir atmosfer yarat\u0131r.<\/p>\n<p data-start=\"550\" data-end=\"597\">\u00a0Yosun akik - topraklama ve i\u00e7sel denge:<\/p>\n<p data-start=\"598\" data-end=\"873\">Pembe\/k\u0131rm\u0131z\u0131 yosun akik bedeni, zihni ve ruhu yeniden dengeye getirir. Derin bir topraklama etkisi vard\u0131r, duygusal stres sonras\u0131 sakinle\u015ftirir, yenilenmeyi destekler ve kendinizi yeniden bulman\u0131za yard\u0131mc\u0131 olur. Ayr\u0131ca istikrar\u0131, netli\u011fi ve olumlu geli\u015fmeleri te\u015fvik eder.<\/p>\n<p data-start=\"875\" data-end=\"907\">\u00a0Uyumlu bir kombinasyon:<\/p>\n<p data-start=\"908\" data-end=\"1122\">Pembe ametist ve yosun akik birlikte kalp \u015fifas\u0131n\u0131 topraklama ile birle\u015ftirir. Bu kombinasyon dengeleyici, stabilize edici bir etkiye sahiptir ve meditasyon, terapi ve uygulama odalar\u0131 i\u00e7in ideal olan yumu\u015fak, berrak bir enerji yarat\u0131r.<\/p>\n<p data-start=\"2967\" data-end=\"3076\">\n<hr data-start=\"3078\" data-end=\"3081\" \/>\n<h4 data-start=\"3083\" data-end=\"3125\"><span class=\"ez-toc-section\" id=\"Mehr_uber_Amethyste_Heilsteine\"><\/span><strong data-start=\"3089\" data-end=\"3125\">Ametistler ve \u015eifal\u0131 Ta\u015flar hakk\u0131nda daha fazla bilgi<\/strong><span class=\"ez-toc-section-end\"><\/span><\/h4>\n<p data-start=\"3127\" data-end=\"3183\"><a href=\"https:\/\/saphirsmaragd.com\/tr\/product-category\/heilsteine-kristalle-kaufen\/\">\u015eifal\u0131 ta\u015flar ve kristaller<\/a> | Ametist, akik ve kalsedon<\/p>\n<hr data-start=\"1297\" data-end=\"1300\" \/>\n<p data-start=\"3185\" data-end=\"3353\"><strong data-start=\"3185\" data-end=\"3199\">Wikipedia:<\/strong><br data-start=\"3199\" data-end=\"3202\" \/><a class=\"decorated-link\" href=\"https:\/\/de.wikipedia.org\/wiki\/Amethyst\" target=\"_new\" rel=\"noopener\" data-start=\"3213\" data-end=\"3251\">wikipedia:Ametist<\/a><\/p>","protected":false},"excerpt":{"rendered":"<p><em>Yosun Akik Noktal\u0131 Ametist Pembe Cilal\u0131 - 1032 gr a\u011f\u0131rl\u0131\u011f\u0131nda ve do\u011fal yap\u0131larla dolu. A\u015fk, topraklama, duygusal \u015fifa ve i\u00e7sel denge i\u00e7in idealdir. Meditasyon ve uygulama odalar\u0131 i\u00e7in m\u00fckemmeldir.<\/em><\/p>","protected":false},"featured_media":5600,"comment_status":"open","ping_status":"closed","template":"","meta":{"_glsr_average":0,"_glsr_ranking":0,"_glsr_reviews":0},"product_brand":[],"product_cat":[84],"product_tag":[],"class_list":{"0":"post-5599","1":"product","2":"type-product","3":"status-publish","4":"has-post-thumbnail","6":"product_cat-rohsteine-kaufen","8":"first","9":"instock","10":"taxable","11":"shipping-taxable","12":"purchasable","13":"product-type-simple","14":"add-to-wishlist-before_image"},"jetpack_sharing_enabled":true,"_links":{"self":[{"href":"https:\/\/saphirsmaragd.com\/tr\/wp-json\/wp\/v2\/product\/5599","targetHints":{"allow":["GET"]}}],"collection":[{"href":"https:\/\/saphirsmaragd.com\/tr\/wp-json\/wp\/v2\/product"}],"about":[{"href":"https:\/\/saphirsmaragd.com\/tr\/wp-json\/wp\/v2\/types\/product"}],"replies":[{"embeddable":true,"href":"https:\/\/saphirsmaragd.com\/tr\/wp-json\/wp\/v2\/comments?post=5599"}],"version-history":[{"count":1,"href":"https:\/\/saphirsmaragd.com\/tr\/wp-json\/wp\/v2\/product\/5599\/revisions"}],"predecessor-version":[{"id":5604,"href":"https:\/\/saphirsmaragd.com\/tr\/wp-json\/wp\/v2\/product\/5599\/revisions\/5604"}],"wp:featuredmedia":[{"embeddable":true,"href":"https:\/\/saphirsmaragd.com\/tr\/wp-json\/wp\/v2\/media\/5600"}],"wp:attachment":[{"href":"https:\/\/saphirsmaragd.com\/tr\/wp-json\/wp\/v2\/media?parent=5599"}],"wp:term":[{"taxonomy":"product_brand","embeddable":true,"href":"https:\/\/saphirsmaragd.com\/tr\/wp-json\/wp\/v2\/product_brand?post=5599"},{"taxonomy":"product_cat","embeddable":true,"href":"https:\/\/saphirsmaragd.com\/tr\/wp-json\/wp\/v2\/product_cat?post=5599"},{"taxonomy":"product_tag","embeddable":true,"href":"https:\/\/saphirsmaragd.com\/tr\/wp-json\/wp\/v2\/product_tag?post=5599"}],"curies":[{"name":"wp","href":"https:\/\/api.w.org\/{rel}","templated":true}]}}