{"id":5676,"date":"2025-11-23T22:08:20","date_gmt":"2025-11-23T22:08:20","guid":{"rendered":"https:\/\/saphirsmaragd.com\/?post_type=product&#038;p=5676"},"modified":"2025-12-05T10:28:15","modified_gmt":"2025-12-05T10:28:15","slug":"anhaenger-auralite-23-herz-14k-gold","status":"publish","type":"product","link":"https:\/\/saphirsmaragd.com\/tr\/urun\/anhaenger-auralite-23-herz-14k-gold\/","title":{"rendered":"Anh\u00e4nger Auralite 23 Herz mit 14k Gold\u00f6se \u2013 15 mm \u2013 Naturstein &#038; Unikat"},"content":{"rendered":"<div id=\"ez-toc-container\" class=\"ez-toc-v2_0_82_2 counter-hierarchy ez-toc-counter ez-toc-grey ez-toc-container-direction\">\n<div class=\"ez-toc-title-container\">\n<p class=\"ez-toc-title\" style=\"cursor:inherit\">\u0130\u00e7indekiler<\/p>\n<span class=\"ez-toc-title-toggle\"><a href=\"#\" class=\"ez-toc-pull-right ez-toc-btn ez-toc-btn-xs ez-toc-btn-default ez-toc-toggle\" aria-label=\"\u0130\u00e7indekiler Tablosunu A\u00e7\/Kapat\"><span class=\"ez-toc-js-icon-con\"><span class=\"\"><span class=\"eztoc-hide\" style=\"display:none;\">Ge\u00e7i\u015f<\/span><span class=\"ez-toc-icon-toggle-span\"><svg style=\"fill: #999;color:#999\" xmlns=\"http:\/\/www.w3.org\/2000\/svg\" class=\"list-377408\" width=\"20px\" height=\"20px\" viewbox=\"0 0 24 24\" fill=\"none\"><path d=\"M6 6H4v2h2V6zm14 0H8v2h12V6zM4 11h2v2H4v-2zm16 0H8v2h12v-2zM4 16h2v2H4v-2zm16 0H8v2h12v-2z\" fill=\"currentColor\"><\/path><\/svg><svg style=\"fill: #999;color:#999\" class=\"arrow-unsorted-368013\" xmlns=\"http:\/\/www.w3.org\/2000\/svg\" width=\"10px\" height=\"10px\" viewbox=\"0 0 24 24\" version=\"1.2\" baseprofile=\"tiny\"><path d=\"M18.2 9.3l-6.2-6.3-6.2 6.3c-.2.2-.3.4-.3.7s.1.5.3.7c.2.2.4.3.7.3h11c.3 0 .5-.1.7-.3.2-.2.3-.5.3-.7s-.1-.5-.3-.7zM5.8 14.7l6.2 6.3 6.2-6.3c.2-.2.3-.5.3-.7s-.1-.5-.3-.7c-.2-.2-.4-.3-.7-.3h-11c-.3 0-.5.1-.7.3-.2.2-.3.5-.3.7s.1.5.3.7z\"\/><\/svg><\/span><\/span><\/span><\/a><\/span><\/div>\n<nav><ul class='ez-toc-list ez-toc-list-level-1' ><li class='ez-toc-page-1 ez-toc-heading-level-4'><a class=\"ez-toc-link ez-toc-heading-1\" href=\"https:\/\/saphirsmaragd.com\/tr\/urun\/anhaenger-auralite-23-herz-14k-gold\/#Anhanger_Auralite_23_Herz_mit_14k_Goldose_%E2%80%93_15_mm_%E2%80%93_Naturstein_Unikat\" >Anh\u00e4nger Auralite 23 Herz mit 14k Gold\u00f6se \u2013 15 mm \u2013 Naturstein &amp; Unikat<\/a><\/li><li class='ez-toc-page-1 ez-toc-heading-level-4'><a class=\"ez-toc-link ez-toc-heading-2\" href=\"https:\/\/saphirsmaragd.com\/tr\/urun\/anhaenger-auralite-23-herz-14k-gold\/#Merkmale_Herkunft\" >\u00d6zellikler ve K\u00f6ken<\/a><\/li><li class='ez-toc-page-1 ez-toc-heading-level-4'><a class=\"ez-toc-link ez-toc-heading-3\" href=\"https:\/\/saphirsmaragd.com\/tr\/urun\/anhaenger-auralite-23-herz-14k-gold\/#Besonderheiten\" >\u00d6zel \u00f6zellikler\u00a0<\/a><\/li><li class='ez-toc-page-1 ez-toc-heading-level-4'><a class=\"ez-toc-link ez-toc-heading-4\" href=\"https:\/\/saphirsmaragd.com\/tr\/urun\/anhaenger-auralite-23-herz-14k-gold\/#Mehr_uber_Auralite_Heilsteine\" >Mehr \u00fcber Auralite &amp; Heilsteine<\/a><\/li><\/ul><\/nav><\/div>\n<h4 data-start=\"766\" data-end=\"841\"><span class=\"ez-toc-section\" id=\"Anhanger_Auralite_23_Herz_mit_14k_Goldose_%E2%80%93_15_mm_%E2%80%93_Naturstein_Unikat\"><\/span><strong data-start=\"766\" data-end=\"841\">Anh\u00e4nger Auralite 23 Herz mit 14k Gold\u00f6se \u2013 15 mm \u2013 Naturstein &amp; Unikat<\/strong><span class=\"ez-toc-section-end\"><\/span><\/h4>\n<p data-start=\"843\" data-end=\"1054\">Dieser Anh\u00e4nger aus Auralite 23 Herz mit 14k Gold\u00f6se verbindet \u00e4sthetische Eleganz mit kraftvoller Heilenergie. Auralite 23 ist ein besonders starker Heilstein, der auf allen Chakras und Ebenen der Aura wirkt.<\/p>\n<hr data-start=\"1056\" data-end=\"1059\" \/>\n<h4 data-start=\"1061\" data-end=\"1090\"><span class=\"ez-toc-section\" id=\"Merkmale_Herkunft\"><\/span><strong data-start=\"1067\" data-end=\"1090\">\u00d6zellikler ve K\u00f6ken<\/strong><span class=\"ez-toc-section-end\"><\/span><\/h4>\n<p data-start=\"1092\" data-end=\"1361\">Farbe: Violett \/ Regenbogenfarben<br data-start=\"1129\" data-end=\"1132\" \/>Form: Herz, poliert<br data-start=\"1155\" data-end=\"1158\" \/>Material \u00d6se: 14k Gold<br data-start=\"1219\" data-end=\"1222\" \/>Ma\u00dfe: 15 mm<br data-start=\"1237\" data-end=\"1240\" \/>Safl\u0131k: Do\u011fal<br data-start=\"1263\" data-end=\"1266\" \/>\u0130\u015flem: Cilal\u0131<br data-start=\"1331\" data-end=\"1334\" \/>Steinart: Auralite 23<\/p>\n<hr data-start=\"1363\" data-end=\"1366\" \/>\n<h4 data-start=\"1368\" data-end=\"1402\"><span class=\"ez-toc-section\" id=\"Besonderheiten\"><\/span><strong data-start=\"1374\" data-end=\"1402\">\u00d6zel \u00f6zellikler\u00a0<\/strong><span class=\"ez-toc-section-end\"><\/span><\/h4>\n<p data-start=\"1404\" data-end=\"2035\">Auralite 23 ist ein kraftvoller Heilstein, der K\u00f6rper, Geist und Seele gleichzeitig unterst\u00fctzt.<br data-start=\"1500\" data-end=\"1503\" \/>Er balanciert die Chakras, l\u00f6st Blockaden und f\u00f6rdert den Energiefluss. Die Energie wird vom Stein gezielt an die richtigen Stellen geleitet, wirkt auf verschiedenen Ebenen und unterst\u00fctzt Heilungsprozesse von physischen Beschwerden bis hin zu karmischen Themen.<br data-start=\"1765\" data-end=\"1768\" \/>Der Anh\u00e4nger eignet sich besonders f\u00fcr Reiki, Quantum Touch, Meditation oder andere Formen der Energiearbeit. Er bringt Ruhe, Klarheit und Verbindung zu h\u00f6heren Energien, unterst\u00fctzt den Kontakt zu geistigen F\u00fchrern und regt die Selbstheilungskr\u00e4fte des K\u00f6rpers an.<\/p>\n<hr data-start=\"2037\" data-end=\"2040\" \/>\n<h4 data-start=\"2042\" data-end=\"2083\"><span class=\"ez-toc-section\" id=\"Mehr_uber_Auralite_Heilsteine\"><\/span><strong data-start=\"2048\" data-end=\"2083\">Mehr \u00fcber Auralite &amp; Heilsteine<\/strong><span class=\"ez-toc-section-end\"><\/span><\/h4>\n<p data-start=\"2085\" data-end=\"2134\"><a href=\"https:\/\/saphirsmaragd.com\/tr\/product-category\/heilsteine-kristalle-kaufen\/\">\u015eifal\u0131 ta\u015flar ve kristaller<\/a> | Auralite 23 &amp; Amethyst<\/p>\n<hr data-start=\"2037\" data-end=\"2040\" \/>\n<p data-start=\"2136\" data-end=\"2207\"><strong data-start=\"2136\" data-end=\"2150\">Wikipedia:<\/strong><br data-start=\"2150\" data-end=\"2153\" \/><a class=\"decorated-link cursor-pointer\" href=\"https:\/\/de.wikipedia.org\/wiki\/Auralite\" target=\"_new\" rel=\"noopener\" data-start=\"2167\" data-end=\"2205\">wikipedia:Auralite<\/a><\/p>","protected":false},"excerpt":{"rendered":"<p><em>Der Anh\u00e4nger Auralite 23 Herz mit 14k Gold\u00f6se misst ca. 15 mm und ist ein kraftvoller Heilstein f\u00fcr alle Chakras und die Verbindung zu h\u00f6heren Energien. Ideal f\u00fcr Meditation, Reiki, Energiearbeit oder spirituelle Praxis.<\/em><\/p>","protected":false},"featured_media":5677,"comment_status":"open","ping_status":"closed","template":"","meta":{"_glsr_average":0,"_glsr_ranking":0,"_glsr_reviews":0},"product_brand":[],"product_cat":[87],"product_tag":[],"class_list":{"0":"post-5676","1":"product","2":"type-product","3":"status-publish","4":"has-post-thumbnail","6":"product_cat-edelstein-anhaenger","8":"first","9":"instock","10":"shipping-taxable","11":"purchasable","12":"product-type-simple","13":"add-to-wishlist-before_image"},"jetpack_sharing_enabled":true,"_links":{"self":[{"href":"https:\/\/saphirsmaragd.com\/tr\/wp-json\/wp\/v2\/product\/5676","targetHints":{"allow":["GET"]}}],"collection":[{"href":"https:\/\/saphirsmaragd.com\/tr\/wp-json\/wp\/v2\/product"}],"about":[{"href":"https:\/\/saphirsmaragd.com\/tr\/wp-json\/wp\/v2\/types\/product"}],"replies":[{"embeddable":true,"href":"https:\/\/saphirsmaragd.com\/tr\/wp-json\/wp\/v2\/comments?post=5676"}],"version-history":[{"count":1,"href":"https:\/\/saphirsmaragd.com\/tr\/wp-json\/wp\/v2\/product\/5676\/revisions"}],"predecessor-version":[{"id":5679,"href":"https:\/\/saphirsmaragd.com\/tr\/wp-json\/wp\/v2\/product\/5676\/revisions\/5679"}],"wp:featuredmedia":[{"embeddable":true,"href":"https:\/\/saphirsmaragd.com\/tr\/wp-json\/wp\/v2\/media\/5677"}],"wp:attachment":[{"href":"https:\/\/saphirsmaragd.com\/tr\/wp-json\/wp\/v2\/media?parent=5676"}],"wp:term":[{"taxonomy":"product_brand","embeddable":true,"href":"https:\/\/saphirsmaragd.com\/tr\/wp-json\/wp\/v2\/product_brand?post=5676"},{"taxonomy":"product_cat","embeddable":true,"href":"https:\/\/saphirsmaragd.com\/tr\/wp-json\/wp\/v2\/product_cat?post=5676"},{"taxonomy":"product_tag","embeddable":true,"href":"https:\/\/saphirsmaragd.com\/tr\/wp-json\/wp\/v2\/product_tag?post=5676"}],"curies":[{"name":"wp","href":"https:\/\/api.w.org\/{rel}","templated":true}]}}