{"id":6637,"date":"2025-12-22T17:38:47","date_gmt":"2025-12-22T17:38:47","guid":{"rendered":"https:\/\/saphirsmaragd.com\/?post_type=product&#038;p=6637"},"modified":"2025-12-29T18:47:02","modified_gmt":"2025-12-29T18:47:02","slug":"demantoid-granat-ohrstecker-gelbgold","status":"publish","type":"product","link":"https:\/\/saphirsmaragd.com\/tr\/urun\/demantoid-granat-ohrstecker-gelbgold\/","title":{"rendered":"Demantoid Granat Ohrstecker Gelbgold 0.58 Karat \u2013 seltene gr\u00fcne Granate in 18k Gold"},"content":{"rendered":"<div id=\"ez-toc-container\" class=\"ez-toc-v2_0_82_2 counter-hierarchy ez-toc-counter ez-toc-grey ez-toc-container-direction\">\n<div class=\"ez-toc-title-container\">\n<p class=\"ez-toc-title\" style=\"cursor:inherit\">\u0130\u00e7indekiler<\/p>\n<span class=\"ez-toc-title-toggle\"><a href=\"#\" class=\"ez-toc-pull-right ez-toc-btn ez-toc-btn-xs ez-toc-btn-default ez-toc-toggle\" aria-label=\"\u0130\u00e7indekiler Tablosunu A\u00e7\/Kapat\"><span class=\"ez-toc-js-icon-con\"><span class=\"\"><span class=\"eztoc-hide\" style=\"display:none;\">Ge\u00e7i\u015f<\/span><span class=\"ez-toc-icon-toggle-span\"><svg style=\"fill: #999;color:#999\" xmlns=\"http:\/\/www.w3.org\/2000\/svg\" class=\"list-377408\" width=\"20px\" height=\"20px\" viewbox=\"0 0 24 24\" fill=\"none\"><path d=\"M6 6H4v2h2V6zm14 0H8v2h12V6zM4 11h2v2H4v-2zm16 0H8v2h12v-2zM4 16h2v2H4v-2zm16 0H8v2h12v-2z\" fill=\"currentColor\"><\/path><\/svg><svg style=\"fill: #999;color:#999\" class=\"arrow-unsorted-368013\" xmlns=\"http:\/\/www.w3.org\/2000\/svg\" width=\"10px\" height=\"10px\" viewbox=\"0 0 24 24\" version=\"1.2\" baseprofile=\"tiny\"><path d=\"M18.2 9.3l-6.2-6.3-6.2 6.3c-.2.2-.3.4-.3.7s.1.5.3.7c.2.2.4.3.7.3h11c.3 0 .5-.1.7-.3.2-.2.3-.5.3-.7s-.1-.5-.3-.7zM5.8 14.7l6.2 6.3 6.2-6.3c.2-.2.3-.5.3-.7s-.1-.5-.3-.7c-.2-.2-.4-.3-.7-.3h-11c-.3 0-.5.1-.7.3-.2.2-.3.5-.3.7s.1.5.3.7z\"\/><\/svg><\/span><\/span><\/span><\/a><\/span><\/div>\n<nav><ul class='ez-toc-list ez-toc-list-level-1' ><li class='ez-toc-page-1 ez-toc-heading-level-4'><a class=\"ez-toc-link ez-toc-heading-1\" href=\"https:\/\/saphirsmaragd.com\/tr\/urun\/demantoid-granat-ohrstecker-gelbgold\/#Demantoid_Granat_Ohrstecker_Gelbgold_058_Karat\" >Demantoid Granat Ohrstecker Gelbgold 0.58 Karat<\/a><\/li><li class='ez-toc-page-1 ez-toc-heading-level-4'><a class=\"ez-toc-link ez-toc-heading-2\" href=\"https:\/\/saphirsmaragd.com\/tr\/urun\/demantoid-granat-ohrstecker-gelbgold\/#Merkmale_Herkunft\" >\u00d6zellikler ve K\u00f6ken<\/a><\/li><li class='ez-toc-page-1 ez-toc-heading-level-4'><a class=\"ez-toc-link ez-toc-heading-3\" href=\"https:\/\/saphirsmaragd.com\/tr\/urun\/demantoid-granat-ohrstecker-gelbgold\/#Besonderheiten\" >\u00d6zel \u00f6zellikler<\/a><\/li><li class='ez-toc-page-1 ez-toc-heading-level-4'><a class=\"ez-toc-link ez-toc-heading-4\" href=\"https:\/\/saphirsmaragd.com\/tr\/urun\/demantoid-granat-ohrstecker-gelbgold\/#Mehr_uber_unsere_Edelsteine\" >De\u011ferli ta\u015flar\u0131m\u0131z hakk\u0131nda daha fazla bilgi<\/a><\/li><li class='ez-toc-page-1 ez-toc-heading-level-4'><a class=\"ez-toc-link ez-toc-heading-5\" href=\"https:\/\/saphirsmaragd.com\/tr\/urun\/demantoid-granat-ohrstecker-gelbgold\/#Weitere_Infos\" >Daha fazla bilgi<\/a><\/li><\/ul><\/nav><\/div>\n<h4 data-start=\"1384\" data-end=\"1437\"><span class=\"ez-toc-section\" id=\"Demantoid_Granat_Ohrstecker_Gelbgold_058_Karat\"><\/span>Demantoid Granat Ohrstecker Gelbgold 0.58 Karat<span class=\"ez-toc-section-end\"><\/span><\/h4>\n<p data-start=\"1439\" data-end=\"1782\">Diese <strong data-start=\"1445\" data-end=\"1496\">Demantoid Granat Ohrstecker Gelbgold 0.58 Karat<\/strong> vereinen au\u00dfergew\u00f6hnliche Seltenheit mit klassischer Eleganz. Die intensiv gr\u00fcnen Demantoid-Granate sind rund facettiert und zeichnen sich durch ihr lebendiges Feuer sowie ihre hohe Brillanz aus. Eingefasst in warmes 18-kar\u00e4tiges Gelbgold entstehen Ohrstecker von zeitloser Raffinesse.<\/p>\n<p data-start=\"1784\" data-end=\"2020\">Demantoid z\u00e4hlt zu den seltensten und wertvollsten Granaten weltweit und wird f\u00fcr seine au\u00dfergew\u00f6hnliche Lichtstreuung gesch\u00e4tzt. Diese Ohrstecker eignen sich ideal f\u00fcr Liebhaber exklusiver Edelsteine und hochwertiger Goldschmuckst\u00fccke.<\/p>\n<hr data-start=\"2022\" data-end=\"2025\" \/>\n<h4 data-start=\"2027\" data-end=\"2052\"><span class=\"ez-toc-section\" id=\"Merkmale_Herkunft\"><\/span>\u00d6zellikler ve K\u00f6ken<span class=\"ez-toc-section-end\"><\/span><\/h4>\n<p data-start=\"2054\" data-end=\"2361\">Schmuckart: Ohrstecker<br data-start=\"2076\" data-end=\"2079\" \/>Edelsteinart: Demantoid Granat<br data-start=\"2109\" data-end=\"2112\" \/>Anzahl Steine: 2<br data-start=\"2128\" data-end=\"2131\" \/>\u015eekil: Yuvarlak<br data-start=\"2141\" data-end=\"2144\" \/>Farbe: Intensives Gr\u00fcn mit gelblichen Lichtreflexen<br data-start=\"2195\" data-end=\"2198\" \/>Gewicht Edelsteine (gesamt): 0.58 Karat<br data-start=\"2237\" data-end=\"2240\" \/>Abmessungen Steine: ca. 4 mm<br data-start=\"2268\" data-end=\"2271\" \/>Men\u015fei: Madagaskar<br data-start=\"2291\" data-end=\"2294\" \/>Safl\u0131k: G\u00f6z temiz<br data-start=\"2313\" data-end=\"2316\" \/>Tedavi: Tedavi edilmemi\u015f<br data-start=\"2339\" data-end=\"2342\" \/>Mohs sertli\u011fi: 6,5-7<\/p>\n<p data-start=\"2363\" data-end=\"2602\">Metall: 18-kar\u00e4tiges Gelbgold (750\/1000)<br data-start=\"2403\" data-end=\"2406\" \/>Gewicht Schmuckst\u00fcck: ca. 1.60 g<br data-start=\"2438\" data-end=\"2441\" \/>Fassung: 4-Krappen-Fassung<br data-start=\"2467\" data-end=\"2470\" \/>Verschluss: Guardian (Sicherheitsverschluss)<br data-start=\"2514\" data-end=\"2517\" \/>\u00dcretim: Fransa<br data-start=\"2540\" data-end=\"2543\" \/>Zertifikat: Echtheitszertifikat (Val\u00e9rie DURAFFOURG, Gem-A)<\/p>\n<hr data-start=\"2604\" data-end=\"2607\" \/>\n<h4 data-start=\"2609\" data-end=\"2629\"><span class=\"ez-toc-section\" id=\"Besonderheiten\"><\/span>\u00d6zel \u00f6zellikler<span class=\"ez-toc-section-end\"><\/span><\/h4>\n<p data-start=\"2631\" data-end=\"3004\">Die <strong data-start=\"2635\" data-end=\"2686\">Demantoid Granat Ohrstecker Gelbgold 0.58 Karat<\/strong> geh\u00f6ren zu den exklusivsten Granat-Schmuckst\u00fccken \u00fcberhaupt. Demantoid ist f\u00fcr sein intensives Gr\u00fcn und seine au\u00dfergew\u00f6hnliche Dispersion bekannt, die selbst Diamanten \u00fcbertreffen kann. In Kombination mit hochwertigem Gelbgold entstehen Ohrstecker mit starkem Charakter, hoher Wertbest\u00e4ndigkeit und eleganter Pr\u00e4senz.<\/p>\n<hr data-start=\"1926\" data-end=\"1929\" \/>\n<h4 data-start=\"1931\" data-end=\"1971\"><span class=\"ez-toc-section\" id=\"Mehr_uber_unsere_Edelsteine\"><\/span>De\u011ferli ta\u015flar\u0131m\u0131z hakk\u0131nda daha fazla bilgi<span class=\"ez-toc-section-end\"><\/span><\/h4>\n<p data-start=\"1972\" data-end=\"2069\"><a href=\"https:\/\/saphirsmaragd.com\/tr\/product-category\/edelsteine-kaufen\/\">de\u011ferli ta\u015flar<\/a><\/p>\n<hr data-start=\"2071\" data-end=\"2074\" \/>\n<h4 data-start=\"2076\" data-end=\"2096\"><span class=\"ez-toc-section\" id=\"Weitere_Infos\"><\/span>Daha fazla bilgi<span class=\"ez-toc-section-end\"><\/span><\/h4>\n<p data-start=\"2097\" data-end=\"2160\"><a class=\"decorated-link cursor-pointer\" href=\"https:\/\/de.wikipedia.org\/wiki\/Demantoid\" target=\"_new\" rel=\"noopener\" data-start=\"2097\" data-end=\"2160\">Wikipedia: Demantoid<\/a><\/p>","protected":false},"excerpt":{"rendered":"<p data-start=\"497\" data-end=\"687\"><em>Demantoid Granat Ohrstecker Gelbgold 0.58 Karat mit nat\u00fcrlichen gr\u00fcnen Demantoid-Granaten aus Madagaskar. 18-kar\u00e4tiges Gelbgold, zertifizierte Edelsteinqualit\u00e4t aus franz\u00f6sischer Manufaktur.<\/em><\/p>\n<p data-start=\"575\" data-end=\"606\">","protected":false},"featured_media":6638,"comment_status":"open","ping_status":"closed","template":"","meta":{"_glsr_average":0,"_glsr_ranking":0,"_glsr_reviews":0},"product_brand":[],"product_cat":[82,111],"product_tag":[],"class_list":{"0":"post-6637","1":"product","2":"type-product","3":"status-publish","4":"has-post-thumbnail","6":"product_cat-ohrringe-kaufen","7":"product_cat-granat-kaufen","8":"pa_edelsteinart-granat","9":"pa_farbe-gruen","10":"pa_form-rund","11":"pa_gewicht-karat-0-5-1-0-karat","12":"pa_herkunft-madagaskar","13":"pa_reinheit-augenrein","14":"pa_veredelung-behandlung-unbehandelt","15":"pa_zertifikat-ja","16":"pa_zustand-neu","18":"first","19":"instock","20":"featured","21":"sold-individually","22":"shipping-taxable","23":"purchasable","24":"product-type-simple","25":"add-to-wishlist-before_image"},"jetpack_sharing_enabled":true,"_links":{"self":[{"href":"https:\/\/saphirsmaragd.com\/tr\/wp-json\/wp\/v2\/product\/6637","targetHints":{"allow":["GET"]}}],"collection":[{"href":"https:\/\/saphirsmaragd.com\/tr\/wp-json\/wp\/v2\/product"}],"about":[{"href":"https:\/\/saphirsmaragd.com\/tr\/wp-json\/wp\/v2\/types\/product"}],"replies":[{"embeddable":true,"href":"https:\/\/saphirsmaragd.com\/tr\/wp-json\/wp\/v2\/comments?post=6637"}],"version-history":[{"count":1,"href":"https:\/\/saphirsmaragd.com\/tr\/wp-json\/wp\/v2\/product\/6637\/revisions"}],"predecessor-version":[{"id":6639,"href":"https:\/\/saphirsmaragd.com\/tr\/wp-json\/wp\/v2\/product\/6637\/revisions\/6639"}],"wp:featuredmedia":[{"embeddable":true,"href":"https:\/\/saphirsmaragd.com\/tr\/wp-json\/wp\/v2\/media\/6638"}],"wp:attachment":[{"href":"https:\/\/saphirsmaragd.com\/tr\/wp-json\/wp\/v2\/media?parent=6637"}],"wp:term":[{"taxonomy":"product_brand","embeddable":true,"href":"https:\/\/saphirsmaragd.com\/tr\/wp-json\/wp\/v2\/product_brand?post=6637"},{"taxonomy":"product_cat","embeddable":true,"href":"https:\/\/saphirsmaragd.com\/tr\/wp-json\/wp\/v2\/product_cat?post=6637"},{"taxonomy":"product_tag","embeddable":true,"href":"https:\/\/saphirsmaragd.com\/tr\/wp-json\/wp\/v2\/product_tag?post=6637"}],"curies":[{"name":"wp","href":"https:\/\/api.w.org\/{rel}","templated":true}]}}