{"id":6640,"date":"2025-12-22T21:19:08","date_gmt":"2025-12-22T21:19:08","guid":{"rendered":"https:\/\/saphirsmaragd.com\/?post_type=product&#038;p=6640"},"modified":"2025-12-29T18:47:01","modified_gmt":"2025-12-29T18:47:01","slug":"diamant-ohrringe-18-karat-gold-seide","status":"publish","type":"product","link":"https:\/\/saphirsmaragd.com\/tr\/urun\/diamant-ohrringe-18-karat-gold-seide\/","title":{"rendered":"P\u0131rlanta k\u00fcpeler 18 ayar alt\u0131n ipek - 54 p\u0131rlantal\u0131 Frans\u0131z l\u00fcks\u00fc"},"content":{"rendered":"<div id=\"ez-toc-container\" class=\"ez-toc-v2_0_82_2 counter-hierarchy ez-toc-counter ez-toc-grey ez-toc-container-direction\">\n<div class=\"ez-toc-title-container\">\n<p class=\"ez-toc-title\" style=\"cursor:inherit\">\u0130\u00e7indekiler<\/p>\n<span class=\"ez-toc-title-toggle\"><a href=\"#\" class=\"ez-toc-pull-right ez-toc-btn ez-toc-btn-xs ez-toc-btn-default ez-toc-toggle\" aria-label=\"\u0130\u00e7indekiler Tablosunu A\u00e7\/Kapat\"><span class=\"ez-toc-js-icon-con\"><span class=\"\"><span class=\"eztoc-hide\" style=\"display:none;\">Ge\u00e7i\u015f<\/span><span class=\"ez-toc-icon-toggle-span\"><svg style=\"fill: #999;color:#999\" xmlns=\"http:\/\/www.w3.org\/2000\/svg\" class=\"list-377408\" width=\"20px\" height=\"20px\" viewbox=\"0 0 24 24\" fill=\"none\"><path d=\"M6 6H4v2h2V6zm14 0H8v2h12V6zM4 11h2v2H4v-2zm16 0H8v2h12v-2zM4 16h2v2H4v-2zm16 0H8v2h12v-2z\" fill=\"currentColor\"><\/path><\/svg><svg style=\"fill: #999;color:#999\" class=\"arrow-unsorted-368013\" xmlns=\"http:\/\/www.w3.org\/2000\/svg\" width=\"10px\" height=\"10px\" viewbox=\"0 0 24 24\" version=\"1.2\" baseprofile=\"tiny\"><path d=\"M18.2 9.3l-6.2-6.3-6.2 6.3c-.2.2-.3.4-.3.7s.1.5.3.7c.2.2.4.3.7.3h11c.3 0 .5-.1.7-.3.2-.2.3-.5.3-.7s-.1-.5-.3-.7zM5.8 14.7l6.2 6.3 6.2-6.3c.2-.2.3-.5.3-.7s-.1-.5-.3-.7c-.2-.2-.4-.3-.7-.3h-11c-.3 0-.5.1-.7.3-.2.2-.3.5-.3.7s.1.5.3.7z\"\/><\/svg><\/span><\/span><\/span><\/a><\/span><\/div>\n<nav><ul class='ez-toc-list ez-toc-list-level-1' ><li class='ez-toc-page-1 ez-toc-heading-level-4'><a class=\"ez-toc-link ez-toc-heading-1\" href=\"https:\/\/saphirsmaragd.com\/tr\/urun\/diamant-ohrringe-18-karat-gold-seide\/#Diamant_Ohrringe_18_Karat_Gold_Seide\" >Diamant Ohrringe 18 Karat Gold Seide<\/a><\/li><li class='ez-toc-page-1 ez-toc-heading-level-4'><a class=\"ez-toc-link ez-toc-heading-2\" href=\"https:\/\/saphirsmaragd.com\/tr\/urun\/diamant-ohrringe-18-karat-gold-seide\/#Merkmale_Herkunft\" >\u00d6zellikler ve K\u00f6ken<\/a><\/li><li class='ez-toc-page-1 ez-toc-heading-level-4'><a class=\"ez-toc-link ez-toc-heading-3\" href=\"https:\/\/saphirsmaragd.com\/tr\/urun\/diamant-ohrringe-18-karat-gold-seide\/#Besonderheiten\" >\u00d6zel \u00f6zellikler<\/a><\/li><li class='ez-toc-page-1 ez-toc-heading-level-4'><a class=\"ez-toc-link ez-toc-heading-4\" href=\"https:\/\/saphirsmaragd.com\/tr\/urun\/diamant-ohrringe-18-karat-gold-seide\/#Mehr_uber_unsere_Edelsteine\" >De\u011ferli ta\u015flar\u0131m\u0131z hakk\u0131nda daha fazla bilgi<\/a><\/li><li class='ez-toc-page-1 ez-toc-heading-level-4'><a class=\"ez-toc-link ez-toc-heading-5\" href=\"https:\/\/saphirsmaragd.com\/tr\/urun\/diamant-ohrringe-18-karat-gold-seide\/#Weitere_Infos\" >Daha fazla bilgi<\/a><\/li><\/ul><\/nav><\/div>\n<h4 data-start=\"1310\" data-end=\"1350\"><span class=\"ez-toc-section\" id=\"Diamant_Ohrringe_18_Karat_Gold_Seide\"><\/span>Diamant Ohrringe 18 Karat Gold Seide<span class=\"ez-toc-section-end\"><\/span><\/h4>\n<p data-start=\"1352\" data-end=\"1703\">Diese <strong data-start=\"1358\" data-end=\"1398\">Diamant Ohrringe 18 Karat Gold Seide<\/strong> vereinen au\u00dfergew\u00f6hnliches Design mit h\u00f6chster Goldschmiedekunst. Im Inneren der Ohrringe liegt ein feiner, kunstvoll gearbeiteter Seidenkern aus Gold, der von funkelnden Diamanten umrahmt wird. Das Zusammenspiel aus Struktur, Licht und Edelmetall verleiht diesen Ohrringen eine unverwechselbare Eleganz.<\/p>\n<p data-start=\"1705\" data-end=\"1912\">Gefertigt von einem franz\u00f6sischen Juwelier, stehen diese Ohrringe f\u00fcr luxuri\u00f6se Handarbeit, raffinierte Details und zeitlose Sch\u00f6nheit. Ideal f\u00fcr besondere Anl\u00e4sse oder als exklusives Statement-Schmuckst\u00fcck.<\/p>\n<hr data-start=\"1914\" data-end=\"1917\" \/>\n<h4 data-start=\"1919\" data-end=\"1942\"><span class=\"ez-toc-section\" id=\"Merkmale_Herkunft\"><\/span>\u00d6zellikler ve K\u00f6ken<span class=\"ez-toc-section-end\"><\/span><\/h4>\n<p data-start=\"1944\" data-end=\"2113\">Schmuckart: Ohrringe<br data-start=\"1964\" data-end=\"1967\" \/>Edelsteinart: Diamant<br data-start=\"1988\" data-end=\"1991\" \/>Anzahl Diamanten: 54<br data-start=\"2011\" data-end=\"2014\" \/>Schliff: Rund<br data-start=\"3046\" data-end=\"3049\" \/>Tedavi: Tedavi edilmemi\u015f<br data-start=\"3072\" data-end=\"3075\" \/>Mohs-H\u00e4rte: 10<\/p>\n<p data-start=\"1944\" data-end=\"2113\">Farbe Diamanten: GH<br data-start=\"2060\" data-end=\"2063\" \/>Reinheit: IF<br data-start=\"2075\" data-end=\"2078\" \/>Zertifizierung: Kimberley-Prozess<\/p>\n<p data-start=\"2115\" data-end=\"2324\">Metall: 18 Karat Gold (750\/1000)<br data-start=\"2147\" data-end=\"2150\" \/>Goldfarben: Gelbgold &amp; Wei\u00dfgold<br data-start=\"2181\" data-end=\"2184\" \/>Gewicht Schmuckst\u00fcck: ca. 4.89 g<br data-start=\"2216\" data-end=\"2219\" \/>Verschluss: Haken<br data-start=\"2236\" data-end=\"2239\" \/>\u00dcretim: Fransa<br data-start=\"2262\" data-end=\"2265\" \/>Zertifikat: Echtheitszertifikat (Val\u00e9rie DURAFFOURG, Gem-A)<\/p>\n<hr data-start=\"2326\" data-end=\"2329\" \/>\n<h4 data-start=\"2331\" data-end=\"2349\"><span class=\"ez-toc-section\" id=\"Besonderheiten\"><\/span>\u00d6zel \u00f6zellikler<span class=\"ez-toc-section-end\"><\/span><\/h4>\n<p data-start=\"2351\" data-end=\"2710\">Die <strong data-start=\"2355\" data-end=\"2395\">Diamant Ohrringe 18 Karat Gold Seide<\/strong> zeichnen sich durch ihre au\u00dfergew\u00f6hnliche Textur und Tiefe aus. Der goldene Seidenkern sorgt f\u00fcr ein lebendiges Lichtspiel, w\u00e4hrend die Diamanten dem Schmuckst\u00fcck Brillanz und Eleganz verleihen. Ein Design, das sowohl modern als auch klassisch wirkt \u2013 perfekt f\u00fcr anspruchsvolle Liebhaberinnen exklusiven Schmucks.<\/p>\n<hr data-start=\"1926\" data-end=\"1929\" \/>\n<h4 data-start=\"1931\" data-end=\"1971\"><span class=\"ez-toc-section\" id=\"Mehr_uber_unsere_Edelsteine\"><\/span>De\u011ferli ta\u015flar\u0131m\u0131z hakk\u0131nda daha fazla bilgi<span class=\"ez-toc-section-end\"><\/span><\/h4>\n<p data-start=\"1972\" data-end=\"2069\"><a href=\"https:\/\/saphirsmaragd.com\/tr\/product-category\/edelsteine-kaufen\/\">de\u011ferli ta\u015flar<\/a><\/p>\n<hr data-start=\"2071\" data-end=\"2074\" \/>\n<h4 data-start=\"2076\" data-end=\"2096\"><span class=\"ez-toc-section\" id=\"Weitere_Infos\"><\/span>Daha fazla bilgi<span class=\"ez-toc-section-end\"><\/span><\/h4>\n<p data-start=\"2097\" data-end=\"2160\"><a class=\"decorated-link cursor-pointer\" href=\"https:\/\/de.wikipedia.org\/wiki\/Diamant\" target=\"_new\" rel=\"noopener\" data-start=\"2097\" data-end=\"2160\">Wikipedia: Diamant<\/a><\/p>","protected":false},"excerpt":{"rendered":"<p data-start=\"618\" data-end=\"757\"><em>Diamant Ohrringe 18 Karat Gold Seide und 54 nat\u00fcrlichen Diamanten. Franz\u00f6sische Manufakturarbeit, elegant und exklusiv.<\/em><\/p>\n<p data-start=\"575\" data-end=\"606\">","protected":false},"featured_media":6646,"comment_status":"open","ping_status":"closed","template":"","meta":{"_glsr_average":0,"_glsr_ranking":0,"_glsr_reviews":0},"product_brand":[],"product_cat":[82,111],"product_tag":[],"class_list":{"0":"post-6640","1":"product","2":"type-product","3":"status-publish","4":"has-post-thumbnail","6":"product_cat-ohrringe-kaufen","7":"product_cat-granat-kaufen","8":"pa_edelsteinart-diamant","9":"pa_farbe-weiss","10":"pa_form-rund","11":"pa_gewicht-karat-0-5-1-0-karat","12":"pa_reinheit-lupenrein","13":"pa_veredelung-behandlung-unbehandelt","14":"pa_zertifikat-ja","15":"pa_zustand-neu","17":"first","18":"instock","19":"featured","20":"sold-individually","21":"shipping-taxable","22":"purchasable","23":"product-type-simple","24":"add-to-wishlist-before_image"},"jetpack_sharing_enabled":true,"_links":{"self":[{"href":"https:\/\/saphirsmaragd.com\/tr\/wp-json\/wp\/v2\/product\/6640","targetHints":{"allow":["GET"]}}],"collection":[{"href":"https:\/\/saphirsmaragd.com\/tr\/wp-json\/wp\/v2\/product"}],"about":[{"href":"https:\/\/saphirsmaragd.com\/tr\/wp-json\/wp\/v2\/types\/product"}],"replies":[{"embeddable":true,"href":"https:\/\/saphirsmaragd.com\/tr\/wp-json\/wp\/v2\/comments?post=6640"}],"version-history":[{"count":1,"href":"https:\/\/saphirsmaragd.com\/tr\/wp-json\/wp\/v2\/product\/6640\/revisions"}],"predecessor-version":[{"id":6647,"href":"https:\/\/saphirsmaragd.com\/tr\/wp-json\/wp\/v2\/product\/6640\/revisions\/6647"}],"wp:featuredmedia":[{"embeddable":true,"href":"https:\/\/saphirsmaragd.com\/tr\/wp-json\/wp\/v2\/media\/6646"}],"wp:attachment":[{"href":"https:\/\/saphirsmaragd.com\/tr\/wp-json\/wp\/v2\/media?parent=6640"}],"wp:term":[{"taxonomy":"product_brand","embeddable":true,"href":"https:\/\/saphirsmaragd.com\/tr\/wp-json\/wp\/v2\/product_brand?post=6640"},{"taxonomy":"product_cat","embeddable":true,"href":"https:\/\/saphirsmaragd.com\/tr\/wp-json\/wp\/v2\/product_cat?post=6640"},{"taxonomy":"product_tag","embeddable":true,"href":"https:\/\/saphirsmaragd.com\/tr\/wp-json\/wp\/v2\/product_tag?post=6640"}],"curies":[{"name":"wp","href":"https:\/\/api.w.org\/{rel}","templated":true}]}}