{"id":7095,"date":"2025-12-28T14:08:57","date_gmt":"2025-12-28T14:08:57","guid":{"rendered":"https:\/\/saphirsmaragd.com\/?post_type=product&#038;p=7095"},"modified":"2025-12-29T18:46:28","modified_gmt":"2025-12-29T18:46:28","slug":"natuerlicher-ovaler-blauer-opal-6-03-karat","status":"publish","type":"product","link":"https:\/\/saphirsmaragd.com\/tr\/urun\/natuerlicher-ovaler-blauer-opal-6-03-karat\/","title":{"rendered":"Peru'dan 6,03 karat do\u011fal oval mavi opal"},"content":{"rendered":"<div id=\"ez-toc-container\" class=\"ez-toc-v2_0_82_2 counter-hierarchy ez-toc-counter ez-toc-grey ez-toc-container-direction\">\n<div class=\"ez-toc-title-container\">\n<p class=\"ez-toc-title\" style=\"cursor:inherit\">\u0130\u00e7indekiler<\/p>\n<span class=\"ez-toc-title-toggle\"><a href=\"#\" class=\"ez-toc-pull-right ez-toc-btn ez-toc-btn-xs ez-toc-btn-default ez-toc-toggle\" aria-label=\"\u0130\u00e7indekiler Tablosunu A\u00e7\/Kapat\"><span class=\"ez-toc-js-icon-con\"><span class=\"\"><span class=\"eztoc-hide\" style=\"display:none;\">Ge\u00e7i\u015f<\/span><span class=\"ez-toc-icon-toggle-span\"><svg style=\"fill: #999;color:#999\" xmlns=\"http:\/\/www.w3.org\/2000\/svg\" class=\"list-377408\" width=\"20px\" height=\"20px\" viewbox=\"0 0 24 24\" fill=\"none\"><path d=\"M6 6H4v2h2V6zm14 0H8v2h12V6zM4 11h2v2H4v-2zm16 0H8v2h12v-2zM4 16h2v2H4v-2zm16 0H8v2h12v-2z\" fill=\"currentColor\"><\/path><\/svg><svg style=\"fill: #999;color:#999\" class=\"arrow-unsorted-368013\" xmlns=\"http:\/\/www.w3.org\/2000\/svg\" width=\"10px\" height=\"10px\" viewbox=\"0 0 24 24\" version=\"1.2\" baseprofile=\"tiny\"><path d=\"M18.2 9.3l-6.2-6.3-6.2 6.3c-.2.2-.3.4-.3.7s.1.5.3.7c.2.2.4.3.7.3h11c.3 0 .5-.1.7-.3.2-.2.3-.5.3-.7s-.1-.5-.3-.7zM5.8 14.7l6.2 6.3 6.2-6.3c.2-.2.3-.5.3-.7s-.1-.5-.3-.7c-.2-.2-.4-.3-.7-.3h-11c-.3 0-.5.1-.7.3-.2.2-.3.5-.3.7s.1.5.3.7z\"\/><\/svg><\/span><\/span><\/span><\/a><\/span><\/div>\n<nav><ul class='ez-toc-list ez-toc-list-level-1' ><li class='ez-toc-page-1 ez-toc-heading-level-4'><a class=\"ez-toc-link ez-toc-heading-1\" href=\"https:\/\/saphirsmaragd.com\/tr\/urun\/natuerlicher-ovaler-blauer-opal-6-03-karat\/#Naturlicher_ovaler_blauer_Opal_603_Karat\" >Nat\u00fcrlicher ovaler blauer Opal 6.03 Karat<\/a><\/li><li class='ez-toc-page-1 ez-toc-heading-level-4'><a class=\"ez-toc-link ez-toc-heading-2\" href=\"https:\/\/saphirsmaragd.com\/tr\/urun\/natuerlicher-ovaler-blauer-opal-6-03-karat\/#Merkmale_Herkunft\" >\u00d6zellikler ve K\u00f6ken<\/a><\/li><li class='ez-toc-page-1 ez-toc-heading-level-4'><a class=\"ez-toc-link ez-toc-heading-3\" href=\"https:\/\/saphirsmaragd.com\/tr\/urun\/natuerlicher-ovaler-blauer-opal-6-03-karat\/#Besonderheiten\" >\u00d6zel \u00f6zellikler<\/a><\/li><li class='ez-toc-page-1 ez-toc-heading-level-4'><a class=\"ez-toc-link ez-toc-heading-4\" href=\"https:\/\/saphirsmaragd.com\/tr\/urun\/natuerlicher-ovaler-blauer-opal-6-03-karat\/#Mehr_uber_unsere_Edelsteine\" >De\u011ferli ta\u015flar\u0131m\u0131z hakk\u0131nda daha fazla bilgi<\/a><\/li><li class='ez-toc-page-1 ez-toc-heading-level-4'><a class=\"ez-toc-link ez-toc-heading-5\" href=\"https:\/\/saphirsmaragd.com\/tr\/urun\/natuerlicher-ovaler-blauer-opal-6-03-karat\/#Weitere_Infos\" >Daha fazla bilgi<\/a><\/li><\/ul><\/nav><\/div>\n<h4 data-start=\"839\" data-end=\"886\"><span class=\"ez-toc-section\" id=\"Naturlicher_ovaler_blauer_Opal_603_Karat\"><\/span>Nat\u00fcrlicher ovaler blauer Opal 6.03 Karat<span class=\"ez-toc-section-end\"><\/span><\/h4>\n<p data-start=\"887\" data-end=\"1234\">Dieser nat\u00fcrliche blaue Opal aus Peru \u00fcberzeugt durch seine au\u00dfergew\u00f6hnlich gleichm\u00e4\u00dfige, intensive Blauf\u00e4rbung und seine harmonische ovale Form. Im Gegensatz zu klassischen Edelopalen zeigt dieser Opal kein Farbspiel, sondern besticht durch seine klare, ruhige Farbwirkung, die ihn besonders beliebt f\u00fcr moderne und elegante Schmuckdesigns macht.<\/p>\n<hr data-start=\"1236\" data-end=\"1239\" \/>\n<h4 data-start=\"1241\" data-end=\"1267\"><span class=\"ez-toc-section\" id=\"Merkmale_Herkunft\"><\/span>\u00d6zellikler ve K\u00f6ken<span class=\"ez-toc-section-end\"><\/span><\/h4>\n<p>Steinart: Opal<br data-start=\"706\" data-end=\"709\" \/>Renk: Mavi<br data-start=\"720\" data-end=\"723\" \/>\u015eekil Oval<br data-start=\"733\" data-end=\"736\" \/>Gewicht: 6.03 Karat<br data-start=\"755\" data-end=\"758\" \/>Abmessungen: 14.7 \u00d7 11.7 mm<br data-start=\"785\" data-end=\"788\" \/>Herkunft: Peru<br data-start=\"802\" data-end=\"805\" \/>Safl\u0131k: G\u00f6z temiz<br data-start=\"824\" data-end=\"827\" \/>Tedavi: Tedavi edilmemi\u015f<br data-start=\"850\" data-end=\"853\" \/>G\u00f6zlem: Do\u011fal<br data-start=\"875\" data-end=\"878\" \/>Mohs-H\u00e4rte: 5.5\u20136.5<br data-start=\"897\" data-end=\"900\" \/>Durum: Yeni<\/p>\n<hr data-start=\"1453\" data-end=\"1456\" \/>\n<h4 data-start=\"1458\" data-end=\"1479\"><span class=\"ez-toc-section\" id=\"Besonderheiten\"><\/span>\u00d6zel \u00f6zellikler<span class=\"ez-toc-section-end\"><\/span><\/h4>\n<p data-start=\"1480\" data-end=\"1975\">Der Nat\u00fcrlicher ovaler blauer Opal 6.03 Karat zeichnet sich durch seine nahezu perfekt gleichm\u00e4\u00dfige Farbverteilung aus, die nur bei wenigen peruanischen Opalen in dieser Qualit\u00e4t zu finden ist. Die glatte Oberfl\u00e4che und die klare ovale Form machen diesen Edelstein ideal f\u00fcr hochwertige Fassungen, bei denen Ruhe, Eleganz und Farbharmonie im Vordergrund stehen. Durch seine nat\u00fcrliche Entstehung ohne k\u00fcnstliche Behandlungen eignet sich dieser Opal besonders f\u00fcr anspruchsvolle Schmuckliebhaber.<\/p>\n<hr data-start=\"1926\" data-end=\"1929\" \/>\n<h4 data-start=\"1931\" data-end=\"1971\"><span class=\"ez-toc-section\" id=\"Mehr_uber_unsere_Edelsteine\"><\/span>De\u011ferli ta\u015flar\u0131m\u0131z hakk\u0131nda daha fazla bilgi<span class=\"ez-toc-section-end\"><\/span><\/h4>\n<p data-start=\"1972\" data-end=\"2069\"><a href=\"https:\/\/saphirsmaragd.com\/tr\/product-category\/edelsteine-kaufen\/\">de\u011ferli ta\u015flar<\/a><\/p>\n<hr data-start=\"2071\" data-end=\"2074\" \/>\n<h4 data-start=\"2076\" data-end=\"2096\"><span class=\"ez-toc-section\" id=\"Weitere_Infos\"><\/span>Daha fazla bilgi<span class=\"ez-toc-section-end\"><\/span><\/h4>\n<p><a href=\"https:\/\/de.wikipedia.org\/wiki\/Opal\" target=\"_blank\" rel=\"noopener\">Wikipedia: Opal<\/a><\/p>","protected":false},"excerpt":{"rendered":"<p data-start=\"584\" data-end=\"730\"><em>Nat\u00fcrlicher ovaler blauer Opal 6.03 Karat aus Peru mit intensiver, gleichm\u00e4\u00dfiger Blauf\u00e4rbung. Hochwertiger Natur-Opal f\u00fcr exklusive Schmuckst\u00fccke.<\/em><\/p>\n<h3 data-start=\"660\" data-end=\"684\"><\/h3>\n<p data-start=\"575\" data-end=\"606\">","protected":false},"featured_media":7096,"comment_status":"open","ping_status":"closed","template":"","meta":{"_glsr_average":0,"_glsr_ranking":0,"_glsr_reviews":0},"product_brand":[],"product_cat":[75],"product_tag":[],"class_list":{"0":"post-7095","1":"product","2":"type-product","3":"status-publish","4":"has-post-thumbnail","6":"product_cat-opale-kaufen","7":"pa_edelsteinart-opal","8":"pa_farbe-blau","9":"pa_form-oval","10":"pa_gewicht-karat-5-0-10-karat","11":"pa_herkunft-australien","12":"pa_reinheit-augenrein","13":"pa_veredelung-behandlung-unbehandelt","14":"pa_zustand-neu","16":"first","17":"instock","18":"featured","19":"sold-individually","20":"shipping-taxable","21":"purchasable","22":"product-type-simple","23":"add-to-wishlist-before_image"},"jetpack_sharing_enabled":true,"_links":{"self":[{"href":"https:\/\/saphirsmaragd.com\/tr\/wp-json\/wp\/v2\/product\/7095","targetHints":{"allow":["GET"]}}],"collection":[{"href":"https:\/\/saphirsmaragd.com\/tr\/wp-json\/wp\/v2\/product"}],"about":[{"href":"https:\/\/saphirsmaragd.com\/tr\/wp-json\/wp\/v2\/types\/product"}],"replies":[{"embeddable":true,"href":"https:\/\/saphirsmaragd.com\/tr\/wp-json\/wp\/v2\/comments?post=7095"}],"version-history":[{"count":1,"href":"https:\/\/saphirsmaragd.com\/tr\/wp-json\/wp\/v2\/product\/7095\/revisions"}],"predecessor-version":[{"id":7097,"href":"https:\/\/saphirsmaragd.com\/tr\/wp-json\/wp\/v2\/product\/7095\/revisions\/7097"}],"wp:featuredmedia":[{"embeddable":true,"href":"https:\/\/saphirsmaragd.com\/tr\/wp-json\/wp\/v2\/media\/7096"}],"wp:attachment":[{"href":"https:\/\/saphirsmaragd.com\/tr\/wp-json\/wp\/v2\/media?parent=7095"}],"wp:term":[{"taxonomy":"product_brand","embeddable":true,"href":"https:\/\/saphirsmaragd.com\/tr\/wp-json\/wp\/v2\/product_brand?post=7095"},{"taxonomy":"product_cat","embeddable":true,"href":"https:\/\/saphirsmaragd.com\/tr\/wp-json\/wp\/v2\/product_cat?post=7095"},{"taxonomy":"product_tag","embeddable":true,"href":"https:\/\/saphirsmaragd.com\/tr\/wp-json\/wp\/v2\/product_tag?post=7095"}],"curies":[{"name":"wp","href":"https:\/\/api.w.org\/{rel}","templated":true}]}}