{"id":7889,"date":"2026-01-22T11:17:10","date_gmt":"2026-01-22T11:17:10","guid":{"rendered":"https:\/\/saphirsmaragd.com\/?post_type=product&#038;p=7889"},"modified":"2026-01-22T11:19:27","modified_gmt":"2026-01-22T11:19:27","slug":"armband-mit-aquamarin-blau-2","status":"publish","type":"product","link":"https:\/\/saphirsmaragd.com\/tr\/urun\/armband-mit-aquamarin-blau-2\/","title":{"rendered":"Akuamarin mavisi bileklik - 14 ayar alt\u0131n boncuklu de\u011ferli ta\u015f bileklik"},"content":{"rendered":"<div id=\"ez-toc-container\" class=\"ez-toc-v2_0_82_2 counter-hierarchy ez-toc-counter ez-toc-grey ez-toc-container-direction\">\n<div class=\"ez-toc-title-container\">\n<p class=\"ez-toc-title\" style=\"cursor:inherit\">\u0130\u00e7indekiler<\/p>\n<span class=\"ez-toc-title-toggle\"><a href=\"#\" class=\"ez-toc-pull-right ez-toc-btn ez-toc-btn-xs ez-toc-btn-default ez-toc-toggle\" aria-label=\"\u0130\u00e7indekiler Tablosunu A\u00e7\/Kapat\"><span class=\"ez-toc-js-icon-con\"><span class=\"\"><span class=\"eztoc-hide\" style=\"display:none;\">Ge\u00e7i\u015f<\/span><span class=\"ez-toc-icon-toggle-span\"><svg style=\"fill: #999;color:#999\" xmlns=\"http:\/\/www.w3.org\/2000\/svg\" class=\"list-377408\" width=\"20px\" height=\"20px\" viewbox=\"0 0 24 24\" fill=\"none\"><path d=\"M6 6H4v2h2V6zm14 0H8v2h12V6zM4 11h2v2H4v-2zm16 0H8v2h12v-2zM4 16h2v2H4v-2zm16 0H8v2h12v-2z\" fill=\"currentColor\"><\/path><\/svg><svg style=\"fill: #999;color:#999\" class=\"arrow-unsorted-368013\" xmlns=\"http:\/\/www.w3.org\/2000\/svg\" width=\"10px\" height=\"10px\" viewbox=\"0 0 24 24\" version=\"1.2\" baseprofile=\"tiny\"><path d=\"M18.2 9.3l-6.2-6.3-6.2 6.3c-.2.2-.3.4-.3.7s.1.5.3.7c.2.2.4.3.7.3h11c.3 0 .5-.1.7-.3.2-.2.3-.5.3-.7s-.1-.5-.3-.7zM5.8 14.7l6.2 6.3 6.2-6.3c.2-.2.3-.5.3-.7s-.1-.5-.3-.7c-.2-.2-.4-.3-.7-.3h-11c-.3 0-.5.1-.7.3-.2.2-.3.5-.3.7s.1.5.3.7z\"\/><\/svg><\/span><\/span><\/span><\/a><\/span><\/div>\n<nav><ul class='ez-toc-list ez-toc-list-level-1' ><li class='ez-toc-page-1 ez-toc-heading-level-4'><a class=\"ez-toc-link ez-toc-heading-1\" href=\"https:\/\/saphirsmaragd.com\/tr\/urun\/armband-mit-aquamarin-blau-2\/#Armband_mit_Aquamarin_Blau_%E2%80%93_Elastisches_Edelsteinarmband_mit_14K_Goldperle\" >Armband mit Aquamarin Blau \u2013 Elastisches Edelsteinarmband mit 14K Goldperle<\/a><\/li><li class='ez-toc-page-1 ez-toc-heading-level-4'><a class=\"ez-toc-link ez-toc-heading-2\" href=\"https:\/\/saphirsmaragd.com\/tr\/urun\/armband-mit-aquamarin-blau-2\/#_Merkmale_Herkunft\" >\u00a0\u00d6zellikler ve K\u00f6ken<\/a><\/li><li class='ez-toc-page-1 ez-toc-heading-level-4'><a class=\"ez-toc-link ez-toc-heading-3\" href=\"https:\/\/saphirsmaragd.com\/tr\/urun\/armband-mit-aquamarin-blau-2\/#_Besonderheiten\" >\u00a0\u00d6zel \u00f6zellikler<\/a><\/li><li class='ez-toc-page-1 ez-toc-heading-level-4'><a class=\"ez-toc-link ez-toc-heading-4\" href=\"https:\/\/saphirsmaragd.com\/tr\/urun\/armband-mit-aquamarin-blau-2\/#_Mehr_uber_Achate_Heilsteine\" >\u00a0Agatlar ve \u015fifal\u0131 ta\u015flar hakk\u0131nda daha fazla bilgi<\/a><\/li><li class='ez-toc-page-1 ez-toc-heading-level-4'><a class=\"ez-toc-link ez-toc-heading-5\" href=\"https:\/\/saphirsmaragd.com\/tr\/urun\/armband-mit-aquamarin-blau-2\/#_Weitere_Infos\" >\u00a0Daha fazla bilgi<\/a><\/li><\/ul><\/nav><\/div>\n<h4 data-start=\"957\" data-end=\"1040\"><span class=\"ez-toc-section\" id=\"Armband_mit_Aquamarin_Blau_%E2%80%93_Elastisches_Edelsteinarmband_mit_14K_Goldperle\"><\/span><strong data-start=\"961\" data-end=\"1040\">Armband mit Aquamarin Blau \u2013 Elastisches Edelsteinarmband mit 14K Goldperle<\/strong><span class=\"ez-toc-section-end\"><\/span><\/h4>\n<p data-start=\"1042\" data-end=\"1218\">Das Armband mit Aquamarin Blau ist ein hochwertiges Edelsteinarmband, das durch seine frische blaue Farbe, seine beruhigende Ausstrahlung und seine edle Verarbeitung \u00fcberzeugt.<\/p>\n<hr data-start=\"2365\" data-end=\"2368\" \/>\n<h4 data-start=\"1187\" data-end=\"1215\"><span class=\"ez-toc-section\" id=\"_Merkmale_Herkunft\"><\/span>\u00a0\u00d6zellikler ve K\u00f6ken<span class=\"ez-toc-section-end\"><\/span><\/h4>\n<p data-start=\"1216\" data-end=\"1508\">Renk: Mavi<br data-start=\"1260\" data-end=\"1263\" \/>\u015eekil: K\u00fcre<br data-start=\"1309\" data-end=\"1312\" \/>Boyutlar: Boncuk \u00e7ap\u0131 yakla\u015f\u0131k 6 mm<br data-start=\"1344\" data-end=\"1347\" \/>Safl\u0131k: Do\u011fal ta\u015f<br data-start=\"1393\" data-end=\"1396\" \/>Sertifika: Hay\u0131r<br data-start=\"1412\" data-end=\"1415\" \/>Durum: Yeni<br data-start=\"1427\" data-end=\"1430\" \/>Ta\u015f t\u00fcr\u00fc: Akuamarin<br data-start=\"1449\" data-end=\"1452\" \/>Malzeme: Elastik bant, 14 ayar alt\u0131n boncuk<br data-start=\"1498\" data-end=\"1501\" \/>Tak\u0131 t\u00fcr\u00fc: Bilezik<br data-start=\"1520\" data-end=\"1523\" \/>Uzunluk: yakla\u015f\u0131k 18 cm<\/p>\n<hr data-start=\"2365\" data-end=\"2368\" \/>\n<h4 data-start=\"1510\" data-end=\"1533\"><span class=\"ez-toc-section\" id=\"_Besonderheiten\"><\/span>\u00a0\u00d6zel \u00f6zellikler<span class=\"ez-toc-section-end\"><\/span><\/h4>\n<p data-start=\"1567\" data-end=\"1906\">Der Aquamarin wird traditionell mit innerer Ruhe, Ausgeglichenheit und geistiger Klarheit in Verbindung gebracht. Seine k\u00fchlende, harmonisierende Energie hilft dabei, Stress, innere Anspannung und emotionale Unruhe zu l\u00f6sen. Das Armband mit Aquamarin Blau unterst\u00fctzt eine ausgewogene Balance zwischen Entspannung und fokussiertem Handeln.<\/p>\n<p data-start=\"1908\" data-end=\"2329\">Dar\u00fcber hinaus wirkt der Aquamarin besonders auf das Halschakra und f\u00f6rdert klare Kommunikation sowie authentische Selbst\u00adaus\u00addrucks\u00adkraft. Er hilft dabei, die richtigen Worte zu finden, offen zu sprechen und auch in anspruchsvollen Gespr\u00e4chen ruhig und souver\u00e4n zu bleiben. Das Armband mit Aquamarin Blau ist daher ein gesch\u00e4tzter Begleiter f\u00fcr Pr\u00e4sentationen, Konfliktgespr\u00e4che, Lehre und pers\u00f6nliche Weiterentwicklung.<\/p>\n<hr data-start=\"2365\" data-end=\"2368\" \/>\n<h4 data-start=\"2232\" data-end=\"2270\"><span class=\"ez-toc-section\" id=\"_Mehr_uber_Achate_Heilsteine\"><\/span>\u00a0Agatlar ve \u015fifal\u0131 ta\u015flar hakk\u0131nda daha fazla bilgi<span class=\"ez-toc-section-end\"><\/span><\/h4>\n<p data-start=\"2271\" data-end=\"2322\">\u015eifal\u0131 Ta\u015flar ve Kristaller | <a class=\"decorated-link\" href=\"https:\/\/saphirsmaragd.com\/tr\/product-category\/heilsteine-kristalle-kaufen\/\" rel=\"noopener\" data-start=\"2301\" data-end=\"2322\">Safir ve Z\u00fcmr\u00fct<\/a><\/p>\n<hr data-start=\"2365\" data-end=\"2368\" \/>\n<h4 data-start=\"2324\" data-end=\"2346\"><span class=\"ez-toc-section\" id=\"_Weitere_Infos\"><\/span>\u00a0Daha fazla bilgi<span class=\"ez-toc-section-end\"><\/span><\/h4>\n<p data-start=\"2347\" data-end=\"2363\">Wikipedia:<a href=\"https:\/\/de.wikipedia.org\/wiki\/Aquamarin\" target=\"_blank\" rel=\"noopener\">Akuamarin<\/a><\/p>","protected":false},"excerpt":{"rendered":"<p><em>Das Armband mit Aquamarin Blau ist ein elastisches Edelsteinarmband mit 14-kar\u00e4tiger Goldperle und steht f\u00fcr innere Ruhe, Balance und klare Kommunikation.<\/em><\/p>","protected":false},"featured_media":7890,"comment_status":"open","ping_status":"closed","template":"","meta":{"_glsr_average":0,"_glsr_ranking":0,"_glsr_reviews":0},"product_brand":[],"product_cat":[331],"product_tag":[],"class_list":{"0":"post-7889","1":"product","2":"type-product","3":"status-publish","4":"has-post-thumbnail","6":"product_cat-edelsteinarmbaender-kaufen","8":"first","9":"instock","10":"shipping-taxable","11":"purchasable","12":"product-type-simple","13":"add-to-wishlist-before_image"},"jetpack_sharing_enabled":true,"_links":{"self":[{"href":"https:\/\/saphirsmaragd.com\/tr\/wp-json\/wp\/v2\/product\/7889","targetHints":{"allow":["GET"]}}],"collection":[{"href":"https:\/\/saphirsmaragd.com\/tr\/wp-json\/wp\/v2\/product"}],"about":[{"href":"https:\/\/saphirsmaragd.com\/tr\/wp-json\/wp\/v2\/types\/product"}],"replies":[{"embeddable":true,"href":"https:\/\/saphirsmaragd.com\/tr\/wp-json\/wp\/v2\/comments?post=7889"}],"version-history":[{"count":2,"href":"https:\/\/saphirsmaragd.com\/tr\/wp-json\/wp\/v2\/product\/7889\/revisions"}],"predecessor-version":[{"id":7892,"href":"https:\/\/saphirsmaragd.com\/tr\/wp-json\/wp\/v2\/product\/7889\/revisions\/7892"}],"wp:featuredmedia":[{"embeddable":true,"href":"https:\/\/saphirsmaragd.com\/tr\/wp-json\/wp\/v2\/media\/7890"}],"wp:attachment":[{"href":"https:\/\/saphirsmaragd.com\/tr\/wp-json\/wp\/v2\/media?parent=7889"}],"wp:term":[{"taxonomy":"product_brand","embeddable":true,"href":"https:\/\/saphirsmaragd.com\/tr\/wp-json\/wp\/v2\/product_brand?post=7889"},{"taxonomy":"product_cat","embeddable":true,"href":"https:\/\/saphirsmaragd.com\/tr\/wp-json\/wp\/v2\/product_cat?post=7889"},{"taxonomy":"product_tag","embeddable":true,"href":"https:\/\/saphirsmaragd.com\/tr\/wp-json\/wp\/v2\/product_tag?post=7889"}],"curies":[{"name":"wp","href":"https:\/\/api.w.org\/{rel}","templated":true}]}}