{"id":8509,"date":"2026-04-11T13:57:24","date_gmt":"2026-04-11T13:57:24","guid":{"rendered":"https:\/\/saphirsmaragd.com\/?post_type=product&#038;p=8509"},"modified":"2026-04-11T13:59:43","modified_gmt":"2026-04-11T13:59:43","slug":"smaragd-rechteck-gruen-1-30-karat","status":"publish","type":"product","link":"https:\/\/saphirsmaragd.com\/tr\/urun\/smaragd-rechteck-gruen-1-30-karat\/","title":{"rendered":"Smaragd Rechteck Gr\u00fcn 1.30 Karat aus Sambia \u2013 Klassischer Smaragdschliff"},"content":{"rendered":"<p data-start=\"706\" data-end=\"984\">Dieser edle Smaragd Rechteck Gr\u00fcn 1.30 Karat stammt aus Sambia und besticht durch seine klassische rechteckige Form sowie seine gleichm\u00e4\u00dfige gr\u00fcne Farbverteilung. Der pr\u00e4zise Schliff unterstreicht die nat\u00fcrliche Sch\u00f6nheit des Edelsteins und sorgt f\u00fcr eine elegante Ausstrahlung.<\/p>\n<hr data-start=\"986\" data-end=\"989\" \/>\n<div id=\"ez-toc-container\" class=\"ez-toc-v2_0_82_2 counter-hierarchy ez-toc-counter ez-toc-grey ez-toc-container-direction\">\n<div class=\"ez-toc-title-container\">\n<p class=\"ez-toc-title\" style=\"cursor:inherit\">\u0130\u00e7indekiler<\/p>\n<span class=\"ez-toc-title-toggle\"><a href=\"#\" class=\"ez-toc-pull-right ez-toc-btn ez-toc-btn-xs ez-toc-btn-default ez-toc-toggle\" aria-label=\"\u0130\u00e7indekiler Tablosunu A\u00e7\/Kapat\"><span class=\"ez-toc-js-icon-con\"><span class=\"\"><span class=\"eztoc-hide\" style=\"display:none;\">Ge\u00e7i\u015f<\/span><span class=\"ez-toc-icon-toggle-span\"><svg style=\"fill: #999;color:#999\" xmlns=\"http:\/\/www.w3.org\/2000\/svg\" class=\"list-377408\" width=\"20px\" height=\"20px\" viewbox=\"0 0 24 24\" fill=\"none\"><path d=\"M6 6H4v2h2V6zm14 0H8v2h12V6zM4 11h2v2H4v-2zm16 0H8v2h12v-2zM4 16h2v2H4v-2zm16 0H8v2h12v-2z\" fill=\"currentColor\"><\/path><\/svg><svg style=\"fill: #999;color:#999\" class=\"arrow-unsorted-368013\" xmlns=\"http:\/\/www.w3.org\/2000\/svg\" width=\"10px\" height=\"10px\" viewbox=\"0 0 24 24\" version=\"1.2\" baseprofile=\"tiny\"><path d=\"M18.2 9.3l-6.2-6.3-6.2 6.3c-.2.2-.3.4-.3.7s.1.5.3.7c.2.2.4.3.7.3h11c.3 0 .5-.1.7-.3.2-.2.3-.5.3-.7s-.1-.5-.3-.7zM5.8 14.7l6.2 6.3 6.2-6.3c.2-.2.3-.5.3-.7s-.1-.5-.3-.7c-.2-.2-.4-.3-.7-.3h-11c-.3 0-.5.1-.7.3-.2.2-.3.5-.3.7s.1.5.3.7z\"\/><\/svg><\/span><\/span><\/span><\/a><\/span><\/div>\n<nav><ul class='ez-toc-list ez-toc-list-level-1' ><li class='ez-toc-page-1 ez-toc-heading-level-4'><a class=\"ez-toc-link ez-toc-heading-1\" href=\"https:\/\/saphirsmaragd.com\/tr\/urun\/smaragd-rechteck-gruen-1-30-karat\/#Merkmale_Herkunft\" >\u00d6zellikler ve K\u00f6ken<\/a><\/li><li class='ez-toc-page-1 ez-toc-heading-level-4'><a class=\"ez-toc-link ez-toc-heading-2\" href=\"https:\/\/saphirsmaragd.com\/tr\/urun\/smaragd-rechteck-gruen-1-30-karat\/#Besonderheiten\" >\u00d6zel \u00f6zellikler<\/a><\/li><li class='ez-toc-page-1 ez-toc-heading-level-4'><a class=\"ez-toc-link ez-toc-heading-3\" href=\"https:\/\/saphirsmaragd.com\/tr\/urun\/smaragd-rechteck-gruen-1-30-karat\/#Mehr_uber_Smaragde\" >Z\u00fcmr\u00fctler hakk\u0131nda daha fazla bilgi<\/a><\/li><li class='ez-toc-page-1 ez-toc-heading-level-4'><a class=\"ez-toc-link ez-toc-heading-4\" href=\"https:\/\/saphirsmaragd.com\/tr\/urun\/smaragd-rechteck-gruen-1-30-karat\/#Weitere_Infos\" >Daha fazla bilgi<\/a><\/li><\/ul><\/nav><\/div>\n<h4 data-start=\"991\" data-end=\"1017\"><span class=\"ez-toc-section\" id=\"Merkmale_Herkunft\"><\/span>\u00d6zellikler ve K\u00f6ken<span class=\"ez-toc-section-end\"><\/span><\/h4>\n<p data-start=\"1019\" data-end=\"1249\">Ta\u015f t\u00fcr\u00fc: Z\u00fcmr\u00fct<br data-start=\"1036\" data-end=\"1039\" \/>Renk: Ye\u015fil<br data-start=\"1050\" data-end=\"1053\" \/>\u015eekil Dikd\u00f6rtgen<br data-start=\"1067\" data-end=\"1070\" \/>Gewicht: 1.30 Karat<br data-start=\"1089\" data-end=\"1092\" \/>Abmessungen: 7.8 x 5.8 mm<br data-start=\"1117\" data-end=\"1120\" \/>Men\u015fei: Zambiya<br data-start=\"1136\" data-end=\"1139\" \/>Safl\u0131k: K\u00fc\u00e7\u00fck kal\u0131nt\u0131lar<br data-start=\"1167\" data-end=\"1170\" \/>Tedavi: Ya\u011flanm\u0131\u015f<br data-start=\"1187\" data-end=\"1190\" \/>G\u00f6zlem: Do\u011fal<br data-start=\"1212\" data-end=\"1215\" \/>Mohs sertli\u011fi: 7,5-8<br data-start=\"1232\" data-end=\"1235\" \/>Durum: Yeni<\/p>\n<hr data-start=\"1251\" data-end=\"1254\" \/>\n<h4 data-start=\"1256\" data-end=\"1277\"><span class=\"ez-toc-section\" id=\"Besonderheiten\"><\/span>\u00d6zel \u00f6zellikler<span class=\"ez-toc-section-end\"><\/span><\/h4>\n<p data-start=\"1279\" data-end=\"1562\">Der Smaragd Rechteck Gr\u00fcn 1.30 Karat zeichnet sich durch den klassischen Smaragdschliff aus, der f\u00fcr seine klaren Linien und elegante Optik bekannt ist. Diese Form bringt die Tiefe der gr\u00fcnen Farbe besonders gut zur Geltung und sorgt f\u00fcr ein ruhiges, hochwertiges Erscheinungsbild.<\/p>\n<p data-start=\"1564\" data-end=\"1814\">Dank seiner ausgewogenen Gr\u00f6\u00dfe eignet sich dieser Edelstein ideal f\u00fcr Ringe, Anh\u00e4nger oder individuelle Schmuckst\u00fccke. Die nat\u00fcrliche Struktur mit feinen Einschl\u00fcssen (\u201eJardin\u201c) best\u00e4tigt die Echtheit des Smaragds und macht jedes St\u00fcck einzigartig.<\/p>\n<p data-start=\"1816\" data-end=\"2044\">Die leichte \u00d6lbehandlung verbessert die Klarheit des Steins, ohne seinen nat\u00fcrlichen Charakter zu ver\u00e4ndern. Dadurch entsteht ein harmonisches Gesamtbild, das sowohl f\u00fcr klassische als auch moderne Schmuckdesigns geeignet ist.<\/p>\n<hr data-start=\"1443\" data-end=\"1446\" \/>\n<h4 data-start=\"1448\" data-end=\"1473\"><span class=\"ez-toc-section\" id=\"Mehr_uber_Smaragde\"><\/span>Z\u00fcmr\u00fctler hakk\u0131nda daha fazla bilgi<span class=\"ez-toc-section-end\"><\/span><\/h4>\n<p data-start=\"1475\" data-end=\"1668\"><a class=\"\" href=\"https:\/\/saphirsmaragd.com\/tr\/product-category\/heilsteine-kristalle-kaufen\/\" target=\"_new\" rel=\"noopener\" data-start=\"1571\" data-end=\"1668\">\u015eifal\u0131 ta\u015flar ve kristaller<\/a><\/p>\n<hr data-start=\"1670\" data-end=\"1673\" \/>\n<h4 data-start=\"1675\" data-end=\"1695\"><span class=\"ez-toc-section\" id=\"Weitere_Infos\"><\/span>Daha fazla bilgi<span class=\"ez-toc-section-end\"><\/span><\/h4>\n<p data-start=\"1697\" data-end=\"1801\"><a class=\"\" href=\"https:\/\/de.wikipedia.org\/wiki\/Smaragd\" target=\"_new\" rel=\"noopener\" data-start=\"1741\" data-end=\"1801\">Vikipedi - Z\u00fcmr\u00fct<\/a><\/p>","protected":false},"excerpt":{"rendered":"<p data-start=\"391\" data-end=\"533\"><em>Smaragd Rechteck Gr\u00fcn 1.30 Karat aus Sambia, ge\u00f6lt. Hochwertiger rechteckiger Smaragd mit klassischem Schliff und intensiver gr\u00fcner Farbe.<\/em><\/p>","protected":false},"featured_media":8510,"comment_status":"open","ping_status":"closed","template":"","meta":{"_glsr_average":0,"_glsr_ranking":0,"_glsr_reviews":0},"product_brand":[],"product_cat":[262],"product_tag":[],"class_list":{"0":"post-8509","1":"product","2":"type-product","3":"status-publish","4":"has-post-thumbnail","6":"product_cat-smaragd","7":"pa_edelsteinart-smaragd","8":"pa_farbe-gruen","9":"pa_form-rechteck","10":"pa_gewicht-karat-1-0-3-0-karat","11":"pa_herkunft-sambia","12":"pa_reinheit-kleine-einschluesse","13":"pa_veredelung-behandlung-geoelt","14":"pa_zustand-neu","16":"first","17":"instock","18":"sold-individually","19":"shipping-taxable","20":"purchasable","21":"product-type-simple","22":"add-to-wishlist-before_image"},"jetpack_sharing_enabled":true,"_links":{"self":[{"href":"https:\/\/saphirsmaragd.com\/tr\/wp-json\/wp\/v2\/product\/8509","targetHints":{"allow":["GET"]}}],"collection":[{"href":"https:\/\/saphirsmaragd.com\/tr\/wp-json\/wp\/v2\/product"}],"about":[{"href":"https:\/\/saphirsmaragd.com\/tr\/wp-json\/wp\/v2\/types\/product"}],"replies":[{"embeddable":true,"href":"https:\/\/saphirsmaragd.com\/tr\/wp-json\/wp\/v2\/comments?post=8509"}],"version-history":[{"count":1,"href":"https:\/\/saphirsmaragd.com\/tr\/wp-json\/wp\/v2\/product\/8509\/revisions"}],"predecessor-version":[{"id":8511,"href":"https:\/\/saphirsmaragd.com\/tr\/wp-json\/wp\/v2\/product\/8509\/revisions\/8511"}],"wp:featuredmedia":[{"embeddable":true,"href":"https:\/\/saphirsmaragd.com\/tr\/wp-json\/wp\/v2\/media\/8510"}],"wp:attachment":[{"href":"https:\/\/saphirsmaragd.com\/tr\/wp-json\/wp\/v2\/media?parent=8509"}],"wp:term":[{"taxonomy":"product_brand","embeddable":true,"href":"https:\/\/saphirsmaragd.com\/tr\/wp-json\/wp\/v2\/product_brand?post=8509"},{"taxonomy":"product_cat","embeddable":true,"href":"https:\/\/saphirsmaragd.com\/tr\/wp-json\/wp\/v2\/product_cat?post=8509"},{"taxonomy":"product_tag","embeddable":true,"href":"https:\/\/saphirsmaragd.com\/tr\/wp-json\/wp\/v2\/product_tag?post=8509"}],"curies":[{"name":"wp","href":"https:\/\/api.w.org\/{rel}","templated":true}]}}