{"id":8553,"date":"2026-04-14T17:06:23","date_gmt":"2026-04-14T17:06:23","guid":{"rendered":"https:\/\/saphirsmaragd.com\/?post_type=product&#038;p=8553"},"modified":"2026-04-14T17:09:34","modified_gmt":"2026-04-14T17:09:34","slug":"smaragd-oval-gruen-0-84-karat","status":"publish","type":"product","link":"https:\/\/saphirsmaragd.com\/tr\/urun\/smaragd-oval-gruen-0-84-karat\/","title":{"rendered":"Smaragd Oval Gr\u00fcn 0.84 Karat aus Sambia \u2013 Eleganter klassischer Schliff"},"content":{"rendered":"<p data-start=\"721\" data-end=\"989\">Dieser Smaragd Oval Gr\u00fcn 0.84 Karat aus Sambia \u00fcberzeugt durch seine ausgewogene ovale Form und seine intensive gr\u00fcne Farbwirkung. Der klassische Ovalschliff sorgt f\u00fcr eine besonders harmonische Lichtreflexion und unterstreicht die nat\u00fcrliche Sch\u00f6nheit des Edelsteins.<\/p>\n<hr data-start=\"991\" data-end=\"994\" \/>\n<div id=\"ez-toc-container\" class=\"ez-toc-v2_0_82_2 counter-hierarchy ez-toc-counter ez-toc-grey ez-toc-container-direction\">\n<div class=\"ez-toc-title-container\">\n<p class=\"ez-toc-title\" style=\"cursor:inherit\">\u0130\u00e7indekiler<\/p>\n<span class=\"ez-toc-title-toggle\"><a href=\"#\" class=\"ez-toc-pull-right ez-toc-btn ez-toc-btn-xs ez-toc-btn-default ez-toc-toggle\" aria-label=\"\u0130\u00e7indekiler Tablosunu A\u00e7\/Kapat\"><span class=\"ez-toc-js-icon-con\"><span class=\"\"><span class=\"eztoc-hide\" style=\"display:none;\">Ge\u00e7i\u015f<\/span><span class=\"ez-toc-icon-toggle-span\"><svg style=\"fill: #999;color:#999\" xmlns=\"http:\/\/www.w3.org\/2000\/svg\" class=\"list-377408\" width=\"20px\" height=\"20px\" viewbox=\"0 0 24 24\" fill=\"none\"><path d=\"M6 6H4v2h2V6zm14 0H8v2h12V6zM4 11h2v2H4v-2zm16 0H8v2h12v-2zM4 16h2v2H4v-2zm16 0H8v2h12v-2z\" fill=\"currentColor\"><\/path><\/svg><svg style=\"fill: #999;color:#999\" class=\"arrow-unsorted-368013\" xmlns=\"http:\/\/www.w3.org\/2000\/svg\" width=\"10px\" height=\"10px\" viewbox=\"0 0 24 24\" version=\"1.2\" baseprofile=\"tiny\"><path d=\"M18.2 9.3l-6.2-6.3-6.2 6.3c-.2.2-.3.4-.3.7s.1.5.3.7c.2.2.4.3.7.3h11c.3 0 .5-.1.7-.3.2-.2.3-.5.3-.7s-.1-.5-.3-.7zM5.8 14.7l6.2 6.3 6.2-6.3c.2-.2.3-.5.3-.7s-.1-.5-.3-.7c-.2-.2-.4-.3-.7-.3h-11c-.3 0-.5.1-.7.3-.2.2-.3.5-.3.7s.1.5.3.7z\"\/><\/svg><\/span><\/span><\/span><\/a><\/span><\/div>\n<nav><ul class='ez-toc-list ez-toc-list-level-1' ><li class='ez-toc-page-1 ez-toc-heading-level-4'><a class=\"ez-toc-link ez-toc-heading-1\" href=\"https:\/\/saphirsmaragd.com\/tr\/urun\/smaragd-oval-gruen-0-84-karat\/#Merkmale_Herkunft\" >\u00d6zellikler ve K\u00f6ken<\/a><\/li><li class='ez-toc-page-1 ez-toc-heading-level-4'><a class=\"ez-toc-link ez-toc-heading-2\" href=\"https:\/\/saphirsmaragd.com\/tr\/urun\/smaragd-oval-gruen-0-84-karat\/#Besonderheiten\" >\u00d6zel \u00f6zellikler<\/a><\/li><li class='ez-toc-page-1 ez-toc-heading-level-4'><a class=\"ez-toc-link ez-toc-heading-3\" href=\"https:\/\/saphirsmaragd.com\/tr\/urun\/smaragd-oval-gruen-0-84-karat\/#Mehr_uber_Heilsteine_Kristalle\" >\u015eifal\u0131 ta\u015flar ve kristaller hakk\u0131nda daha fazla bilgi<\/a><\/li><li class='ez-toc-page-1 ez-toc-heading-level-4'><a class=\"ez-toc-link ez-toc-heading-4\" href=\"https:\/\/saphirsmaragd.com\/tr\/urun\/smaragd-oval-gruen-0-84-karat\/#Weitere_Infos\" >Daha fazla bilgi<\/a><\/li><\/ul><\/nav><\/div>\n<h4 data-start=\"996\" data-end=\"1022\"><span class=\"ez-toc-section\" id=\"Merkmale_Herkunft\"><\/span>\u00d6zellikler ve K\u00f6ken<span class=\"ez-toc-section-end\"><\/span><\/h4>\n<p data-start=\"1024\" data-end=\"1250\">Ta\u015f t\u00fcr\u00fc: Z\u00fcmr\u00fct<br data-start=\"1041\" data-end=\"1044\" \/>Renk: Ye\u015fil<br data-start=\"1055\" data-end=\"1058\" \/>\u015eekil Oval<br data-start=\"1068\" data-end=\"1071\" \/>Gewicht: 0.84 Karat<br data-start=\"1090\" data-end=\"1093\" \/>Abmessungen: 7.9 x 5.6 mm<br data-start=\"1118\" data-end=\"1121\" \/>Men\u015fei: Zambiya<br data-start=\"1137\" data-end=\"1140\" \/>Reinheit: Starke Einschl\u00fcsse<br data-start=\"1168\" data-end=\"1171\" \/>Tedavi: Ya\u011flanm\u0131\u015f<br data-start=\"1188\" data-end=\"1191\" \/>G\u00f6zlem: Do\u011fal<br data-start=\"1213\" data-end=\"1216\" \/>Mohs sertli\u011fi: 7,5-8<br data-start=\"1233\" data-end=\"1236\" \/>Durum: Yeni<\/p>\n<hr data-start=\"1252\" data-end=\"1255\" \/>\n<h4 data-start=\"1257\" data-end=\"1278\"><span class=\"ez-toc-section\" id=\"Besonderheiten\"><\/span>\u00d6zel \u00f6zellikler<span class=\"ez-toc-section-end\"><\/span><\/h4>\n<p data-start=\"1280\" data-end=\"1520\">Der Smaragd Oval Gr\u00fcn 0.84 Karat eignet sich ideal f\u00fcr elegante und zeitlose Schmuckst\u00fccke. Die ovale Form geh\u00f6rt zu den beliebtesten Schliffen, da sie das Licht besonders gleichm\u00e4\u00dfig reflektiert und den Stein optisch gr\u00f6\u00dfer wirken l\u00e4sst.<\/p>\n<p data-start=\"1522\" data-end=\"1710\">Smaragde aus Sambia sind bekannt f\u00fcr ihre tiefe, leicht k\u00fchle Gr\u00fcnf\u00e4rbung und ihre stabile Struktur. Diese Eigenschaften machen sie besonders langlebig und hochwertig f\u00fcr Schmuckdesigns.<\/p>\n<p data-start=\"1712\" data-end=\"1931\">Die nat\u00fcrlichen Einschl\u00fcsse sind charakteristisch f\u00fcr echte Smaragde und verleihen jedem Stein eine individuelle Ausstrahlung. Die \u00d6lbehandlung verbessert die Transparenz und hebt die Farbintensit\u00e4t zus\u00e4tzlich hervor.<\/p>\n<hr data-start=\"1670\" data-end=\"1673\" \/>\n<h4 data-start=\"1448\" data-end=\"1473\"><span class=\"ez-toc-section\" id=\"Mehr_uber_Heilsteine_Kristalle\"><\/span>\u015eifal\u0131 ta\u015flar ve kristaller hakk\u0131nda daha fazla bilgi<span class=\"ez-toc-section-end\"><\/span><\/h4>\n<p data-start=\"1475\" data-end=\"1668\"><a class=\"\" href=\"https:\/\/saphirsmaragd.com\/tr\/product-category\/heilsteine-kristalle-kaufen\/\" target=\"_new\" rel=\"noopener\" data-start=\"1571\" data-end=\"1668\">\u015eifal\u0131 ta\u015flar ve kristaller<\/a><\/p>\n<hr data-start=\"1670\" data-end=\"1673\" \/>\n<h4 data-start=\"1675\" data-end=\"1695\"><span class=\"ez-toc-section\" id=\"Weitere_Infos\"><\/span>Daha fazla bilgi<span class=\"ez-toc-section-end\"><\/span><\/h4>\n<p data-start=\"1697\" data-end=\"1801\"><a class=\"\" href=\"https:\/\/de.wikipedia.org\/wiki\/Smaragd\" target=\"_new\" rel=\"noopener\" data-start=\"1741\" data-end=\"1801\">Vikipedi - Z\u00fcmr\u00fct<\/a><\/p>","protected":false},"excerpt":{"rendered":"<p data-start=\"431\" data-end=\"553\"><em>Smaragd Oval Gr\u00fcn 0.84 Karat aus Sambia, ge\u00f6lt. Eleganter Edelstein mit harmonischer Form und intensiver gr\u00fcner Farbe.<\/em><\/p>","protected":false},"featured_media":8554,"comment_status":"open","ping_status":"closed","template":"","meta":{"_glsr_average":0,"_glsr_ranking":0,"_glsr_reviews":0},"product_brand":[],"product_cat":[262],"product_tag":[],"class_list":{"0":"post-8553","1":"product","2":"type-product","3":"status-publish","4":"has-post-thumbnail","6":"product_cat-smaragd","7":"pa_edelsteinart-smaragd","8":"pa_farbe-gruen","9":"pa_form-oval","10":"pa_gewicht-karat-0-5-1-0-karat","11":"pa_herkunft-sambia","12":"pa_reinheit-starke-einschluesse","13":"pa_veredelung-behandlung-geoelt","14":"pa_zustand-neu","16":"first","17":"instock","18":"sold-individually","19":"shipping-taxable","20":"purchasable","21":"product-type-simple","22":"add-to-wishlist-before_image"},"jetpack_sharing_enabled":true,"_links":{"self":[{"href":"https:\/\/saphirsmaragd.com\/tr\/wp-json\/wp\/v2\/product\/8553","targetHints":{"allow":["GET"]}}],"collection":[{"href":"https:\/\/saphirsmaragd.com\/tr\/wp-json\/wp\/v2\/product"}],"about":[{"href":"https:\/\/saphirsmaragd.com\/tr\/wp-json\/wp\/v2\/types\/product"}],"replies":[{"embeddable":true,"href":"https:\/\/saphirsmaragd.com\/tr\/wp-json\/wp\/v2\/comments?post=8553"}],"version-history":[{"count":1,"href":"https:\/\/saphirsmaragd.com\/tr\/wp-json\/wp\/v2\/product\/8553\/revisions"}],"predecessor-version":[{"id":8555,"href":"https:\/\/saphirsmaragd.com\/tr\/wp-json\/wp\/v2\/product\/8553\/revisions\/8555"}],"wp:featuredmedia":[{"embeddable":true,"href":"https:\/\/saphirsmaragd.com\/tr\/wp-json\/wp\/v2\/media\/8554"}],"wp:attachment":[{"href":"https:\/\/saphirsmaragd.com\/tr\/wp-json\/wp\/v2\/media?parent=8553"}],"wp:term":[{"taxonomy":"product_brand","embeddable":true,"href":"https:\/\/saphirsmaragd.com\/tr\/wp-json\/wp\/v2\/product_brand?post=8553"},{"taxonomy":"product_cat","embeddable":true,"href":"https:\/\/saphirsmaragd.com\/tr\/wp-json\/wp\/v2\/product_cat?post=8553"},{"taxonomy":"product_tag","embeddable":true,"href":"https:\/\/saphirsmaragd.com\/tr\/wp-json\/wp\/v2\/product_tag?post=8553"}],"curies":[{"name":"wp","href":"https:\/\/api.w.org\/{rel}","templated":true}]}}