{"id":8600,"date":"2026-04-19T16:25:48","date_gmt":"2026-04-19T16:25:48","guid":{"rendered":"https:\/\/saphirsmaragd.com\/?post_type=product&#038;p=8600"},"modified":"2026-04-19T16:28:21","modified_gmt":"2026-04-19T16:28:21","slug":"smaragd-oval-gruen-1-28-karat","status":"publish","type":"product","link":"https:\/\/saphirsmaragd.com\/tr\/urun\/smaragd-oval-gruen-1-28-karat\/","title":{"rendered":"Smaragd Oval Gr\u00fcn 1.28 Karat aus Brasilien \u2013 Eleganter Edelstein mit intensiver Farbe"},"content":{"rendered":"<p data-start=\"763\" data-end=\"1026\">Der Smaragd Oval Gr\u00fcn 1.28 Karat aus Brasilien begeistert durch seine harmonische Form und seine kr\u00e4ftige gr\u00fcne Farbintensit\u00e4t. Der klassische Ovalschliff sorgt f\u00fcr eine optimale Lichtreflexion und hebt die nat\u00fcrliche Sch\u00f6nheit dieses Edelsteins besonders hervor.<\/p>\n<hr data-start=\"1028\" data-end=\"1031\" \/>\n<div id=\"ez-toc-container\" class=\"ez-toc-v2_0_82_2 counter-hierarchy ez-toc-counter ez-toc-grey ez-toc-container-direction\">\n<div class=\"ez-toc-title-container\">\n<p class=\"ez-toc-title\" style=\"cursor:inherit\">\u0130\u00e7indekiler<\/p>\n<span class=\"ez-toc-title-toggle\"><a href=\"#\" class=\"ez-toc-pull-right ez-toc-btn ez-toc-btn-xs ez-toc-btn-default ez-toc-toggle\" aria-label=\"\u0130\u00e7indekiler Tablosunu A\u00e7\/Kapat\"><span class=\"ez-toc-js-icon-con\"><span class=\"\"><span class=\"eztoc-hide\" style=\"display:none;\">Ge\u00e7i\u015f<\/span><span class=\"ez-toc-icon-toggle-span\"><svg style=\"fill: #999;color:#999\" xmlns=\"http:\/\/www.w3.org\/2000\/svg\" class=\"list-377408\" width=\"20px\" height=\"20px\" viewbox=\"0 0 24 24\" fill=\"none\"><path d=\"M6 6H4v2h2V6zm14 0H8v2h12V6zM4 11h2v2H4v-2zm16 0H8v2h12v-2zM4 16h2v2H4v-2zm16 0H8v2h12v-2z\" fill=\"currentColor\"><\/path><\/svg><svg style=\"fill: #999;color:#999\" class=\"arrow-unsorted-368013\" xmlns=\"http:\/\/www.w3.org\/2000\/svg\" width=\"10px\" height=\"10px\" viewbox=\"0 0 24 24\" version=\"1.2\" baseprofile=\"tiny\"><path d=\"M18.2 9.3l-6.2-6.3-6.2 6.3c-.2.2-.3.4-.3.7s.1.5.3.7c.2.2.4.3.7.3h11c.3 0 .5-.1.7-.3.2-.2.3-.5.3-.7s-.1-.5-.3-.7zM5.8 14.7l6.2 6.3 6.2-6.3c.2-.2.3-.5.3-.7s-.1-.5-.3-.7c-.2-.2-.4-.3-.7-.3h-11c-.3 0-.5.1-.7.3-.2.2-.3.5-.3.7s.1.5.3.7z\"\/><\/svg><\/span><\/span><\/span><\/a><\/span><\/div>\n<nav><ul class='ez-toc-list ez-toc-list-level-1' ><li class='ez-toc-page-1 ez-toc-heading-level-4'><a class=\"ez-toc-link ez-toc-heading-1\" href=\"https:\/\/saphirsmaragd.com\/tr\/urun\/smaragd-oval-gruen-1-28-karat\/#Merkmale_Herkunft\" >\u00d6zellikler ve K\u00f6ken<\/a><\/li><li class='ez-toc-page-1 ez-toc-heading-level-4'><a class=\"ez-toc-link ez-toc-heading-2\" href=\"https:\/\/saphirsmaragd.com\/tr\/urun\/smaragd-oval-gruen-1-28-karat\/#Besonderheiten\" >\u00d6zel \u00f6zellikler<\/a><\/li><li class='ez-toc-page-1 ez-toc-heading-level-4'><a class=\"ez-toc-link ez-toc-heading-3\" href=\"https:\/\/saphirsmaragd.com\/tr\/urun\/smaragd-oval-gruen-1-28-karat\/#Mehr_uber_Heilsteine_Kristalle\" >\u015eifal\u0131 ta\u015flar ve kristaller hakk\u0131nda daha fazla bilgi<\/a><\/li><li class='ez-toc-page-1 ez-toc-heading-level-4'><a class=\"ez-toc-link ez-toc-heading-4\" href=\"https:\/\/saphirsmaragd.com\/tr\/urun\/smaragd-oval-gruen-1-28-karat\/#Weitere_Infos\" >Daha fazla bilgi<\/a><\/li><\/ul><\/nav><\/div>\n<h4 data-start=\"1033\" data-end=\"1059\"><span class=\"ez-toc-section\" id=\"Merkmale_Herkunft\"><\/span>\u00d6zellikler ve K\u00f6ken<span class=\"ez-toc-section-end\"><\/span><\/h4>\n<p data-start=\"1061\" data-end=\"1290\">Ta\u015f t\u00fcr\u00fc: Z\u00fcmr\u00fct<br data-start=\"1078\" data-end=\"1081\" \/>Renk: Ye\u015fil<br data-start=\"1092\" data-end=\"1095\" \/>\u015eekil Oval<br data-start=\"1105\" data-end=\"1108\" \/>Gewicht: 1.28 Karat<br data-start=\"1127\" data-end=\"1130\" \/>Abmessungen: 8.1 x 6.1 mm<br data-start=\"1155\" data-end=\"1158\" \/>Men\u015fei: Brezilya<br data-start=\"1177\" data-end=\"1180\" \/>Safl\u0131k: K\u00fc\u00e7\u00fck kal\u0131nt\u0131lar<br data-start=\"1208\" data-end=\"1211\" \/>Tedavi: Ya\u011flanm\u0131\u015f<br data-start=\"1228\" data-end=\"1231\" \/>G\u00f6zlem: Do\u011fal<br data-start=\"1253\" data-end=\"1256\" \/>Mohs sertli\u011fi: 7,5-8<br data-start=\"1273\" data-end=\"1276\" \/>Durum: Yeni<\/p>\n<hr data-start=\"1292\" data-end=\"1295\" \/>\n<h4 data-start=\"1297\" data-end=\"1318\"><span class=\"ez-toc-section\" id=\"Besonderheiten\"><\/span>\u00d6zel \u00f6zellikler<span class=\"ez-toc-section-end\"><\/span><\/h4>\n<p data-start=\"1320\" data-end=\"1585\">Der Smaragd Oval Gr\u00fcn 1.28 Karat \u00fcberzeugt durch seine ausgewogene Gr\u00f6\u00dfe und seinen klassischen Ovalschliff, der zu den beliebtesten Schliffformen f\u00fcr Edelsteine z\u00e4hlt. Diese Form maximiert die Brillanz und verleiht dem Stein eine elegante, zeitlose Ausstrahlung.<\/p>\n<p data-start=\"1587\" data-end=\"1819\">Brasilianische Smaragde sind weltweit f\u00fcr ihre lebendige Farbgebung und ihre nat\u00fcrliche Sch\u00f6nheit bekannt. Sie bieten eine hervorragende Balance zwischen Qualit\u00e4t und Preis und sind besonders gefragt f\u00fcr hochwertige Schmuckst\u00fccke.<\/p>\n<p data-start=\"1821\" data-end=\"2045\">Die nat\u00fcrlichen Einschl\u00fcsse sind charakteristisch f\u00fcr echte Smaragde und machen jeden Stein zu einem einzigartigen Unikat. Sie spiegeln die Entstehungsgeschichte des Edelsteins wider und unterstreichen seine Authentizit\u00e4t.<\/p>\n<hr data-start=\"1670\" data-end=\"1673\" \/>\n<h4 data-start=\"1448\" data-end=\"1473\"><span class=\"ez-toc-section\" id=\"Mehr_uber_Heilsteine_Kristalle\"><\/span>\u015eifal\u0131 ta\u015flar ve kristaller hakk\u0131nda daha fazla bilgi<span class=\"ez-toc-section-end\"><\/span><\/h4>\n<p data-start=\"1475\" data-end=\"1668\"><a class=\"\" href=\"https:\/\/saphirsmaragd.com\/tr\/product-category\/heilsteine-kristalle-kaufen\/\" target=\"_new\" rel=\"noopener\" data-start=\"1571\" data-end=\"1668\">\u015eifal\u0131 ta\u015flar ve kristaller<\/a><\/p>\n<hr data-start=\"1670\" data-end=\"1673\" \/>\n<h4 data-start=\"1675\" data-end=\"1695\"><span class=\"ez-toc-section\" id=\"Weitere_Infos\"><\/span>Daha fazla bilgi<span class=\"ez-toc-section-end\"><\/span><\/h4>\n<p data-start=\"1697\" data-end=\"1801\"><a class=\"\" href=\"https:\/\/de.wikipedia.org\/wiki\/Smaragd\" target=\"_new\" rel=\"noopener\" data-start=\"1741\" data-end=\"1801\">Vikipedi - Z\u00fcmr\u00fct<\/a><\/p>","protected":false},"excerpt":{"rendered":"<p data-start=\"454\" data-end=\"581\"><em>Smaragd Oval Gr\u00fcn 1.28 Karat aus Brasilien, ge\u00f6lt. Hochwertiger Edelstein mit intensiver Farbe und klassischem Ovalschliff.<\/em><\/p>","protected":false},"featured_media":8601,"comment_status":"open","ping_status":"closed","template":"","meta":{"_glsr_average":0,"_glsr_ranking":0,"_glsr_reviews":0},"product_brand":[],"product_cat":[262],"product_tag":[],"class_list":{"0":"post-8600","1":"product","2":"type-product","3":"status-publish","4":"has-post-thumbnail","6":"product_cat-smaragd","7":"pa_edelsteinart-smaragd","8":"pa_farbe-gruen","9":"pa_form-oval","10":"pa_gewicht-karat-1-0-3-0-karat","11":"pa_herkunft-brasilien","12":"pa_reinheit-kleine-einschluesse","13":"pa_veredelung-behandlung-geoelt","14":"pa_zustand-neu","16":"first","17":"instock","18":"sold-individually","19":"taxable","20":"shipping-taxable","21":"purchasable","22":"product-type-simple","23":"add-to-wishlist-before_image"},"jetpack_sharing_enabled":true,"_links":{"self":[{"href":"https:\/\/saphirsmaragd.com\/tr\/wp-json\/wp\/v2\/product\/8600","targetHints":{"allow":["GET"]}}],"collection":[{"href":"https:\/\/saphirsmaragd.com\/tr\/wp-json\/wp\/v2\/product"}],"about":[{"href":"https:\/\/saphirsmaragd.com\/tr\/wp-json\/wp\/v2\/types\/product"}],"replies":[{"embeddable":true,"href":"https:\/\/saphirsmaragd.com\/tr\/wp-json\/wp\/v2\/comments?post=8600"}],"version-history":[{"count":2,"href":"https:\/\/saphirsmaragd.com\/tr\/wp-json\/wp\/v2\/product\/8600\/revisions"}],"predecessor-version":[{"id":8603,"href":"https:\/\/saphirsmaragd.com\/tr\/wp-json\/wp\/v2\/product\/8600\/revisions\/8603"}],"wp:featuredmedia":[{"embeddable":true,"href":"https:\/\/saphirsmaragd.com\/tr\/wp-json\/wp\/v2\/media\/8601"}],"wp:attachment":[{"href":"https:\/\/saphirsmaragd.com\/tr\/wp-json\/wp\/v2\/media?parent=8600"}],"wp:term":[{"taxonomy":"product_brand","embeddable":true,"href":"https:\/\/saphirsmaragd.com\/tr\/wp-json\/wp\/v2\/product_brand?post=8600"},{"taxonomy":"product_cat","embeddable":true,"href":"https:\/\/saphirsmaragd.com\/tr\/wp-json\/wp\/v2\/product_cat?post=8600"},{"taxonomy":"product_tag","embeddable":true,"href":"https:\/\/saphirsmaragd.com\/tr\/wp-json\/wp\/v2\/product_tag?post=8600"}],"curies":[{"name":"wp","href":"https:\/\/api.w.org\/{rel}","templated":true}]}}