{"id":8708,"date":"2026-05-01T14:11:26","date_gmt":"2026-05-01T14:11:26","guid":{"rendered":"https:\/\/saphirsmaragd.com\/?post_type=product&#038;p=8708"},"modified":"2026-05-01T14:18:41","modified_gmt":"2026-05-01T14:18:41","slug":"smaragd-tropfen-gruen-0-53-karat","status":"publish","type":"product","link":"https:\/\/saphirsmaragd.com\/tr\/urun\/smaragd-tropfen-gruen-0-53-karat\/","title":{"rendered":"Smaragd Tropfen Gr\u00fcn 0.53 Karat aus Sambia \u2013 Eleganter Tropfenschliff Edelstein"},"content":{"rendered":"<p data-start=\"710\" data-end=\"937\">Der Smaragd Tropfen Gr\u00fcn 0.53 Karat aus Sambia besticht durch seine klassische Tropfenform und seine lebendige gr\u00fcne Farbe. Dieser Edelstein eignet sich hervorragend f\u00fcr elegante Schmuckdesigns wie Anh\u00e4nger oder feine Ohrringe.<\/p>\n<hr data-start=\"939\" data-end=\"942\" \/>\n<div id=\"ez-toc-container\" class=\"ez-toc-v2_0_82_2 counter-hierarchy ez-toc-counter ez-toc-grey ez-toc-container-direction\">\n<div class=\"ez-toc-title-container\">\n<p class=\"ez-toc-title\" style=\"cursor:inherit\">\u0130\u00e7indekiler<\/p>\n<span class=\"ez-toc-title-toggle\"><a href=\"#\" class=\"ez-toc-pull-right ez-toc-btn ez-toc-btn-xs ez-toc-btn-default ez-toc-toggle\" aria-label=\"\u0130\u00e7indekiler Tablosunu A\u00e7\/Kapat\"><span class=\"ez-toc-js-icon-con\"><span class=\"\"><span class=\"eztoc-hide\" style=\"display:none;\">Ge\u00e7i\u015f<\/span><span class=\"ez-toc-icon-toggle-span\"><svg style=\"fill: #999;color:#999\" xmlns=\"http:\/\/www.w3.org\/2000\/svg\" class=\"list-377408\" width=\"20px\" height=\"20px\" viewbox=\"0 0 24 24\" fill=\"none\"><path d=\"M6 6H4v2h2V6zm14 0H8v2h12V6zM4 11h2v2H4v-2zm16 0H8v2h12v-2zM4 16h2v2H4v-2zm16 0H8v2h12v-2z\" fill=\"currentColor\"><\/path><\/svg><svg style=\"fill: #999;color:#999\" class=\"arrow-unsorted-368013\" xmlns=\"http:\/\/www.w3.org\/2000\/svg\" width=\"10px\" height=\"10px\" viewbox=\"0 0 24 24\" version=\"1.2\" baseprofile=\"tiny\"><path d=\"M18.2 9.3l-6.2-6.3-6.2 6.3c-.2.2-.3.4-.3.7s.1.5.3.7c.2.2.4.3.7.3h11c.3 0 .5-.1.7-.3.2-.2.3-.5.3-.7s-.1-.5-.3-.7zM5.8 14.7l6.2 6.3 6.2-6.3c.2-.2.3-.5.3-.7s-.1-.5-.3-.7c-.2-.2-.4-.3-.7-.3h-11c-.3 0-.5.1-.7.3-.2.2-.3.5-.3.7s.1.5.3.7z\"\/><\/svg><\/span><\/span><\/span><\/a><\/span><\/div>\n<nav><ul class='ez-toc-list ez-toc-list-level-1' ><li class='ez-toc-page-1 ez-toc-heading-level-4'><a class=\"ez-toc-link ez-toc-heading-1\" href=\"https:\/\/saphirsmaragd.com\/tr\/urun\/smaragd-tropfen-gruen-0-53-karat\/#Merkmale_Herkunft\" >\u00d6zellikler ve K\u00f6ken<\/a><\/li><li class='ez-toc-page-1 ez-toc-heading-level-4'><a class=\"ez-toc-link ez-toc-heading-2\" href=\"https:\/\/saphirsmaragd.com\/tr\/urun\/smaragd-tropfen-gruen-0-53-karat\/#Besonderheiten\" >\u00d6zel \u00f6zellikler<\/a><\/li><li class='ez-toc-page-1 ez-toc-heading-level-4'><a class=\"ez-toc-link ez-toc-heading-3\" href=\"https:\/\/saphirsmaragd.com\/tr\/urun\/smaragd-tropfen-gruen-0-53-karat\/#Mehr_uber_Heilsteine_Kristalle\" >\u015eifal\u0131 ta\u015flar ve kristaller hakk\u0131nda daha fazla bilgi<\/a><\/li><li class='ez-toc-page-1 ez-toc-heading-level-4'><a class=\"ez-toc-link ez-toc-heading-4\" href=\"https:\/\/saphirsmaragd.com\/tr\/urun\/smaragd-tropfen-gruen-0-53-karat\/#Weitere_Infos\" >Daha fazla bilgi<\/a><\/li><\/ul><\/nav><\/div>\n<h4 data-start=\"944\" data-end=\"970\"><span class=\"ez-toc-section\" id=\"Merkmale_Herkunft\"><\/span>\u00d6zellikler ve K\u00f6ken<span class=\"ez-toc-section-end\"><\/span><\/h4>\n<p data-start=\"972\" data-end=\"1205\">Ta\u015f t\u00fcr\u00fc: Z\u00fcmr\u00fct<br data-start=\"989\" data-end=\"992\" \/>Renk: Ye\u015fil<br data-start=\"1003\" data-end=\"1006\" \/>\u015eekil: Damlalar<br data-start=\"1019\" data-end=\"1022\" \/>Gewicht: 0.53 Karat<br data-start=\"1041\" data-end=\"1044\" \/>Abmessungen: ca. 6.9 x 4.9 mm<br data-start=\"1073\" data-end=\"1076\" \/>Men\u015fei: Zambiya<br data-start=\"1092\" data-end=\"1095\" \/>Safl\u0131k: Berrak inkl\u00fczyonlar<br data-start=\"1123\" data-end=\"1126\" \/>Tedavi: Ya\u011flanm\u0131\u015f<br data-start=\"1143\" data-end=\"1146\" \/>G\u00f6zlem: Do\u011fal<br data-start=\"1168\" data-end=\"1171\" \/>Mohs sertli\u011fi: 7,5-8<br data-start=\"1188\" data-end=\"1191\" \/>Durum: Yeni<\/p>\n<hr data-start=\"1207\" data-end=\"1210\" \/>\n<h4 data-start=\"1212\" data-end=\"1233\"><span class=\"ez-toc-section\" id=\"Besonderheiten\"><\/span>\u00d6zel \u00f6zellikler<span class=\"ez-toc-section-end\"><\/span><\/h4>\n<p data-start=\"1235\" data-end=\"1531\">Der Smaragd Tropfen Gr\u00fcn 0.53 Karat zeichnet sich durch seine elegante Tropfenform aus, die besonders h\u00e4ufig f\u00fcr Anh\u00e4nger und feminine Schmuckst\u00fccke verwendet wird. Durch die geschwungene Form entsteht ein harmonisches Lichtspiel, das die nat\u00fcrliche Farbe des Steins optimal zur Geltung bringt.<\/p>\n<p data-start=\"1533\" data-end=\"1748\">Smaragde aus Sambia sind bekannt f\u00fcr ihre intensive gr\u00fcne Farbgebung und gute Transparenz. Die feinen nat\u00fcrlichen Einschl\u00fcsse sind typisch f\u00fcr echte Smaragde und unterstreichen die Authentizit\u00e4t dieses Edelsteins.<\/p>\n<p data-start=\"1750\" data-end=\"1916\">Mit 0.53 Karat eignet sich dieser Stein ideal f\u00fcr dezente, aber hochwertige Schmuckst\u00fccke. Besonders in Gold oder Wei\u00dfgold gefasst entfaltet er seine volle Wirkung.<\/p>\n<hr data-start=\"1670\" data-end=\"1673\" \/>\n<h4 data-start=\"1448\" data-end=\"1473\"><span class=\"ez-toc-section\" id=\"Mehr_uber_Heilsteine_Kristalle\"><\/span>\u015eifal\u0131 ta\u015flar ve kristaller hakk\u0131nda daha fazla bilgi<span class=\"ez-toc-section-end\"><\/span><\/h4>\n<p data-start=\"1475\" data-end=\"1668\"><a class=\"\" href=\"https:\/\/saphirsmaragd.com\/tr\/product-category\/heilsteine-kristalle-kaufen\/\" target=\"_new\" rel=\"noopener\" data-start=\"1571\" data-end=\"1668\">\u015eifal\u0131 ta\u015flar ve kristaller<\/a><\/p>\n<hr data-start=\"1670\" data-end=\"1673\" \/>\n<h4 data-start=\"1675\" data-end=\"1695\"><span class=\"ez-toc-section\" id=\"Weitere_Infos\"><\/span>Daha fazla bilgi<span class=\"ez-toc-section-end\"><\/span><\/h4>\n<p data-start=\"1697\" data-end=\"1801\"><a class=\"\" href=\"https:\/\/de.wikipedia.org\/wiki\/Smaragd\" target=\"_new\" rel=\"noopener\" data-start=\"1741\" data-end=\"1801\">Vikipedi - Z\u00fcmr\u00fct<\/a><\/p>","protected":false},"excerpt":{"rendered":"<p data-start=\"392\" data-end=\"533\"><em>Smaragd Tropfen Gr\u00fcn 0.53 Karat aus Sambia, ge\u00f6lt. Eleganter Tropfenschliff mit nat\u00fcrlicher Ausstrahlung \u2013 ideal f\u00fcr feine Schmuckst\u00fccke.<\/em><\/p>","protected":false},"featured_media":8709,"comment_status":"open","ping_status":"closed","template":"","meta":{"_glsr_average":0,"_glsr_ranking":0,"_glsr_reviews":0},"product_brand":[],"product_cat":[262],"product_tag":[],"class_list":{"0":"post-8708","1":"product","2":"type-product","3":"status-publish","4":"has-post-thumbnail","6":"product_cat-smaragd","7":"pa_edelsteinart-smaragd","8":"pa_farbe-gruen","9":"pa_form-tropfen","10":"pa_gewicht-karat-0-5-1-0-karat","11":"pa_herkunft-sambia","12":"pa_reinheit-deutliche-einschluesse","13":"pa_veredelung-behandlung-geoelt","14":"pa_zustand-neu","16":"first","17":"instock","18":"sold-individually","19":"taxable","20":"shipping-taxable","21":"purchasable","22":"product-type-simple","23":"add-to-wishlist-before_image"},"jetpack_sharing_enabled":true,"_links":{"self":[{"href":"https:\/\/saphirsmaragd.com\/tr\/wp-json\/wp\/v2\/product\/8708","targetHints":{"allow":["GET"]}}],"collection":[{"href":"https:\/\/saphirsmaragd.com\/tr\/wp-json\/wp\/v2\/product"}],"about":[{"href":"https:\/\/saphirsmaragd.com\/tr\/wp-json\/wp\/v2\/types\/product"}],"replies":[{"embeddable":true,"href":"https:\/\/saphirsmaragd.com\/tr\/wp-json\/wp\/v2\/comments?post=8708"}],"version-history":[{"count":2,"href":"https:\/\/saphirsmaragd.com\/tr\/wp-json\/wp\/v2\/product\/8708\/revisions"}],"predecessor-version":[{"id":8711,"href":"https:\/\/saphirsmaragd.com\/tr\/wp-json\/wp\/v2\/product\/8708\/revisions\/8711"}],"wp:featuredmedia":[{"embeddable":true,"href":"https:\/\/saphirsmaragd.com\/tr\/wp-json\/wp\/v2\/media\/8709"}],"wp:attachment":[{"href":"https:\/\/saphirsmaragd.com\/tr\/wp-json\/wp\/v2\/media?parent=8708"}],"wp:term":[{"taxonomy":"product_brand","embeddable":true,"href":"https:\/\/saphirsmaragd.com\/tr\/wp-json\/wp\/v2\/product_brand?post=8708"},{"taxonomy":"product_cat","embeddable":true,"href":"https:\/\/saphirsmaragd.com\/tr\/wp-json\/wp\/v2\/product_cat?post=8708"},{"taxonomy":"product_tag","embeddable":true,"href":"https:\/\/saphirsmaragd.com\/tr\/wp-json\/wp\/v2\/product_tag?post=8708"}],"curies":[{"name":"wp","href":"https:\/\/api.w.org\/{rel}","templated":true}]}}