{"id":8712,"date":"2026-05-01T14:19:00","date_gmt":"2026-05-01T14:19:00","guid":{"rendered":"https:\/\/saphirsmaragd.com\/?post_type=product&#038;p=8712"},"modified":"2026-05-01T14:27:33","modified_gmt":"2026-05-01T14:27:33","slug":"smaragd-herz-gruen-0-88-karat","status":"publish","type":"product","link":"https:\/\/saphirsmaragd.com\/tr\/urun\/smaragd-herz-gruen-0-88-karat\/","title":{"rendered":"Smaragd Herz Gr\u00fcn 0.88 Karat aus Sambia \u2013 Hochwertiger Herzschliff Edelstein"},"content":{"rendered":"<p data-start=\"698\" data-end=\"927\">Der Smaragd Herz Gr\u00fcn 0.88 Karat aus Sambia vereint eine ausdrucksstarke Herzform mit einer intensiven gr\u00fcnen Farbgebung. Dieser Edelstein eignet sich perfekt f\u00fcr emotionale und hochwertige Schmuckst\u00fccke mit besonderer Bedeutung.<\/p>\n<hr data-start=\"929\" data-end=\"932\" \/>\n<div id=\"ez-toc-container\" class=\"ez-toc-v2_0_82_2 counter-hierarchy ez-toc-counter ez-toc-grey ez-toc-container-direction\">\n<div class=\"ez-toc-title-container\">\n<p class=\"ez-toc-title\" style=\"cursor:inherit\">\u0130\u00e7indekiler<\/p>\n<span class=\"ez-toc-title-toggle\"><a href=\"#\" class=\"ez-toc-pull-right ez-toc-btn ez-toc-btn-xs ez-toc-btn-default ez-toc-toggle\" aria-label=\"\u0130\u00e7indekiler Tablosunu A\u00e7\/Kapat\"><span class=\"ez-toc-js-icon-con\"><span class=\"\"><span class=\"eztoc-hide\" style=\"display:none;\">Ge\u00e7i\u015f<\/span><span class=\"ez-toc-icon-toggle-span\"><svg style=\"fill: #999;color:#999\" xmlns=\"http:\/\/www.w3.org\/2000\/svg\" class=\"list-377408\" width=\"20px\" height=\"20px\" viewbox=\"0 0 24 24\" fill=\"none\"><path d=\"M6 6H4v2h2V6zm14 0H8v2h12V6zM4 11h2v2H4v-2zm16 0H8v2h12v-2zM4 16h2v2H4v-2zm16 0H8v2h12v-2z\" fill=\"currentColor\"><\/path><\/svg><svg style=\"fill: #999;color:#999\" class=\"arrow-unsorted-368013\" xmlns=\"http:\/\/www.w3.org\/2000\/svg\" width=\"10px\" height=\"10px\" viewbox=\"0 0 24 24\" version=\"1.2\" baseprofile=\"tiny\"><path d=\"M18.2 9.3l-6.2-6.3-6.2 6.3c-.2.2-.3.4-.3.7s.1.5.3.7c.2.2.4.3.7.3h11c.3 0 .5-.1.7-.3.2-.2.3-.5.3-.7s-.1-.5-.3-.7zM5.8 14.7l6.2 6.3 6.2-6.3c.2-.2.3-.5.3-.7s-.1-.5-.3-.7c-.2-.2-.4-.3-.7-.3h-11c-.3 0-.5.1-.7.3-.2.2-.3.5-.3.7s.1.5.3.7z\"\/><\/svg><\/span><\/span><\/span><\/a><\/span><\/div>\n<nav><ul class='ez-toc-list ez-toc-list-level-1' ><li class='ez-toc-page-1 ez-toc-heading-level-4'><a class=\"ez-toc-link ez-toc-heading-1\" href=\"https:\/\/saphirsmaragd.com\/tr\/urun\/smaragd-herz-gruen-0-88-karat\/#Merkmale_Herkunft\" >\u00d6zellikler ve K\u00f6ken<\/a><\/li><li class='ez-toc-page-1 ez-toc-heading-level-4'><a class=\"ez-toc-link ez-toc-heading-2\" href=\"https:\/\/saphirsmaragd.com\/tr\/urun\/smaragd-herz-gruen-0-88-karat\/#Besonderheiten\" >\u00d6zel \u00f6zellikler<\/a><\/li><li class='ez-toc-page-1 ez-toc-heading-level-4'><a class=\"ez-toc-link ez-toc-heading-3\" href=\"https:\/\/saphirsmaragd.com\/tr\/urun\/smaragd-herz-gruen-0-88-karat\/#Mehr_uber_Heilsteine_Kristalle\" >\u015eifal\u0131 ta\u015flar ve kristaller hakk\u0131nda daha fazla bilgi<\/a><\/li><li class='ez-toc-page-1 ez-toc-heading-level-4'><a class=\"ez-toc-link ez-toc-heading-4\" href=\"https:\/\/saphirsmaragd.com\/tr\/urun\/smaragd-herz-gruen-0-88-karat\/#Weitere_Infos\" >Daha fazla bilgi<\/a><\/li><\/ul><\/nav><\/div>\n<h4 data-start=\"934\" data-end=\"960\"><span class=\"ez-toc-section\" id=\"Merkmale_Herkunft\"><\/span>\u00d6zellikler ve K\u00f6ken<span class=\"ez-toc-section-end\"><\/span><\/h4>\n<p data-start=\"962\" data-end=\"1192\">Ta\u015f t\u00fcr\u00fc: Z\u00fcmr\u00fct<br data-start=\"979\" data-end=\"982\" \/>Renk: Ye\u015fil<br data-start=\"993\" data-end=\"996\" \/>Form: Herz<br data-start=\"1006\" data-end=\"1009\" \/>Gewicht: 0.88 Karat<br data-start=\"1028\" data-end=\"1031\" \/>Abmessungen: ca. 6.1 x 6.4 mm<br data-start=\"1060\" data-end=\"1063\" \/>Men\u015fei: Zambiya<br data-start=\"1079\" data-end=\"1082\" \/>Safl\u0131k: Berrak inkl\u00fczyonlar<br data-start=\"1110\" data-end=\"1113\" \/>Tedavi: Ya\u011flanm\u0131\u015f<br data-start=\"1130\" data-end=\"1133\" \/>G\u00f6zlem: Do\u011fal<br data-start=\"1155\" data-end=\"1158\" \/>Mohs sertli\u011fi: 7,5-8<br data-start=\"1175\" data-end=\"1178\" \/>Durum: Yeni<\/p>\n<hr data-start=\"1194\" data-end=\"1197\" \/>\n<h4 data-start=\"1199\" data-end=\"1220\"><span class=\"ez-toc-section\" id=\"Besonderheiten\"><\/span>\u00d6zel \u00f6zellikler<span class=\"ez-toc-section-end\"><\/span><\/h4>\n<p data-start=\"1222\" data-end=\"1483\">Der Smaragd Herz Gr\u00fcn 0.88 Karat zeichnet sich durch seine seltene Herzform aus, die besonders bei individuellen Schmuckdesigns gefragt ist. Die Form steht symbolisch f\u00fcr Liebe und macht diesen Edelstein ideal f\u00fcr bedeutungsvolle Schmuckst\u00fccke oder Geschenke.<\/p>\n<p data-start=\"1485\" data-end=\"1740\">Mit einem Gewicht von 0.88 Karat bietet dieser Smaragd eine ausgewogene Gr\u00f6\u00dfe, die sowohl in Ringen als auch in Anh\u00e4ngern hervorragend zur Geltung kommt. Die gleichm\u00e4\u00dfige Form sorgt f\u00fcr ein harmonisches Erscheinungsbild und eine elegante Lichtreflexion.<\/p>\n<p data-start=\"1742\" data-end=\"1931\">Smaragde aus Sambia sind bekannt f\u00fcr ihre klare, intensive gr\u00fcne Farbe. Die nat\u00fcrlichen Einschl\u00fcsse sind ein Zeichen f\u00fcr Echtheit und verleihen jedem Stein seinen individuellen Charakter.<\/p>\n<hr data-start=\"1670\" data-end=\"1673\" \/>\n<h4 data-start=\"1448\" data-end=\"1473\"><span class=\"ez-toc-section\" id=\"Mehr_uber_Heilsteine_Kristalle\"><\/span>\u015eifal\u0131 ta\u015flar ve kristaller hakk\u0131nda daha fazla bilgi<span class=\"ez-toc-section-end\"><\/span><\/h4>\n<p data-start=\"1475\" data-end=\"1668\"><a class=\"\" href=\"https:\/\/saphirsmaragd.com\/tr\/product-category\/heilsteine-kristalle-kaufen\/\" target=\"_new\" rel=\"noopener\" data-start=\"1571\" data-end=\"1668\">\u015eifal\u0131 ta\u015flar ve kristaller<\/a><\/p>\n<hr data-start=\"1670\" data-end=\"1673\" \/>\n<h4 data-start=\"1675\" data-end=\"1695\"><span class=\"ez-toc-section\" id=\"Weitere_Infos\"><\/span>Daha fazla bilgi<span class=\"ez-toc-section-end\"><\/span><\/h4>\n<p data-start=\"1697\" data-end=\"1801\"><a class=\"\" href=\"https:\/\/de.wikipedia.org\/wiki\/Smaragd\" target=\"_new\" rel=\"noopener\" data-start=\"1741\" data-end=\"1801\">Vikipedi - Z\u00fcmr\u00fct<\/a><\/p>","protected":false},"excerpt":{"rendered":"<p data-start=\"382\" data-end=\"527\"><em>Smaragd Herz Gr\u00fcn 0.88 Karat aus Sambia, ge\u00f6lt. Ausdrucksstarker Herzschliff mit intensiver gr\u00fcner Farbe \u2013 ideal f\u00fcr besondere Schmuckst\u00fccke.<\/em><\/p>","protected":false},"featured_media":8713,"comment_status":"open","ping_status":"closed","template":"","meta":{"_glsr_average":0,"_glsr_ranking":0,"_glsr_reviews":0},"product_brand":[],"product_cat":[262],"product_tag":[],"class_list":{"0":"post-8712","1":"product","2":"type-product","3":"status-publish","4":"has-post-thumbnail","6":"product_cat-smaragd","7":"pa_edelsteinart-smaragd","8":"pa_farbe-gruen","9":"pa_form-herz","10":"pa_gewicht-karat-0-5-1-0-karat","11":"pa_herkunft-sambia","12":"pa_reinheit-deutliche-einschluesse","13":"pa_veredelung-behandlung-geoelt","14":"pa_zustand-neu","16":"first","17":"instock","18":"sold-individually","19":"taxable","20":"shipping-taxable","21":"purchasable","22":"product-type-simple","23":"add-to-wishlist-before_image"},"jetpack_sharing_enabled":true,"_links":{"self":[{"href":"https:\/\/saphirsmaragd.com\/tr\/wp-json\/wp\/v2\/product\/8712","targetHints":{"allow":["GET"]}}],"collection":[{"href":"https:\/\/saphirsmaragd.com\/tr\/wp-json\/wp\/v2\/product"}],"about":[{"href":"https:\/\/saphirsmaragd.com\/tr\/wp-json\/wp\/v2\/types\/product"}],"replies":[{"embeddable":true,"href":"https:\/\/saphirsmaragd.com\/tr\/wp-json\/wp\/v2\/comments?post=8712"}],"version-history":[{"count":1,"href":"https:\/\/saphirsmaragd.com\/tr\/wp-json\/wp\/v2\/product\/8712\/revisions"}],"predecessor-version":[{"id":8714,"href":"https:\/\/saphirsmaragd.com\/tr\/wp-json\/wp\/v2\/product\/8712\/revisions\/8714"}],"wp:featuredmedia":[{"embeddable":true,"href":"https:\/\/saphirsmaragd.com\/tr\/wp-json\/wp\/v2\/media\/8713"}],"wp:attachment":[{"href":"https:\/\/saphirsmaragd.com\/tr\/wp-json\/wp\/v2\/media?parent=8712"}],"wp:term":[{"taxonomy":"product_brand","embeddable":true,"href":"https:\/\/saphirsmaragd.com\/tr\/wp-json\/wp\/v2\/product_brand?post=8712"},{"taxonomy":"product_cat","embeddable":true,"href":"https:\/\/saphirsmaragd.com\/tr\/wp-json\/wp\/v2\/product_cat?post=8712"},{"taxonomy":"product_tag","embeddable":true,"href":"https:\/\/saphirsmaragd.com\/tr\/wp-json\/wp\/v2\/product_tag?post=8712"}],"curies":[{"name":"wp","href":"https:\/\/api.w.org\/{rel}","templated":true}]}}